{"id":907,"date":"2024-03-20T00:44:16","date_gmt":"2024-03-19T23:44:16","guid":{"rendered":"https:\/\/eltel.shop\/?post_type=product&#038;p=907"},"modified":"2025-08-27T10:41:50","modified_gmt":"2025-08-27T09:41:50","slug":"galaxy-s24-plus-256gb-12gb","status":"publish","type":"product","link":"https:\/\/eltel.shop\/en\/boutique\/tous-telephones\/galaxy-s24-plus-256gb-12gb\/","title":{"rendered":"Galaxy S24+ 5G 256GB\/12GB &#8211; 50MP+10MP+12MP\/12MP &#8211; 4900mAh &#8211; garantie 12 mois (neuf)"},"content":{"rendered":"<h2 style=\"font-size: 85%;\"><strong>Sp\u00e9cification compl\u00e8te du Galaxy S24+<\/strong><\/h2>\n<p style=\"font-size: 60%;\">-Marque: SAMSUNG<br \/>\n-Mod\u00e8le: Galaxy S24+<br \/>\n-Sortie: janvier 2024<\/p>\n<p style=\"font-size: 60%;\">\u2022<strong>CARACT\u00c9RISTIQUES PHYSIQUES:<\/strong><br \/>\n-Dimensions: 158.5\u00d775.9\u00d77.7 mm<br \/>\n-Poids: 196 gr<br \/>\n-Carte SIM: Nano-SIM et eSIM ou Dual SIM (2 Nano-SIMs and eSIM, dual stand-by)<br \/>\n-Mat\u00e9riaux: Fa\u00e7ade et arri\u00e8re en verre, cadre m\u00e9tallique<br \/>\n-Couleur: Noir onyx, gris marbre, violet cobalt, jaune ambre, vert jade, orange gr\u00e8s, bleu saphir.<\/p>\n<p style=\"font-size: 60%;\">\u2022<strong>ECRAN et AFFICHAGE:<\/strong><br \/>\n-Type: Dynamic LTPO AMOLED 2X, HDR10+, 2600 nits (peak)<br \/>\n-Taille: 6,7 pouces<br \/>\n-R\u00e9solution: 1440\u00d73120 pixels<br \/>\n-Fr\u00e9quence d&rsquo;affichage: 120Hz<br \/>\n&#8211; Protection: Verre Gorilla Victus 2<\/p>\n<p style=\"font-size: 60%;\">\u2022<strong>PLATEFORME:<\/strong><br \/>\n-Syst\u00e8me d`exploitation: One UI 6.1 Android 14<br \/>\n-Navigateur Web: HTML5<br \/>\n-Chipset: Qualcomm SM8650-AC Snapdragon 8 Gen 3 (4 nm) &#8211; USA\/Canada\/China<br \/>\nExynos 2400 (4 nm) &#8211; International<br \/>\n-Processeur (CPU): 8-core (1\u00d73.39GHz Cortex-X4 &amp; 3\u00d73.1GHz Cortex-A720 &amp; 2\u00d72.9GHz Cortex-A720 &amp; 2\u00d72.2GHz Cortex-A520)<br \/>\n10-core (1\u00d73.2GHz Cortex-X4 &amp; 2\u00d72.9GHz Cortex-A720 &amp; 3\u00d72.6GHz Cortex-A720 &amp; 4\u00d71.95GHz Cortex-A520)<br \/>\n-Processeur graphique (GPU): Adreno 750 (1 GHz) &#8211; USA\/Canada\/China<br \/>\nXclipse 940 &#8211; International<\/p>\n<p style=\"font-size: 60%;\">\u2022<strong>R\u00c9SEAU et CONNECTIVIT\u00c9:<\/strong><br \/>\n-Reseau cellulaire: GSM\/HSPA\/CDMA\/EVDO\/LTE\/5G<br \/>\n-WLAN: Wifi 802.11 a\/b\/g\/n\/ac\/6e; Tri-band, Wi-Fi direct, Hotspot<br \/>\n-Bluetooth: 5.3, A2DP, LE<br \/>\n-Localisation: GPS, GLONASS, GALILEO,BDS<br \/>\n-NFC: oui<br \/>\n-USB: Type-C 3.2<br \/>\n-Capteurs: empreinte digitale (mont\u00e9e sous l&rsquo;ecran), acc\u00e9l\u00e9rom\u00e8tre, proximit\u00e9<\/p>\n<p style=\"font-size: 60%;\">\u2022<strong>MEMOIRE et STOCKAGE:<\/strong><br \/>\n-M\u00e9moire interne: 128GB 8GB RAM, 256GB 8GB RAM, 256GB 12GB RAM, 512GB 8GB RAM<br \/>\n-Carte m\u00e9moire: non<\/p>\n<p style=\"font-size: 60%;\">\u2022<strong>PHOTO et VIDEO:<\/strong><br \/>\n-Camera Arri\u00e8re: 50MP+10MP+12MP<br \/>\nFlash arri\u00e8re LED, HDR, panorama<br \/>\nVideo: 8K \u00e0 24\/30ips, 4K \u00e0 30\/60ips, 1080p \u00e0 30\/60\/240ips, HDR10+, stereo sound rec., gyro-EIS<br \/>\n-Camera Avant: 12MP<br \/>\nDual video call, Auto-HDR, HDR10+<br \/>\nVideo: 4K \u00e0 30\/60ips, 1080p \u00e0 30ips<\/p>\n<p style=\"font-size: 60%;\"><strong>\u2022AUDIO et SON:<\/strong><br \/>\n-Radio Fm: non<br \/>\n-Haut parleur: oui avec stereo<\/p>\n<p style=\"font-size: 60%;\">\u2022<strong>CHARGE et AUTONOMIE:<\/strong><br \/>\n-Batterie: Li-Po 4900mAh non amovible<br \/>\n-Mise en charge: 45w filaire, 15w sans fil, 4,5 invers\u00e9 sans fil<\/p>","protected":false},"excerpt":{"rendered":"<ul style=\"font-size: 70%;\">\n<li>Marque: <strong>SAMSUNG<\/strong><\/li>\n<li>Mod\u00e8le: <strong>Galaxy S24+<\/strong><\/li>\n<li>Taille d&rsquo;\u00e9cran:<strong> 6,7 pouces<\/strong><\/li>\n<li>Stockage: <strong>256Go\u00a0<\/strong><\/li>\n<li>M\u00e9moire vive: <strong>12Go\u00a0<\/strong><\/li>\n<li>Syst\u00e8me d\u2019exploitation: <strong>Android 14; One 6.1<\/strong><\/li>\n<li>Puces: <strong>DUAL nano sim<\/strong><\/li>\n<li>Cam\u00e9ra arri\u00e8re: <strong>50MP+10MP+12MP<\/strong><\/li>\n<li>Camera avant:<strong> 12MP<\/strong><\/li>\n<li>R\u00e9seau: <strong>2G, 3G, 4G, 5G<\/strong><\/li>\n<li>Connectivit\u00e9: <strong>Bluetooth, wifi, usb type C<\/strong><\/li>\n<li>Batterie:<strong> 4900mAh<\/strong><\/li>\n<li>Couleur: <strong>noir, violet, jaune, vert&#8230;<\/strong><\/li>\n<\/ul>","protected":false},"featured_media":982,"comment_status":"open","ping_status":"closed","template":"","meta":[],"product_brand":[],"product_cat":[67,44],"product_tag":[],"class_list":{"0":"post-907","1":"product","2":"type-product","3":"status-publish","4":"has-post-thumbnail","6":"product_cat-tous-telephones","7":"product_cat-samsung-phone","9":"first","10":"instock","11":"shipping-taxable","12":"purchasable","13":"product-type-simple"},"jetpack_sharing_enabled":true,"_links":{"self":[{"href":"https:\/\/eltel.shop\/en\/wp-json\/wp\/v2\/product\/907","targetHints":{"allow":["GET"]}}],"collection":[{"href":"https:\/\/eltel.shop\/en\/wp-json\/wp\/v2\/product"}],"about":[{"href":"https:\/\/eltel.shop\/en\/wp-json\/wp\/v2\/types\/product"}],"replies":[{"embeddable":true,"href":"https:\/\/eltel.shop\/en\/wp-json\/wp\/v2\/comments?post=907"}],"wp:featuredmedia":[{"embeddable":true,"href":"https:\/\/eltel.shop\/en\/wp-json\/wp\/v2\/media\/982"}],"wp:attachment":[{"href":"https:\/\/eltel.shop\/en\/wp-json\/wp\/v2\/media?parent=907"}],"wp:term":[{"taxonomy":"product_brand","embeddable":true,"href":"https:\/\/eltel.shop\/en\/wp-json\/wp\/v2\/product_brand?post=907"},{"taxonomy":"product_cat","embeddable":true,"href":"https:\/\/eltel.shop\/en\/wp-json\/wp\/v2\/product_cat?post=907"},{"taxonomy":"product_tag","embeddable":true,"href":"https:\/\/eltel.shop\/en\/wp-json\/wp\/v2\/product_tag?post=907"}],"curies":[{"name":"wp","href":"https:\/\/api.w.org\/{rel}","templated":true}]}}