{"id":902,"date":"2024-03-20T00:04:17","date_gmt":"2024-03-19T23:04:17","guid":{"rendered":"https:\/\/eltel.shop\/?post_type=product&#038;p=902"},"modified":"2025-08-27T10:42:57","modified_gmt":"2025-08-27T09:42:57","slug":"galaxy-s23-plus-256gb-8gb","status":"publish","type":"product","link":"https:\/\/eltel.shop\/en\/boutique\/tous-telephones\/galaxy-s23-plus-256gb-8gb\/","title":{"rendered":"Galaxy S23+ &#8211; 256GB\/8GB &#8211; 2sim &#8211; 50MP+10MP+12MP\/12MP &#8211; 4700mAh &#8211; garantie 12 mois (neuf)"},"content":{"rendered":"<h2 style=\"font-size: 85%;\"><strong>Sp\u00e9cification compl\u00e8te du Galaxy S23+<\/strong><\/h2>\n<p style=\"font-size: 60%;\">-Marque: SAMSUNG<br \/>\n-Mod\u00e8le: Galaxy S23 plus<br \/>\n-Sortie: f\u00e9vrier 2023<\/p>\n<p style=\"font-size: 60%;\"><strong>\u2022CARACT\u00c9RISTIQUES PHYSIQUE:<\/strong><br \/>\n-Dimensions: 157.8\u00d776.2\u00d77.6 mm<br \/>\n-Poids: 196 gr<br \/>\n-Carte SIM: Nano-SIM et eSIM ou Dual SIM (2 Nano-SIMs and eSIM, dual stand-by)<br \/>\n-Mat\u00e9riaux: Fa\u00e7ade et arri\u00e8re en verre, cadre m\u00e9tallique<br \/>\n-Couleur: Noir fant\u00f4me, cr\u00e8me, vert, lavande, graphite, citron vert<\/p>\n<p style=\"font-size: 60%;\"><strong>\u2022ECRAN et AFFICHAGE:<\/strong><br \/>\n-Type: Dynamic AMOLED 2X, HDR10+, 1200 nits (HBM), 1750 nits (peak)<br \/>\n-Taille: 6.6 pouces<br \/>\n-R\u00e9solution: 1080\u00d72340 pixels<br \/>\n-Fr\u00e9quence d&rsquo;affichage: 120Hz<br \/>\n-Protection: Verre Gorilla Victus 2<\/p>\n<p style=\"font-size: 60%;\"><strong>\u2022PLATE-FORME:<\/strong><br \/>\n-Syst\u00e8me d`exploitation: One 6.0 Android 13-14<br \/>\n-Navigateur: HTML5<br \/>\n-Chipset: Qualcomm SM8550-AC Snapdragon 8 Gen 2 (4 nm)<br \/>\n-Processeur: Octa-core (1\u00d73.36 GHz Cortex-X3 &amp; 2\u00d72.8 GHz Cortex-A715 &amp; 2\u00d72.8 GHz Cortex-A710 &amp; 3\u00d72.0 GHz Cortex-A510)<br \/>\n-GPU: Adreno 740<\/p>\n<p style=\"font-size: 60%;\"><strong>*R\u00c9SEAU et CONNECTIVIT\u00c9:<\/strong><br \/>\n-R\u00e9seau cellulaire: GSM\/HSPA\/LTE\/CDMA\/EVDO\/5G<br \/>\n-WLAN: Wifi 802.11 a\/b\/g\/n\/ac\/6e; Tri-band, Wi-Fi direct, Hotspot<br \/>\n-Bluetooth: 5.3, A2DP, LE<br \/>\n-Localisation: GPS, GLONASS, GALILEO,BDS<br \/>\n-NFC: oui<br \/>\n-USB: Type-C 3.2 OTG<br \/>\n-Capteurs: empreinte digitale (mont\u00e9e sous l&rsquo;\u00e9cran), acc\u00e9l\u00e9rom\u00e8tre, gyroscope, proximit\u00e9, boussole<br \/>\n-Port infrarouge:<\/p>\n<p style=\"font-size: 60%;\">\u2022<strong>M\u00c9MOIRE et STOCKAGE:<\/strong><br \/>\n-Stockage interne: 128GB 8GB RAM, 256GB 8GB RAM, 512GB 8GB RAM<br \/>\n-Carte m\u00e9moire: non<br \/>\n*\u2022PHOTO et VIDEO:*<br \/>\n-Camera Arri\u00e8re: 50MP+10MP+12MP<br \/>\nFlash arri\u00e8re bicolore \u00e0 double LED, HDR, panorama<br \/>\nVideo: 8K \u00e0 24\/30ips, 4K \u00e0 30\/60fps, 1080p \u00e0 30\/60\/240ips, 1080p \u00e0 960ips,<br \/>\n-Camera Avant: 12MP<br \/>\nVideo: 4K \u00e0 30\/60ips, 1080p \u00e0 30ips<\/p>\n<p style=\"font-size: 60%;\">\u2022<strong>AUDIO et SON:<\/strong><br \/>\n-Radio: non<br \/>\n-Haut parleur: oui avec st\u00e9r\u00e9o<br \/>\n-Prise Jack 3,5 mm: non<\/p>\n<p style=\"font-size: 60%;\">\u2022<strong>AUTONOMIE et CHARGE<\/strong>:<br \/>\n-Batterie: Li-Po 4700mAh non amovible<br \/>\n-Mise en charge: 45w filaire, 15w sans fil, 4,5w invers\u00e9 sans fil<\/p>","protected":false},"excerpt":{"rendered":"<ul style=\"font-size: 70%;\">\n<li>Marque: <strong>SAMSUNG<\/strong><\/li>\n<li>Mod\u00e8le: <strong>Galaxy S23 +<\/strong><\/li>\n<li>Taille d&rsquo;\u00e9cran:<strong> 6,6 pouces<\/strong><\/li>\n<li>Stockage: <strong>256Go\u00a0<\/strong><\/li>\n<li>M\u00e9moire vive: <strong>8Go\u00a0<\/strong><\/li>\n<li>Syst\u00e8me d\u2019exploitation: <strong>Android 13-14; One 6.0<\/strong><\/li>\n<li>Puces: <strong>DUAL nano sim<\/strong><\/li>\n<li>Cam\u00e9ra arri\u00e8re: <strong>50MP+10MP+12MP<\/strong><\/li>\n<li>Camera avant:<strong> 12MP<\/strong><\/li>\n<li>R\u00e9seau: <strong>2G, 3G, 4G, 5G<\/strong><\/li>\n<li>Connectivit\u00e9: <strong>Bluetooth, wifi, usb type C<\/strong><\/li>\n<li>Batterie:<strong> 4700mAh<\/strong><\/li>\n<li>Couleur: <strong>noir, cr\u00e8me, vert<\/strong><\/li>\n<\/ul>","protected":false},"featured_media":1001,"comment_status":"open","ping_status":"closed","template":"","meta":[],"product_brand":[],"product_cat":[67,44],"product_tag":[],"class_list":{"0":"post-902","1":"product","2":"type-product","3":"status-publish","4":"has-post-thumbnail","6":"product_cat-tous-telephones","7":"product_cat-samsung-phone","9":"first","10":"instock","11":"shipping-taxable","12":"purchasable","13":"product-type-simple"},"jetpack_sharing_enabled":true,"_links":{"self":[{"href":"https:\/\/eltel.shop\/en\/wp-json\/wp\/v2\/product\/902","targetHints":{"allow":["GET"]}}],"collection":[{"href":"https:\/\/eltel.shop\/en\/wp-json\/wp\/v2\/product"}],"about":[{"href":"https:\/\/eltel.shop\/en\/wp-json\/wp\/v2\/types\/product"}],"replies":[{"embeddable":true,"href":"https:\/\/eltel.shop\/en\/wp-json\/wp\/v2\/comments?post=902"}],"wp:featuredmedia":[{"embeddable":true,"href":"https:\/\/eltel.shop\/en\/wp-json\/wp\/v2\/media\/1001"}],"wp:attachment":[{"href":"https:\/\/eltel.shop\/en\/wp-json\/wp\/v2\/media?parent=902"}],"wp:term":[{"taxonomy":"product_brand","embeddable":true,"href":"https:\/\/eltel.shop\/en\/wp-json\/wp\/v2\/product_brand?post=902"},{"taxonomy":"product_cat","embeddable":true,"href":"https:\/\/eltel.shop\/en\/wp-json\/wp\/v2\/product_cat?post=902"},{"taxonomy":"product_tag","embeddable":true,"href":"https:\/\/eltel.shop\/en\/wp-json\/wp\/v2\/product_tag?post=902"}],"curies":[{"name":"wp","href":"https:\/\/api.w.org\/{rel}","templated":true}]}}