{"id":900,"date":"2024-03-19T23:35:30","date_gmt":"2024-03-19T22:35:30","guid":{"rendered":"https:\/\/eltel.shop\/?post_type=product&#038;p=900"},"modified":"2025-08-28T10:20:37","modified_gmt":"2025-08-28T09:20:37","slug":"galaxy-s23-fe-128gb-8gb","status":"publish","type":"product","link":"https:\/\/eltel.shop\/en\/boutique\/tous-telephones\/galaxy-s23-fe-128gb-8gb\/","title":{"rendered":"Galaxy S23 FE &#8211; 128GB\/8GB &#8211; 2sim &#8211; 50MP+12MP+8MP\/10MP &#8211; 4500mAh &#8211; garantie 12 mois (neuf)"},"content":{"rendered":"<h2 style=\"font-size: 85%;\"><strong>Sp\u00e9cification compl\u00e8te du Galaxy S23 FE<\/strong><\/h2>\n<p style=\"font-size: 60%;\">-Marque: SAMSUNG<br \/>\n-Mod\u00e8le: Galaxy S23 FE<br \/>\n-Sortie: octobre 2023<\/p>\n<p style=\"font-size: 60%;\">\u2022<strong>CARACT\u00c9RISTIQUES PHYSIQUES:<\/strong><br \/>\n-Dimensions: 158\u00d776.5\u00d78.2 mm<br \/>\n-Poids: 209 gr<br \/>\n-Carte SIM: dual Nano-SIM ou nano sim et eSIM<br \/>\n-Mat\u00e9riaux: Fa\u00e7ade et arri\u00e8re en verre, cadre en aluminium<br \/>\n-Couleur: Menthe, Cr\u00e8me, Graphite, Violet, Indigo, Mandarine<\/p>\n<p style=\"font-size: 60%;\">\u2022<strong>ECRAN et AFFICHAGE:<\/strong><br \/>\n-Type: Dynamic AMOLED 2X, HDR10+, 1450 nits (peak)<br \/>\n-Taille: 6,4 pouces<br \/>\n-R\u00e9solution: 1080\u00d72340 pixels<br \/>\n-Fr\u00e9quence d&rsquo;affichage: 120Hz<br \/>\n&#8211; Protection: Verre Gorilla 5<\/p>\n<p style=\"font-size: 60%;\"><strong>\u2022PLATEFORME:<\/strong><br \/>\n-Syst\u00e8me d`exploitation: Android 13-14 One UI 6.0<br \/>\n-Navigateur Web: HTML5<br \/>\n-Chipset: Exynos 2200 (4 nm) &#8211; International<br \/>\nQualcomm SM8450 Snapdragon 8 Gen 1 (4 nm) &#8211; USA<br \/>\n-Processeur (CPU):Octa-core (1&#215;2.8 GHz Cortex-X2 &amp; 3&#215;2.50 GHz Cortex-A710 &amp; 4&#215;1.8 GHz Cortex-A510) &#8211; International<br \/>\nOcta-core (1\u00d73.00 GHz Cortex-X2 &amp; 3\u00d72.50 GHz Cortex-A710 &amp; 4\u00d71.80 GHz Cortex-A510) &#8211; USA<br \/>\n-Processeur graphique (GPU): Xclipse 920 &#8211; International<br \/>\nAdreno 730 &#8211; USA<\/p>\n<p style=\"font-size: 60%;\">\u2022<strong>R\u00c9SEAU et CONNECTIVIT\u00c9:<\/strong><br \/>\n-R\u00e9seau cellulaire: GSM\/HSPA\/LTE<br \/>\n-WLAN: Wifi 802.11 a\/b\/g\/n\/ac\/6e; Dual band, Hotspot<br \/>\n-Bluetooth: 5.3, A2DP, LE<br \/>\n-Localisation: GPS, GLONASS, GALILEO,BDS<br \/>\n-NFC: oui<br \/>\n-USB: Type-C 3.2 OTG<br \/>\n-Capteurs: empreinte digitale (mont\u00e9e sous l&rsquo;\u00e9cran), acc\u00e9l\u00e9rom\u00e8tre, proximit\u00e9<\/p>\n<p style=\"font-size: 60%;\">\u2022<strong>MEMOIRE et STOCKAGE:<\/strong><br \/>\n-M\u00e9moire interne: 128GB 8GB RAM, 256GB 8GB RAM<br \/>\n-Carte m\u00e9moire: non<br \/>\n*\u2022PHOTO et VIDEO:*<br \/>\n-Camera Arri\u00e8re: 50MP+12MP+8MP<br \/>\nFlash arri\u00e8re LED, HDR, panorama<br \/>\nVideo: 8K \u00e0 24ips, 4K \u00e0 30\/60ips, 1080p 30\/60\/120\/240ips, 720p 960ips<br \/>\n-Camera Avant: 10MP<br \/>\nHDR<br \/>\nVideo: 4K 30\/60ips, 1080p 30\/60ips; gyro-EIS<\/p>\n<p style=\"font-size: 60%;\"><strong>\u2022AUDIO et SON:<\/strong><br \/>\n-Radio FM:&#8212;<br \/>\n-Haut parleur: oui avec stereo<br \/>\n-Prise Jack 3,5 mm: non<\/p>\n<p style=\"font-size: 60%;\">\u2022<strong>CHARGE et AUTONOMIE:<\/strong><br \/>\n-Batterie: Li-Ion 4500mAh non amovible<br \/>\n-Mise en charge: 25w filaire, 15w sans fil<\/p>","protected":false},"excerpt":{"rendered":"<ul style=\"font-size: 70%;\">\n<li>Marque: <strong>SAMSUNG<\/strong><\/li>\n<li>Mod\u00e8le: <strong>Galaxy S23 FE<\/strong><\/li>\n<li>Taille d&rsquo;\u00e9cran:<strong> 6,4 pouces<\/strong><\/li>\n<li>Stockage: <strong>128Go\u00a0<\/strong><\/li>\n<li>M\u00e9moire vive: <strong>8Go\u00a0<\/strong><\/li>\n<li>Syst\u00e8me d\u2019exploitation: <strong>Android 13-14; One 6.0<\/strong><\/li>\n<li>Puces: <strong>DUAL nano sim<\/strong><\/li>\n<li>Cam\u00e9ra arri\u00e8re: <strong>50MP+12MP+8MP<\/strong><\/li>\n<li>Camera avant:<strong> 10MP<\/strong><\/li>\n<li>R\u00e9seau: <strong>2G, 3G, 4G, 5G<\/strong><\/li>\n<li>Connectivit\u00e9: <strong>Bluetooth, wifi, usb type C<\/strong><\/li>\n<li>Batterie:<strong> 4500mAh<\/strong><\/li>\n<li>Couleur: <strong>menthe, cr\u00e8me, violet&#8230;<\/strong><\/li>\n<\/ul>","protected":false},"featured_media":1011,"comment_status":"open","ping_status":"closed","template":"","meta":[],"product_brand":[],"product_cat":[67,44],"product_tag":[],"class_list":{"0":"post-900","1":"product","2":"type-product","3":"status-publish","4":"has-post-thumbnail","6":"product_cat-tous-telephones","7":"product_cat-samsung-phone","9":"first","10":"instock","11":"shipping-taxable","12":"purchasable","13":"product-type-simple"},"jetpack_sharing_enabled":true,"_links":{"self":[{"href":"https:\/\/eltel.shop\/en\/wp-json\/wp\/v2\/product\/900","targetHints":{"allow":["GET"]}}],"collection":[{"href":"https:\/\/eltel.shop\/en\/wp-json\/wp\/v2\/product"}],"about":[{"href":"https:\/\/eltel.shop\/en\/wp-json\/wp\/v2\/types\/product"}],"replies":[{"embeddable":true,"href":"https:\/\/eltel.shop\/en\/wp-json\/wp\/v2\/comments?post=900"}],"wp:featuredmedia":[{"embeddable":true,"href":"https:\/\/eltel.shop\/en\/wp-json\/wp\/v2\/media\/1011"}],"wp:attachment":[{"href":"https:\/\/eltel.shop\/en\/wp-json\/wp\/v2\/media?parent=900"}],"wp:term":[{"taxonomy":"product_brand","embeddable":true,"href":"https:\/\/eltel.shop\/en\/wp-json\/wp\/v2\/product_brand?post=900"},{"taxonomy":"product_cat","embeddable":true,"href":"https:\/\/eltel.shop\/en\/wp-json\/wp\/v2\/product_cat?post=900"},{"taxonomy":"product_tag","embeddable":true,"href":"https:\/\/eltel.shop\/en\/wp-json\/wp\/v2\/product_tag?post=900"}],"curies":[{"name":"wp","href":"https:\/\/api.w.org\/{rel}","templated":true}]}}