{"id":897,"date":"2024-03-19T22:53:34","date_gmt":"2024-03-19T21:53:34","guid":{"rendered":"https:\/\/eltel.shop\/?post_type=product&#038;p=897"},"modified":"2025-08-28T10:18:10","modified_gmt":"2025-08-28T09:18:10","slug":"galaxy-s22-ultra-128gb-8gb","status":"publish","type":"product","link":"https:\/\/eltel.shop\/en\/boutique\/tous-telephones\/galaxy-s22-ultra-128gb-8gb\/","title":{"rendered":"Galaxy S22 Ultra &#8211; 128GB\/8GB &#8211; 2sim &#8211; 108MP+10MP+10MP+12MP\/40MP &#8211; 5000mAh &#8211; garantie 12 mois (remis \u00e0 neuf)"},"content":{"rendered":"<h2 style=\"font-size: 85%;\"><strong>Sp\u00e9cification compl\u00e8te du Galaxy S22 Ultra<\/strong><\/h2>\n<p style=\"font-size: 60%;\">-Marque: SAMSUNG<br \/>\n-Mod\u00e8le: Galaxy S22 Ultra 5G<br \/>\n-Sortie: f\u00e9vrier 2022<\/p>\n<p style=\"font-size: 60%;\">\u2022<strong>CARACT\u00c9RISTIQUES PHYSIQUE:<\/strong><br \/>\n&#8211; Dimensions: 163.3\u00d777.9\u00d78.9 mm<br \/>\n&#8211; Poids: 228 gr<br \/>\n-Carte SIM: Nano-SIM et eSIM ou Dual SIM (2 Nano-SIMs and eSIM, dual stand-by)<br \/>\n&#8211; Mat\u00e9riaux: Fa\u00e7ade et arri\u00e8re en verre, cadre m\u00e9tallique<br \/>\n&#8211; Couleur: Noir fant\u00f4me, blanc, or rose, vert, graphite, bleu ciel, violet, cr\u00e8me, violet Bora<\/p>\n<p style=\"font-size: 60%;\">\u2022<strong>ECRAN et AFFICHAGE:<\/strong><br \/>\nType: Dynamic AMOLED 2X, HDR10+, 1750 nits (peak)<br \/>\nTaille: 6,8 pouces<br \/>\nR\u00e9solution: 1440\u00d73088 pixels<br \/>\nFr\u00e9quence d&rsquo;affichage: 120Hz<br \/>\nProtection: Verre Gorilla Victus+<\/p>\n<p style=\"font-size: 60%;\"><strong>\u2022PLATE-FORME:<\/strong><br \/>\nSyst\u00e8me d`exploitation: One UI 6.0 Android 12-14<br \/>\nExplorateur: HTML5<br \/>\nChipset: Exynos 2200 (4 nm) &#8211; Europe<br \/>\nQualcomm SM8450 Snapdragon 8 Gen 1 (4 nm) &#8211; ROW<br \/>\nProcesseur: Octa-core (1\u00d72.8 GHz Cortex-X2 &amp; 3\u00d72.50 GHz Cortex-A710 &amp; 4\u00d71.8 GHz Cortex-A510) &#8211; Europe<br \/>\nOcta-core (1\u00d73.00 GHz Cortex-X2 &amp; 3\u00d72.50 GHz Cortex-A710 &amp; 4\u00d71.80 GHz Cortex-A510) &#8211; ROW<br \/>\nGPU: Xclipse 920 &#8211; Europe<br \/>\nAdreno 730 &#8211; ROW<\/p>\n<p style=\"font-size: 60%;\"><strong>*R\u00c9SEAU et CONNECTIVIT\u00c9:<\/strong><br \/>\nR\u00e9seau cellulaire: GSM\/CDMA\/HSPA\/LTE\/EVDO\/5G<br \/>\nWifi: 802.11 a\/b\/g\/n\/ac\/6e; Dual band, Wi-Fi direct hotspot<br \/>\nBluetooth: 5.2, A2DP, LE<br \/>\nGPS: A-GPS, GLONASS, GALILEO,BDS<br \/>\nNFC: oui<br \/>\nUSB: Type-C 3.2 OTG<br \/>\nCapteurs: empreinte digitale (mont\u00e9e sous l&rsquo;ecran), acc\u00e9l\u00e9rom\u00e8tre, gyroscope, proximit\u00e9, boussole<\/p>\n<p style=\"font-size: 60%;\">\u2022<strong>MEMOIRE et STOCKAGE:<\/strong><br \/>\nStockage interne: 128GB 8GB RAM, 256GB 12GB RAM, 512GB 12GB RAM, 1TB 12GB RAM<br \/>\nCarte m\u00e9moire: non<\/p>\n<p style=\"font-size: 60%;\">\u2022<strong>PHOTO et VIDEO:<\/strong><br \/>\n&#8211; Camera Arri\u00e8re: 108MP+10MP+10MP+12MP<br \/>\nFlash arri\u00e8re bicolore \u00e0 double LED, HDR, panorama<br \/>\nVideo: 8K \u00e0 24ips, 4K \u00e0 30\/60ips, 1080p \u00e0 30\/60\/240ips, 720p \u00e0 960ips, HDR10+, stereo sound rec., gyro-EIS<br \/>\n&#8211; Camera Avant: 40MP<br \/>\nDual video call, Auto-HDR<br \/>\nVideo: 4K \u00e0 30\/60ips, 1080p \u00e0 30ips<\/p>\n<p style=\"font-size: 60%;\">\u2022<strong>AUDIO et SON:<\/strong><br \/>\n&#8211; Haut parleur: oui avec stereo<br \/>\n&#8211; Prise Jack 3,5 mm: non<\/p>\n<p style=\"font-size: 60%;\">\u2022<strong>CHARGE et AUTONOMIE<\/strong>:<br \/>\n&#8211; Batterie: 5000mAh non amovible<br \/>\n&#8211; Mise en charge: 25w filaire, 15w sans fil, 4,5 invers\u00e9 sans fil<\/p>","protected":false},"excerpt":{"rendered":"<ul style=\"font-size: 70%;\">\n<li>Marque: <strong>SAMSUNG<\/strong><\/li>\n<li>Mod\u00e8le: <strong>Galaxy S22 Ultra<\/strong><\/li>\n<li>Taille d&rsquo;\u00e9cran:<strong> 6,8 pouces<\/strong><\/li>\n<li>Stockage: <strong>128Go\u00a0<\/strong><\/li>\n<li>M\u00e9moire vive: <strong>8Go\u00a0<\/strong><\/li>\n<li>Syst\u00e8me d\u2019exploitation: <strong>Android 12-14; One 6.0<\/strong><\/li>\n<li>Puces: <strong>DUAL nano sim<\/strong><\/li>\n<li>Cam\u00e9ra arri\u00e8re: <strong>108MP+10MP+10MP+12MP<\/strong><\/li>\n<li>Camera avant:<strong> 40MP<\/strong><\/li>\n<li>R\u00e9seau: <strong>2G, 3G, 4G, 5G<\/strong><\/li>\n<li>Connectivit\u00e9: <strong>Bluetooth, wifi, usb type C<\/strong><\/li>\n<li>Batterie:<strong> 5000mAh<\/strong><\/li>\n<li>Couleur: <strong>noir,blanc, bleu, rose<\/strong><\/li>\n<\/ul>","protected":false},"featured_media":1024,"comment_status":"open","ping_status":"closed","template":"","meta":[],"product_brand":[],"product_cat":[67,44],"product_tag":[],"class_list":{"0":"post-897","1":"product","2":"type-product","3":"status-publish","4":"has-post-thumbnail","6":"product_cat-tous-telephones","7":"product_cat-samsung-phone","9":"first","10":"instock","11":"shipping-taxable","12":"purchasable","13":"product-type-simple"},"jetpack_sharing_enabled":true,"_links":{"self":[{"href":"https:\/\/eltel.shop\/en\/wp-json\/wp\/v2\/product\/897","targetHints":{"allow":["GET"]}}],"collection":[{"href":"https:\/\/eltel.shop\/en\/wp-json\/wp\/v2\/product"}],"about":[{"href":"https:\/\/eltel.shop\/en\/wp-json\/wp\/v2\/types\/product"}],"replies":[{"embeddable":true,"href":"https:\/\/eltel.shop\/en\/wp-json\/wp\/v2\/comments?post=897"}],"wp:featuredmedia":[{"embeddable":true,"href":"https:\/\/eltel.shop\/en\/wp-json\/wp\/v2\/media\/1024"}],"wp:attachment":[{"href":"https:\/\/eltel.shop\/en\/wp-json\/wp\/v2\/media?parent=897"}],"wp:term":[{"taxonomy":"product_brand","embeddable":true,"href":"https:\/\/eltel.shop\/en\/wp-json\/wp\/v2\/product_brand?post=897"},{"taxonomy":"product_cat","embeddable":true,"href":"https:\/\/eltel.shop\/en\/wp-json\/wp\/v2\/product_cat?post=897"},{"taxonomy":"product_tag","embeddable":true,"href":"https:\/\/eltel.shop\/en\/wp-json\/wp\/v2\/product_tag?post=897"}],"curies":[{"name":"wp","href":"https:\/\/api.w.org\/{rel}","templated":true}]}}