{"id":8936,"date":"2025-12-12T10:43:25","date_gmt":"2025-12-12T09:43:25","guid":{"rendered":"https:\/\/eltel.shop\/?post_type=product&#038;p=8936"},"modified":"2026-04-09T12:35:52","modified_gmt":"2026-04-09T11:35:52","slug":"pixel-10-5g-128gb-12gb","status":"publish","type":"product","link":"https:\/\/eltel.shop\/en\/boutique\/tous-telephones\/pixel-10-5g-128gb-12gb\/","title":{"rendered":"Pixel 10 5G \u2013 128GB\/12GB \u2013 48MP+13MP+10MP\/10.5MP \u2013 4970mAh \u2013 12-month warranty (new)"},"content":{"rendered":"<h2 style=\"font-size: 90%; text-align: center;\"><strong>Sp\u00e9cification du Pixel 10 5G<\/strong><\/h2>\n<p style=\"font-size: 60%;\">\u2022<strong>IDENTIFICATION:<\/strong><br \/>\n&#8211; Marque: GOOGLE<br \/>\n&#8211; Mod\u00e8le: Pixel 10<br \/>\n&#8211; Sortie: aout 2025<\/p>\n<p style=\"font-size: 60%;\">\u2022<strong>CARACT\u00c9RISTIQUES PHYSIQUES:<\/strong><br \/>\n&#8211; Dimensions: 152.8\u00d772\u00d78.6 mm<br \/>\n&#8211; Poids: 204 gr<br \/>\n&#8211; Carte SIM: Nano-SIM et eSIM<br \/>\n&#8211; Mat\u00e9riaux: Fa\u00e7ade et arri\u00e8re en verre, cadre m\u00e9tallique<br \/>\n&#8211; Certification: IP68 \u00e9tanche \u00e0 la poussi\u00e8re, r\u00e9sistant \u00e0 l&rsquo;immersion jusqu&rsquo;\u00e0 1.5 m\u00e8tres pendant 30 minutes<br \/>\n&#8211; Couleur: obsidienne, porcelaine, noisette, quartz rose<\/p>\n<p style=\"font-size: 60%;\">\u2022<strong>ECRAN et AFFICHAGE:<\/strong><br \/>\n&#8211; Type: OLED, 120Hz, HDR10+, 2000 nits (HBM), 3000 nits (peak)<br \/>\n&#8211; Taille: 6,3 pouces<br \/>\n&#8211; R\u00e9solution: 1080\u00d72424 pixels<br \/>\n&#8211; Protection: Verre Gorilla Victus 2<\/p>\n<p style=\"font-size: 60%;\">\u2022<strong>PLATEFORME:<\/strong><br \/>\n&#8211; Syst\u00e8me d`exploitation: Android 16, \u00e9volutif jusqu&rsquo;\u00e0 7 mises \u00e0 niveau Android majeures<br \/>\n&#8211; Navigateur Web: HTML5<br \/>\n&#8211; Chipset: Google Tensor G5 (3 nm)<br \/>\n&#8211; Processeur (CPU): octa-core (1\u00d73.78 GHz Cortex-X4 &amp; 5\u00d73.05 GHz Cortex-A725 &amp; 2\u00d72.25 GHz Cortex-A520)<br \/>\n&#8211; Processeur graphique (GPU): PowerVR DXT-48-1536<\/p>\n<p style=\"font-size: 60%;\"><strong>\u2022R\u00c9SEAU et CONNECTIVIT\u00c9:<\/strong><br \/>\n&#8211; R\u00e9seau cellulaire: GSM\/HSPA\/LTE\/5G<br \/>\n&#8211; WLAN: Wifi 802.11 a\/b\/g\/n\/ac\/6e\/7; Tri-band, Hotspot, wifi direct<br \/>\n&#8211; Bluetooth: 6.0, A2DP, LE, aptX HD<br \/>\n&#8211; Localisation: GPS, GLONASS, GALILEO,BDS<br \/>\n&#8211; NFC: oui<br \/>\n&#8211; USB: Type-C 3.2<br \/>\n&#8211; Capteurs: empreinte digitale (mont\u00e9e sous l&rsquo;\u00e9cran), acc\u00e9l\u00e9rom\u00e8tre, proximit\u00e9<\/p>\n<p style=\"font-size: 60%;\">\u2022<strong>MEMOIRE et STOCKAGE:<\/strong><br \/>\n&#8211; M\u00e9moire interne: 128GB 12GB RAM, 256GB 12GB RAM<br \/>\n&#8211; Carte m\u00e9moire: non<\/p>\n<p style=\"font-size: 60%;\">\u2022<strong>PHOTO et VIDEO:<\/strong><br \/>\n&#8211; Camera Arri\u00e8re: 48MP+13MP+10.8MP<br \/>\nFlash arri\u00e8re LED, Ultra-HDR, panorama<br \/>\nVideo: 4K \u00e0 30\/60ips, 1080p \u00e0 24\/30\/60\/120\/240ips<br \/>\n&#8211; Camera Avant: 10.2MP<br \/>\nAuto-HDR, Panorama<br \/>\nVideo:4K \u00e0 24\/30\/60ips, 1080p \u00e0 30\/60ips<\/p>\n<p style=\"font-size: 60%;\">\u2022<strong>AUDIO et SON:<\/strong><br \/>\n&#8211; Radio FM: non<br \/>\n&#8211; Haut parleur: oui avec st\u00e9r\u00e9o<br \/>\n&#8211; Prise Jack 3,5 mm: non<\/p>\n<p style=\"font-size: 60%;\">\u2022<strong>CHARGE et AUTONOMIE:<\/strong><br \/>\n&#8211; Batterie: Li-Ion 4970mAh non amovible<br \/>\n&#8211; Mise en charge: 30w filaire, 15w sans fil<\/p>","protected":false},"excerpt":{"rendered":"<ul style=\"font-size: 70%;\">\n<li>Marque: <strong>GOOGLE<\/strong><\/li>\n<li>Mod\u00e8le: <strong>Pixel 10<\/strong><\/li>\n<li>Taille d&rsquo;\u00e9cran:<strong> 6.3 pouces<\/strong><\/li>\n<li>Stockage:<strong> 128 Go\u00a0<\/strong><\/li>\n<li>M\u00e9moire vive:<strong> 12<\/strong>\u00a0<strong>Go\u00a0<\/strong><\/li>\n<li>Syst\u00e8me d\u2019exploitation: <strong>Android 16<\/strong><\/li>\n<li>Puces: <strong>nano sim et eSIM<\/strong><\/li>\n<li>Cam\u00e9ra arri\u00e8re: <strong>48MP+10.8MP+13MP<\/strong><\/li>\n<li>Camera avant:<strong> 10,5MP<\/strong><\/li>\n<li>R\u00e9seau: <strong>2G, 3G, 4G, 5G<\/strong><\/li>\n<li>Connectivit\u00e9: <strong>Bluetooth, wifi, usb type-C<\/strong><\/li>\n<li>Batterie:<strong> 4970 mAh<\/strong><\/li>\n<li>Couleur: <strong>indigo, givre, citronnelle, obsidienne<\/strong><\/li>\n<\/ul>\n<p>&nbsp;<\/p>","protected":false},"featured_media":11006,"comment_status":"open","ping_status":"closed","template":"","meta":[],"product_brand":[],"product_cat":[67,30],"product_tag":[],"class_list":{"0":"post-8936","1":"product","2":"type-product","3":"status-publish","4":"has-post-thumbnail","6":"product_cat-tous-telephones","7":"product_cat-google-phone","9":"first","10":"instock","11":"shipping-taxable","12":"purchasable","13":"product-type-simple"},"jetpack_sharing_enabled":true,"_links":{"self":[{"href":"https:\/\/eltel.shop\/en\/wp-json\/wp\/v2\/product\/8936","targetHints":{"allow":["GET"]}}],"collection":[{"href":"https:\/\/eltel.shop\/en\/wp-json\/wp\/v2\/product"}],"about":[{"href":"https:\/\/eltel.shop\/en\/wp-json\/wp\/v2\/types\/product"}],"replies":[{"embeddable":true,"href":"https:\/\/eltel.shop\/en\/wp-json\/wp\/v2\/comments?post=8936"}],"wp:featuredmedia":[{"embeddable":true,"href":"https:\/\/eltel.shop\/en\/wp-json\/wp\/v2\/media\/11006"}],"wp:attachment":[{"href":"https:\/\/eltel.shop\/en\/wp-json\/wp\/v2\/media?parent=8936"}],"wp:term":[{"taxonomy":"product_brand","embeddable":true,"href":"https:\/\/eltel.shop\/en\/wp-json\/wp\/v2\/product_brand?post=8936"},{"taxonomy":"product_cat","embeddable":true,"href":"https:\/\/eltel.shop\/en\/wp-json\/wp\/v2\/product_cat?post=8936"},{"taxonomy":"product_tag","embeddable":true,"href":"https:\/\/eltel.shop\/en\/wp-json\/wp\/v2\/product_tag?post=8936"}],"curies":[{"name":"wp","href":"https:\/\/api.w.org\/{rel}","templated":true}]}}