{"id":892,"date":"2024-03-19T21:37:08","date_gmt":"2024-03-19T20:37:08","guid":{"rendered":"https:\/\/eltel.shop\/?post_type=product&#038;p=892"},"modified":"2025-08-28T10:55:23","modified_gmt":"2025-08-28T09:55:23","slug":"galaxy-s21-256gb-8gb","status":"publish","type":"product","link":"https:\/\/eltel.shop\/en\/boutique\/tous-telephones\/galaxy-s21-256gb-8gb\/","title":{"rendered":"Galaxy S21 &#8211; 256GB\/8GB &#8211; 2sim &#8211; 64MP+12MP+12MP\/10MP &#8211; 4000mAh &#8211; garantie 12 mois (neuf)"},"content":{"rendered":"<h2 style=\"font-size: 85%;\"><strong>Sp\u00e9cification compl\u00e8te du Galaxy S21<\/strong><\/h2>\n<p style=\"font-size: 60%;\">-Marque: SAMSUNG<br \/>\n-Mod\u00e8le: Galaxy S21 5G<br \/>\n-Sortie: janvier 2021<\/p>\n<p style=\"font-size: 60%;\">\u2022<strong>CARACT\u00c9RISTIQUES PHYSIQUE<\/strong>:<br \/>\n-Dimensions: 151.7\u00d771.2\u00d77.9 mm<br \/>\n-Poids: 169 gr<br \/>\n-Carte SIM: Nano-SIM et eSIM ou Dual SIM (2 Nano-SIMs and eSIM)<br \/>\n-Mat\u00e9riaux: Fa\u00e7ade et arri\u00e8re en verre, cadre m\u00e9tallique<br \/>\n-Couleur: Noir fant\u00f4me, Argent fant\u00f4me, Titane fant\u00f4me, Marine fant\u00f4me, Marron fant\u00f4me, Marine<\/p>\n<p style=\"font-size: 60%;\">\u2022<strong>ECRAN et AFFICHAGE:<\/strong><br \/>\n-Type: Dynamic AMOLED 2X, HDR10+, 1300 nits (peak)<br \/>\n-Taille: 6,2 pouces<br \/>\n-R\u00e9solution: 1080\u00d72400 pixels<br \/>\n-Fr\u00e9quence d&rsquo;affichage: 120Hz<br \/>\n-Protection: Verre Gorilla Victus<\/p>\n<p style=\"font-size: 60%;\"><strong>\u2022PLATE-FORME:<\/strong><br \/>\n-Syst\u00e8me d`exploitation: Android 11-14<br \/>\n-Navigateur: HTML5<br \/>\n-Chipset: Exynos 2100 (5 nm) pour International<br \/>\nQualcomm SM8350 Snapdragon 888 5G (5 nm) pour USA\/China<br \/>\n-Processeur: Octa-core (1\u00d72.9 GHz Cortex-X1 &amp; 3\u00d72.80 GHz Cortex-A78 &amp; 4\u00d72.2 GHz Cortex-A55) &#8211; International<br \/>\nOcta-core (1\u00d72.84 GHz Cortex-X1 &amp; 3\u00d72.42 GHz Cortex-A78 &amp; 4\u00d71.80 GHz Cortex-A55) &#8211; USA\/China<br \/>\n-GPU: Mali-G78 MP14 &#8211; International<br \/>\nAdreno 660 &#8211; USA\/China<\/p>\n<p style=\"font-size: 60%;\">*<strong>R\u00c9SEAU et CONNECTIVIT\u00c9<\/strong>:<br \/>\n-R\u00e9seau cellulaire: GSM\/CDMA\/HSPA\/EVDO\/LTE\/5G<br \/>\n-WLAN: Wifi 802.11 a\/b\/g\/n\/ac\/6; Dual band,<br \/>\n-Bluetooth: 5.1, A2DP, LE<br \/>\n-Localisation: GPS, GLONASS, GALILEO,BDS<br \/>\n-NFC: oui<br \/>\n-USB: Type-C 3.2 OTG<br \/>\n-Capteurs: empreinte digitale (mont\u00e9e sous l&rsquo;\u00e9cran), acc\u00e9l\u00e9rom\u00e8tre, gyroscope, proximit\u00e9, boussole<\/p>\n<p style=\"font-size: 60%;\">\u2022<strong>M\u00c9MOIRE et STOCKAGE:<\/strong><br \/>\n-Stockage interne: 128GB 8GB RAM, 256GB 8GB RAM<br \/>\n-Carte m\u00e9moire: non<\/p>\n<p style=\"font-size: 60%;\">\u2022<strong>PHOTO et VIDEO<\/strong>:<br \/>\n-Camera Arri\u00e8re: 64MP+12MP+12MP<br \/>\nFlash arri\u00e8re bicolore \u00e0 double LED, HDR, panorama<br \/>\nVideo: 8K \u00e0 24ips, 4K \u00e0 30\/60ips, 1080p \u00e0 30\/60\/240ips, 720p \u00e0 960ips, HDR10+, stereo sound rec., gyro-EIS<br \/>\n-Camera Avant: 10MP<br \/>\nDual video call, Auto-HDR<br \/>\nVideo: 4K \u00e0 30\/60ips, 1080p \u00e0 30ips<\/p>\n<p style=\"font-size: 60%;\">\u2022<strong>AUDIO et SON:<\/strong><br \/>\n-Radio Fm: oui sous Snapdragon<br \/>\n-Haut parleur: oui avec stereo<br \/>\n-Prise Jack 3,5 mm: non<\/p>\n<p style=\"font-size: 60%;\">\u2022<strong>AUTONOMIE et CHARGE:<\/strong><br \/>\n-Batterie: Li-Po 4000mAh non amovible<br \/>\n-Mise en charge: 25w filaire, 15w sans fil, 4,5w invers\u00e9<\/p>","protected":false},"excerpt":{"rendered":"<ul style=\"font-size: 70%;\">\n<li>Marque: <strong>SAMSUNG<\/strong><\/li>\n<li>Mod\u00e8le: <strong>Galaxy S21<\/strong><\/li>\n<li>Taille d&rsquo;\u00e9cran:<strong> 6,2 pouces<\/strong><\/li>\n<li>Stockage: <strong>256Go\u00a0<\/strong><\/li>\n<li>M\u00e9moire vive: <strong>8Go\u00a0<\/strong><\/li>\n<li>Syst\u00e8me d\u2019exploitation: <strong>Android 11-14;<\/strong><\/li>\n<li>Puces: <strong>DUAL nano sim<\/strong><\/li>\n<li>Cam\u00e9ra arri\u00e8re: <strong>64MP+12MP+12MP<\/strong><\/li>\n<li>Camera avant:<strong> 10MP<\/strong><\/li>\n<li>R\u00e9seau: <strong>2G, 3G, 4G, 5G<\/strong><\/li>\n<li>Connectivit\u00e9: <strong>Bluetooth, wifi, usb type C<\/strong><\/li>\n<li>Batterie:<strong> 4000mAh<\/strong><\/li>\n<li>Couleur: <strong>noir,<\/strong><\/li>\n<\/ul>","protected":false},"featured_media":1049,"comment_status":"open","ping_status":"closed","template":"","meta":[],"product_brand":[],"product_cat":[67,44],"product_tag":[],"class_list":{"0":"post-892","1":"product","2":"type-product","3":"status-publish","4":"has-post-thumbnail","6":"product_cat-tous-telephones","7":"product_cat-samsung-phone","9":"first","10":"instock","11":"shipping-taxable","12":"purchasable","13":"product-type-simple"},"jetpack_sharing_enabled":true,"_links":{"self":[{"href":"https:\/\/eltel.shop\/en\/wp-json\/wp\/v2\/product\/892","targetHints":{"allow":["GET"]}}],"collection":[{"href":"https:\/\/eltel.shop\/en\/wp-json\/wp\/v2\/product"}],"about":[{"href":"https:\/\/eltel.shop\/en\/wp-json\/wp\/v2\/types\/product"}],"replies":[{"embeddable":true,"href":"https:\/\/eltel.shop\/en\/wp-json\/wp\/v2\/comments?post=892"}],"wp:featuredmedia":[{"embeddable":true,"href":"https:\/\/eltel.shop\/en\/wp-json\/wp\/v2\/media\/1049"}],"wp:attachment":[{"href":"https:\/\/eltel.shop\/en\/wp-json\/wp\/v2\/media?parent=892"}],"wp:term":[{"taxonomy":"product_brand","embeddable":true,"href":"https:\/\/eltel.shop\/en\/wp-json\/wp\/v2\/product_brand?post=892"},{"taxonomy":"product_cat","embeddable":true,"href":"https:\/\/eltel.shop\/en\/wp-json\/wp\/v2\/product_cat?post=892"},{"taxonomy":"product_tag","embeddable":true,"href":"https:\/\/eltel.shop\/en\/wp-json\/wp\/v2\/product_tag?post=892"}],"curies":[{"name":"wp","href":"https:\/\/api.w.org\/{rel}","templated":true}]}}