{"id":883,"date":"2024-03-19T11:42:28","date_gmt":"2024-03-19T10:42:28","guid":{"rendered":"https:\/\/eltel.shop\/?post_type=product&#038;p=883"},"modified":"2025-08-27T10:50:50","modified_gmt":"2025-08-27T09:50:50","slug":"galaxy-z-fold-3-256gb-12gb","status":"publish","type":"product","link":"https:\/\/eltel.shop\/en\/boutique\/tous-telephones\/galaxy-z-fold-3-256gb-12gb\/","title":{"rendered":"Galaxy Z Fold 3 5G &#8211; 256GB\/12GB &#8211; 2sim &#8211; 12MP+12MP+12MP\/10MP &#8211; 4400mAh &#8211; garantie 12 mois (neuf)"},"content":{"rendered":"<h2 style=\"font-size: 85%;\"><strong>Sp\u00e9cification compl\u00e8te du Galaxy Z Fold 3 5G<\/strong><\/h2>\n<p style=\"font-size: 60%;\">-Marque: SAMSUNG<br \/>\n-Mod\u00e8le: Galaxy Z Fold3 5G<br \/>\n-Sortie: aout 2021<\/p>\n<p style=\"font-size: 60%;\">\u2022<strong>CARACT\u00c9RISTIQUES PHYSIQUE:<\/strong><br \/>\n-Dimensions:<br \/>\n\u2022D\u00e9pli\u00e9: 158.2\u00d7128.1\u00d76.4 mm<br \/>\n\u2022Pli\u00e9: 158.2\u00d767.1\u00d714.4-16 mm<br \/>\n-Poids: 271gr<br \/>\n-Mat\u00e9riaux: avant en verre (Gorilla Victus) (pli\u00e9), avant en plastique (d\u00e9pli\u00e9), arri\u00e8re en verre (Gorilla Victus 2), monture en aluminium<br \/>\n-Carte SIM: Nano-SIM et eSIM<br \/>\n-Couleur: Noir phantom, argent phantom, vert phantom, \u00e9dition Thom Browne, \u00e9dition wooyoungmi<\/p>\n<p style=\"font-size: 60%;\">\u2022<strong>ECRAN et AFFICHAGE:<\/strong><br \/>\n-Type: Foldable Dynamic AMOLED 2X, HDR10+, 1200 nits (peak)<br \/>\n-Taille: 6,7 pouces<br \/>\n-R\u00e9solution: 1768\u00d72208 pixels<br \/>\n-Fr\u00e9quence d&rsquo;affichage: 120Hz<br \/>\n-Couverture: Dynamic AMOLED 2X, 6,2 pouces, 832\u00d72268 pixels,<\/p>\n<p style=\"font-size: 60%;\">\u2022<strong>PLATE-FORME:<\/strong><br \/>\n-Syst\u00e8me d`exploitation: One UI 5.1.1 Android 11-13<br \/>\n-Explorateur: HTML5<br \/>\n-Chipset: Qualcomm SM8350 Snapdragon 888 5G (5 nm)<br \/>\n-Processeur: Octa-core (1\u00d72.84 GHz Cortex-X1 &amp; 3\u00d72.42 GHz Cortex-A78 &amp; 4\u00d71.80 GHz Cortex-A55)<br \/>\n-GPU: Adreno 660<\/p>\n<p style=\"font-size: 60%;\">*<strong>R\u00c9SEAU et CONNECTIVIT\u00c9:<\/strong><br \/>\n&#8211; R\u00e9seau cellulaire: GSM\/CDMA\/HSPA\/CDMA\/EVDO\/LTE\/5G<br \/>\n&#8211; WLAN: 802.11 a\/b\/g\/n\/ac\/6e; Dual band, Wi-Fi direct hotspot<br \/>\n&#8211; Bluetooth: 5.2, A2DP, LE<br \/>\n&#8211; Localisation: A-GPS, GLONASS, GALILEO, BDS<br \/>\n&#8211; NFC: oui<br \/>\n&#8211; USB: Type-C 2.0 OTG<br \/>\n&#8211; Capteurs: empreinte digitale (mont\u00e9e sur le c\u00f4t\u00e9), acc\u00e9l\u00e9rom\u00e8tre, gyroscope, proximit\u00e9, boussole<\/p>\n<p style=\"font-size: 60%;\">\u2022<strong>M\u00c9MOIRE et STOCKAGE:<\/strong><br \/>\n&#8211; Stockage interne: 256GB 12GB RAM, 512GB 12GB RAM<br \/>\n&#8211; Carte m\u00e9moire: non<\/p>\n<p style=\"font-size: 60%;\">\u2022<strong>PHOTO et VIDEO<\/strong>:<br \/>\n&#8211; Camera Arri\u00e8re: 12MP+12MP+12MP<br \/>\nFlash arri\u00e8re bicolore \u00e0 double LED, HDR, panorama<br \/>\nVideo: 4K \u00e0 60ips, 1080p \u00e0 60\/240ips (gyro-EIS), 720p \u00e0 960fps (gyro-EIS), HDR10+<br \/>\n&#8211; Camera Avant: 4MP<br \/>\n&#8211; Camera de couverture: 10MP<br \/>\nVideo: 4K \u00e0 30ips, 1080p \u00e0 30ips, gyro-EIS<\/p>\n<p style=\"font-size: 60%;\">\u2022<strong>AUDIO et SON:<\/strong><br \/>\n&#8211; Radio: non<br \/>\n&#8211; Haut parleur: oui avec st\u00e9r\u00e9o<\/p>\n<p style=\"font-size: 60%;\">\u2022<strong>M\u00c9MOIRE et AUTONOMIE:<\/strong><br \/>\n&#8211; Batterie: 4400mAh non amovible<br \/>\n&#8211; Mise en charge: 25w filaire, 11w sans fil, 4,5w invers\u00e9 sans fil<\/p>","protected":false},"excerpt":{"rendered":"<ul style=\"font-size: 70%;\">\n<li>Marque: <strong>SAMSUNG<\/strong><\/li>\n<li>Mod\u00e8le: <strong>Galaxy Z Fold 3 5G<\/strong><\/li>\n<li>Taille d&rsquo;\u00e9cran:<strong> 6,7 pouces<\/strong><\/li>\n<li>Stockage: <strong>256 Go\u00a0<\/strong><\/li>\n<li>M\u00e9moire vive: <strong>12 Go\u00a0<\/strong><\/li>\n<li>Syst\u00e8me d\u2019exploitation: <strong>Android 11-13; One UI 5.1.1<\/strong><\/li>\n<li>Puces: <strong>DUAL nano sim<\/strong><\/li>\n<li>Cam\u00e9ra arri\u00e8re: <strong>12MP+12MP+12MP<\/strong><\/li>\n<li>Camera avant: <strong>10MP+4MP<\/strong><\/li>\n<li>R\u00e9seau: <strong>2G, 3G, 4G, 5G<\/strong><\/li>\n<li>Connectivit\u00e9: <strong>Bluetooth, wifi, usb type C<\/strong><\/li>\n<li>Batterie: <strong>4400mAh<\/strong><\/li>\n<li>Couleur: <strong>noir,<\/strong><\/li>\n<\/ul>","protected":false},"featured_media":1053,"comment_status":"open","ping_status":"closed","template":"","meta":[],"product_brand":[],"product_cat":[67,44],"product_tag":[],"class_list":{"0":"post-883","1":"product","2":"type-product","3":"status-publish","4":"has-post-thumbnail","6":"product_cat-tous-telephones","7":"product_cat-samsung-phone","9":"first","10":"instock","11":"shipping-taxable","12":"purchasable","13":"product-type-simple"},"jetpack_sharing_enabled":true,"_links":{"self":[{"href":"https:\/\/eltel.shop\/en\/wp-json\/wp\/v2\/product\/883","targetHints":{"allow":["GET"]}}],"collection":[{"href":"https:\/\/eltel.shop\/en\/wp-json\/wp\/v2\/product"}],"about":[{"href":"https:\/\/eltel.shop\/en\/wp-json\/wp\/v2\/types\/product"}],"replies":[{"embeddable":true,"href":"https:\/\/eltel.shop\/en\/wp-json\/wp\/v2\/comments?post=883"}],"wp:featuredmedia":[{"embeddable":true,"href":"https:\/\/eltel.shop\/en\/wp-json\/wp\/v2\/media\/1053"}],"wp:attachment":[{"href":"https:\/\/eltel.shop\/en\/wp-json\/wp\/v2\/media?parent=883"}],"wp:term":[{"taxonomy":"product_brand","embeddable":true,"href":"https:\/\/eltel.shop\/en\/wp-json\/wp\/v2\/product_brand?post=883"},{"taxonomy":"product_cat","embeddable":true,"href":"https:\/\/eltel.shop\/en\/wp-json\/wp\/v2\/product_cat?post=883"},{"taxonomy":"product_tag","embeddable":true,"href":"https:\/\/eltel.shop\/en\/wp-json\/wp\/v2\/product_tag?post=883"}],"curies":[{"name":"wp","href":"https:\/\/api.w.org\/{rel}","templated":true}]}}