{"id":878,"date":"2024-03-19T11:28:17","date_gmt":"2024-03-19T10:28:17","guid":{"rendered":"https:\/\/eltel.shop\/?post_type=product&#038;p=878"},"modified":"2025-10-25T12:03:56","modified_gmt":"2025-10-25T11:03:56","slug":"galaxy-s20-plus-128gb-12gb","status":"publish","type":"product","link":"https:\/\/eltel.shop\/en\/boutique\/tous-telephones\/galaxy-s20-plus-128gb-12gb\/","title":{"rendered":"Galaxy S20+ 5G &#8211; 128GB\/12GB &#8211; 2sim &#8211; 64MP+12MP+12MP\/10MP &#8211; 4500mAh &#8211; garantie 12 mois (remis \u00e0 neuf)"},"content":{"rendered":"<h2 style=\"font-size: 85%;\"><strong>Sp\u00e9cification compl\u00e8te du Galaxy S20+ 5G<\/strong><\/h2>\n<p style=\"font-size: 60%;\">-Marque: SAMSUNG<br \/>\n-Mod\u00e8le: Galaxy S20+ 5G<br \/>\n-Sortie: mars 2020<\/p>\n<p style=\"font-size: 60%;\"><strong>\u2022CARACT\u00c9RISTIQUES PHYSIQUE:<\/strong><br \/>\n&#8211; Dimensions: 161.9\u00d773.7\u00d77.8 mm<br \/>\n&#8211; Poids: 188 gr<br \/>\n&#8211; Carte SIM: dual Nano-SIM ou nano sim et eSIM<br \/>\n&#8211; Mat\u00e9riaux: Fa\u00e7ade et arri\u00e8re en verre, cadre m\u00e9tallique<br \/>\n&#8211; Couleur: Noir cosmique, gris cosmique, bleu nuage, blanc nuage, rouge Aura, bleu Aura<\/p>\n<p style=\"font-size: 60%;\"><strong>\u2022ECRAN et AFFICHAGE:<\/strong><br \/>\n&#8211; Type: Dynamic AMOLED 2X, HDR10+, 1200 nits (peak)<br \/>\n&#8211; Taille: 6,7 pouces<br \/>\n&#8211; R\u00e9solution: 1440\u00d73200 pixels<br \/>\n&#8211; Fr\u00e9quence d&rsquo;affichage: 120Hz<br \/>\n&#8211; Protection: Verre Gorilla 6<\/p>\n<p style=\"font-size: 60%;\">\u2022<strong>PLATE-FORME:<\/strong><br \/>\n&#8211; Syst\u00e8me d`exploitation: Android 10-13 One UI 5.0<br \/>\n&#8211; Explorateur: HTML5<br \/>\n&#8211; Chipset: Exynos 990 (7 nm+) &#8211; Global<br \/>\nQualcomm SM8250 Snapdragon 865 5G (7 nm+) &#8211; USA<br \/>\n&#8211; Processeur: Octa-core (2\u00d72.73 GHz Mongoose M5 &amp; 2\u00d72.50 GHz Cortex-A76 &amp; 4\u00d72.0 GHz Cortex-A55) &#8211; Global<br \/>\nOcta-core (1\u00d72.84 GHz Cortex-A77 &amp; 3\u00d72.42 GHz Cortex-A77 &amp; 4\u00d71.80 GHz Cortex-A55) &#8211; USA<br \/>\n&#8211; GPU: Mali-G77 MP11 &#8211; Global<br \/>\nAdreno 650 &#8211; USA<\/p>\n<p style=\"font-size: 60%;\"><strong>*R\u00c9SEAU et CONNECTIVIT\u00c9:<\/strong><br \/>\n&#8211; R\u00e9seau cellulaire: GSM\/CDMA\/HSPA\/EVDO\/LTE\/5G<br \/>\n&#8211; WLAN: 802.11 a\/b\/g\/n\/ac\/6; Dual band, Wi-Fi direct hotspot<br \/>\n&#8211; Bluetooth: 5.0, A2DP, LE<br \/>\n&#8211; Localisation: A-GPS, GLONASS, GALILEO,BDS<br \/>\n&#8211; NFC: oui<br \/>\n&#8211; USB: Type-C 2.0 OTG<br \/>\n&#8211; Capteurs: empreinte digitale (mont\u00e9e sous l&rsquo;\u00e9cran), acc\u00e9l\u00e9rom\u00e8tre, gyroscope, proximit\u00e9, boussole<\/p>\n<p style=\"font-size: 60%;\">\u2022<strong>STOCKAGE et M\u00c9MOIRE:<\/strong><br \/>\n&#8211; Stockage interne: 128GB 8GB RAM, 128GB 12GB RAM, 256GB 12GB RAM, 512GB 16GB RAM<br \/>\n&#8211; Carte m\u00e9moire: oui (slot partag\u00e9)<\/p>\n<p style=\"font-size: 60%;\">\u2022<strong>PHOTO et VIDEO:<\/strong><br \/>\n&#8211; Camera Arri\u00e8re: 64MP+12MP+12MP<br \/>\nFlash arri\u00e8re bicolore \u00e0 double LED, auto-HDR, panorama<br \/>\nVideo: 8K \u00e0 24ips, 4K \u00e0 30\/60ips, 1080p \u00e0 30\/60\/240ips, 720p \u00e0 960ips, HDR10+, stereo sound rec., gyro-EIS &amp;; OIS<br \/>\n&#8211; Camera Avant: 10MP<br \/>\nDual video call, Auto-HDR<br \/>\nVideo: 4K \u00e0 30\/60ips, 1080p \u00e0 30ips<\/p>\n<p style=\"font-size: 60%;\">\u2022<strong>AUDIO et SON:<\/strong><br \/>\n&#8211; Radio Fm: oui sous Snapdragon<br \/>\n&#8211; Haut parleur: oui avec stereo<br \/>\n&#8211; Prise Jack 3,5 mm: non<\/p>\n<p style=\"font-size: 60%;\">\u2022<strong>AUTONOMIE et CHARGE:<\/strong><br \/>\n&#8211; Batterie: Li-Ion 4500mAh non amovible<br \/>\n&#8211; Mise en charge: 45w filaire, 15w sans fil, 4,5w invers\u00e9 sans fil<\/p>","protected":false},"excerpt":{"rendered":"<ul style=\"font-size: 70%;\">\n<li>Marque: <strong>SAMSUNG<\/strong><\/li>\n<li>Mod\u00e8le: <strong>Galaxy S20+ 5G<\/strong><\/li>\n<li>Taille d&rsquo;\u00e9cran:<strong> 6,7 pouces<\/strong><\/li>\n<li>Stockage:\u00a0 <strong>128Go\u00a0<\/strong><\/li>\n<li>M\u00e9moire vive: <strong>12Go\u00a0<\/strong><\/li>\n<li>Syst\u00e8me d\u2019exploitation: <strong>Android 10-13; One UI 5.0<\/strong><\/li>\n<li>Puces: <strong>DUAL nano sim<\/strong><\/li>\n<li>Cam\u00e9ra arri\u00e8re:<strong> 64MP+12MP+12MP<\/strong><\/li>\n<li>Camera avant:<strong> 10MP<\/strong><\/li>\n<li>R\u00e9seau: <strong>2G, 3G, 4G, 5G<\/strong><\/li>\n<li>Connectivit\u00e9: <strong>Bluetooth, wifi, usb type C<\/strong><\/li>\n<li>Batterie: <strong>4500mAh<\/strong><\/li>\n<li>Couleur: <strong>noir,<\/strong><\/li>\n<\/ul>","protected":false},"featured_media":1070,"comment_status":"open","ping_status":"closed","template":"","meta":[],"product_brand":[],"product_cat":[67,44],"product_tag":[],"class_list":{"0":"post-878","1":"product","2":"type-product","3":"status-publish","4":"has-post-thumbnail","6":"product_cat-tous-telephones","7":"product_cat-samsung-phone","9":"first","10":"instock","11":"shipping-taxable","12":"purchasable","13":"product-type-simple"},"jetpack_sharing_enabled":true,"_links":{"self":[{"href":"https:\/\/eltel.shop\/en\/wp-json\/wp\/v2\/product\/878","targetHints":{"allow":["GET"]}}],"collection":[{"href":"https:\/\/eltel.shop\/en\/wp-json\/wp\/v2\/product"}],"about":[{"href":"https:\/\/eltel.shop\/en\/wp-json\/wp\/v2\/types\/product"}],"replies":[{"embeddable":true,"href":"https:\/\/eltel.shop\/en\/wp-json\/wp\/v2\/comments?post=878"}],"wp:featuredmedia":[{"embeddable":true,"href":"https:\/\/eltel.shop\/en\/wp-json\/wp\/v2\/media\/1070"}],"wp:attachment":[{"href":"https:\/\/eltel.shop\/en\/wp-json\/wp\/v2\/media?parent=878"}],"wp:term":[{"taxonomy":"product_brand","embeddable":true,"href":"https:\/\/eltel.shop\/en\/wp-json\/wp\/v2\/product_brand?post=878"},{"taxonomy":"product_cat","embeddable":true,"href":"https:\/\/eltel.shop\/en\/wp-json\/wp\/v2\/product_cat?post=878"},{"taxonomy":"product_tag","embeddable":true,"href":"https:\/\/eltel.shop\/en\/wp-json\/wp\/v2\/product_tag?post=878"}],"curies":[{"name":"wp","href":"https:\/\/api.w.org\/{rel}","templated":true}]}}