{"id":8399,"date":"2025-10-26T11:18:58","date_gmt":"2025-10-26T10:18:58","guid":{"rendered":"https:\/\/eltel.shop\/?post_type=product&#038;p=8399"},"modified":"2026-04-09T14:58:29","modified_gmt":"2026-04-09T13:58:29","slug":"galaxy-a17-5g-128gb-4gb-2sim","status":"publish","type":"product","link":"https:\/\/eltel.shop\/en\/boutique\/tous-telephones\/galaxy-a17-5g-128gb-4gb-2sim\/","title":{"rendered":"Galaxy A17 5G &#8211; 128GB\/4GB &#8211; 2sim &#8211; 50MP+5MP+2MP\/13MP &#8211; 5000mAh &#8211; garantie 24 mois (neuf)"},"content":{"rendered":"<h2 style=\"font-size: 90%; text-align: center;\"><strong>Sp\u00e9cification compl\u00e8te du Galaxy A17 5G<\/strong><\/h2>\n<p style=\"font-size: 60%;\">&#8211; Marque: SAMSUNG<br \/>\n&#8211; Mod\u00e8le: Galaxy A17 5G<br \/>\n&#8211; Sortie: Ao\u00fbt 2025<\/p>\n<p style=\"font-size: 60%;\"><b>\u2022PRESENTATION PHYSIQUE<\/b>:<br \/>\n&#8211; Dimensions: 164.4\u00d777.9\u00d77.5 mm<br \/>\n&#8211; Poids: 192 gr<br \/>\n&#8211; Carte SIM: dual Nano-SIM<br \/>\n&#8211; Mat\u00e9riaux: Fa\u00e7ade en verre, arri\u00e8re et cadre en plastique, arri\u00e8re en fibre de verre<br \/>\n&#8211; Couleur: Bleu, Noir, Gris<\/p>\n<p style=\"font-size: 60%;\">\u00a0 <b>\u2022ECRAN et AFFICHAGE<\/b>:<br \/>\n&#8211; Type: Super AMOLED, 90Hz, 800 nits (HBM)<br \/>\n&#8211; Taille: 6,7 pouces<br \/>\n&#8211; R\u00e9solution: 1080\u00d72340 pixels<\/p>\n<p style=\"font-size: 60%;\">\u00a0\u00a0 <b>\u2022PLATEFORME<\/b>:<br \/>\n&#8211; Syst\u00e8me d&rsquo;exploitation: Android 15, jusqu&rsquo;\u00e0 6 mises \u00e0 jour, One UI 7<br \/>\n&#8211; Navigateur Web: HTML5<br \/>\n&#8211; Chipset: Exynos 1330 (5 nm)<br \/>\n&#8211; Processeur (CPU): Octa-core (2\u00d72.4 GHz Cortex-A78 &amp; 6\u00d72.0 GHz Cortex-A55) ou Octa-core (2\u00d72.4 GHz Cortex-A76 &amp; 6\u00d72.0 GHz Cortex-A55)<br \/>\n&#8211; Processeur graphique (GPU): Mali-G68 MP2<\/p>\n<p style=\"font-size: 60%;\">\u00a0 <b>\u2022R\u00c9SEAU et CONNECTIVIT\u00c9<\/b>:<br \/>\n&#8211; R\u00e9seau cellulaire: GSM\/HSPA\/LTE\/5G<br \/>\n&#8211; WLAN: Wifi 802.11 a\/b\/g\/n\/ac; Dual band, Hotspot, WiFi direct<br \/>\n&#8211; Bluetooth: 5.3, A2DP, LE<br \/>\n&#8211; Localisation: GPS, GLONASS, GALILEO, BDS<br \/>\n&#8211; NFC: oui<br \/>\n&#8211; USB: Type-C 2.0<br \/>\n&#8211; Capteurs: empreinte digitale (mont\u00e9e sur le c\u00f4t\u00e9), acc\u00e9l\u00e9rom\u00e8tre, proximit\u00e9<\/p>\n<p style=\"font-size: 60%;\">\u00a0 <b>\u2022MEMOIRE et STOCKAGE<\/b>:<br \/>\n&#8211; M\u00e9moire interne: 128GB 4GB RAM, 128GB 6GB RAM, 128GB 8GB RAM, 256GB 4GB RAM, 256GB 8GB RAM<br \/>\n&#8211; Carte m\u00e9moire: microSDXC partag\u00e9<\/p>\n<p style=\"font-size: 60%;\">\u00a0 <b>\u2022PHOTO et VIDEO<\/b>:<br \/>\n&#8211; Camera Arri\u00e8re: 50MP+5MP+2MP<br \/>\nFlash LED, HDR, panorama<br \/>\nVideo: 1080p \u00e0 30 ips, gyro-EIS<br \/>\n&#8211; Camera Avant: 13MP<br \/>\nHDR, Panorama<br \/>\nVideo: 1080p \u00e0 30 ips, gyro-EIS<\/p>\n<p style=\"font-size: 60%;\">\u00a0 <b>\u2022AUDIO et SON<\/b>:<br \/>\n&#8211; Radio FM: non<br \/>\n&#8211; Haut parleur: oui<br \/>\n&#8211; Prise Jack 3,5 mm: non<\/p>\n<p style=\"font-size: 60%;\">\u00a0 <b>\u2022CHARGE et AUTONOMIE<\/b>:<br \/>\n&#8211; Batterie: Li-ion 5000mAh non amovible<br \/>\n&#8211; Mise en charge: 25w filaire<\/p>","protected":false},"excerpt":{"rendered":"<ul style=\"font-size: 70%;\">\n<li>Marque: <strong>SAMSUNG<\/strong><\/li>\n<li>Mod\u00e8le: <strong>Galaxy A17 5G\u00a0<\/strong><\/li>\n<li>Taille d&rsquo;\u00e9cran:<strong> 6,7 pouces<\/strong><\/li>\n<li>Stockage:\u00a0 <strong>128\u00a0Go\u00a0<\/strong><\/li>\n<li>M\u00e9moire vive: <strong>4 Go\u00a0<\/strong><\/li>\n<li>Syst\u00e8me d\u2019exploitation: <strong>Android 15; One UI 7<\/strong><\/li>\n<li>Puces: <strong>DUAL nano sim<\/strong><\/li>\n<li>Cam\u00e9ra arri\u00e8re: <strong>50MP+5MP+2MP<\/strong><\/li>\n<li>Camera avant:<strong> 13MP<\/strong><\/li>\n<li>R\u00e9seau: <strong>2G, 3G, 4G, 5G<\/strong><\/li>\n<li>Connectivit\u00e9: <strong>Bluetooth, wifi, usb type C,<\/strong><\/li>\n<li>Batterie: <strong>5000mAh<\/strong><\/li>\n<li>Couleur: <strong>bleu, gris, noir<\/strong><\/li>\n<\/ul>","protected":false},"featured_media":11014,"comment_status":"open","ping_status":"closed","template":"","meta":[],"product_brand":[],"product_cat":[67,44],"product_tag":[],"class_list":{"0":"post-8399","1":"product","2":"type-product","3":"status-publish","4":"has-post-thumbnail","6":"product_cat-tous-telephones","7":"product_cat-samsung-phone","9":"first","10":"instock","11":"shipping-taxable","12":"purchasable","13":"product-type-simple"},"jetpack_sharing_enabled":true,"_links":{"self":[{"href":"https:\/\/eltel.shop\/en\/wp-json\/wp\/v2\/product\/8399","targetHints":{"allow":["GET"]}}],"collection":[{"href":"https:\/\/eltel.shop\/en\/wp-json\/wp\/v2\/product"}],"about":[{"href":"https:\/\/eltel.shop\/en\/wp-json\/wp\/v2\/types\/product"}],"replies":[{"embeddable":true,"href":"https:\/\/eltel.shop\/en\/wp-json\/wp\/v2\/comments?post=8399"}],"wp:featuredmedia":[{"embeddable":true,"href":"https:\/\/eltel.shop\/en\/wp-json\/wp\/v2\/media\/11014"}],"wp:attachment":[{"href":"https:\/\/eltel.shop\/en\/wp-json\/wp\/v2\/media?parent=8399"}],"wp:term":[{"taxonomy":"product_brand","embeddable":true,"href":"https:\/\/eltel.shop\/en\/wp-json\/wp\/v2\/product_brand?post=8399"},{"taxonomy":"product_cat","embeddable":true,"href":"https:\/\/eltel.shop\/en\/wp-json\/wp\/v2\/product_cat?post=8399"},{"taxonomy":"product_tag","embeddable":true,"href":"https:\/\/eltel.shop\/en\/wp-json\/wp\/v2\/product_tag?post=8399"}],"curies":[{"name":"wp","href":"https:\/\/api.w.org\/{rel}","templated":true}]}}