{"id":8367,"date":"2025-10-19T08:56:03","date_gmt":"2025-10-19T07:56:03","guid":{"rendered":"https:\/\/eltel.shop\/?post_type=product&#038;p=8367"},"modified":"2026-04-09T13:54:50","modified_gmt":"2026-04-09T12:54:50","slug":"galaxy-a07-128gb-4gb-2sim","status":"publish","type":"product","link":"https:\/\/eltel.shop\/en\/boutique\/tous-telephones\/galaxy-a07-128gb-4gb-2sim\/","title":{"rendered":"Galaxy A07 &#8211; 128GB\/4GB &#8211; 2sim &#8211; 50MP+2MP\/8MP &#8211; 5000mAh &#8211; garantie 24 mois (neuf)"},"content":{"rendered":"<h2 style=\"font-size: 85%;\"><strong>Sp\u00e9cification compl\u00e8te du Galaxy A07\u00a0<\/strong><\/h2>\n<p style=\"font-size: 60%;\">-Marque: SAMSUNG<br \/>\n-Mod\u00e8le: Galaxy A07<br \/>\n-Sortie: ao\u00fbt 2025<\/p>\n<p style=\"font-size: 60%;\">\u2022<strong>CARACT\u00c9RISTIQUES PHYSIQUES:<\/strong><br \/>\n-Dimensions: 167.4\u00d777.4\u00d77.6 mm<br \/>\n-Poids: 184 gr<br \/>\n-Carte SIM: dual Nano-SIM<br \/>\n-Mat\u00e9riaux: Fa\u00e7ade en verre, arri\u00e8re et cadre en plastique<br \/>\n-Couleur: Gris, violet clair, vert fonc\u00e9<\/p>\n<p style=\"font-size: 60%;\">\u2022<strong>ECRAN et AFFICHAGE:<\/strong><br \/>\n-Type: PLS LCD<br \/>\n-Taille: 6,7 pouces<br \/>\n-R\u00e9solution: 720\u00d71600 pixels<br \/>\n-Fr\u00e9quence d&rsquo;affichage: 90Hz<\/p>\n<p style=\"font-size: 60%;\">\u2022<strong>PLATEFORME:<\/strong><br \/>\n-Syst\u00e8me d`exploitation: Android 15<br \/>\n-Navigateur Web: HTML5<br \/>\n-Chipset: Mediatek\u00a0 Helio G99 (6nm)<br \/>\n-Processeur (CPU): Octa-core (2\u00d72.2 GHz Cortex-A76 &amp; 6\u00d72 GHz Cortex-A55)<br \/>\n-Processeur graphique (GPU): Mali-G57 MC2<\/p>\n<p style=\"font-size: 60%;\">\u2022<strong>R\u00c9SEAU et CONNECTIVIT\u00c9:<\/strong><br \/>\n-R\u00e9seau cellulaire: GSM\/HSPA\/LTE<br \/>\n-WLAN: Wifi 802.11 a\/b\/g\/n\/ac; Dual band, Hotspot, wifi direct<br \/>\n-Bluetooth: 5.3, A2DP, LE<br \/>\n-Localisation: GPS, GLONASS, GALILEO,BDS<br \/>\n-NFC: non<br \/>\n-USB: Type-C 2.0 OTG<br \/>\n-Capteurs: empreinte digitale (mont\u00e9e sur le c\u00f4t\u00e9), acc\u00e9l\u00e9rom\u00e8tre, proximit\u00e9<\/p>\n<p style=\"font-size: 60%;\">\u2022<strong>MEMOIRE et STOCKAGE:<\/strong><br \/>\n-M\u00e9moire interne: 64GB 4GB, 128GB 4GB; 128GB, 6GB; 256GB, 8GB RAM<br \/>\n-Carte m\u00e9moire: microSDXC d\u00e9di\u00e9<\/p>\n<p style=\"font-size: 60%;\">\u2022<strong>PHOTO et VIDEO:<\/strong><br \/>\n-Camera Arri\u00e8re: 50MP+2MP<br \/>\nFlash arri\u00e8re LED, HDR, panorama<br \/>\nVid\u00e9o: 1080 p \u00e0 30ips<br \/>\n-Camera Avant: 8MP<br \/>\nVid\u00e9o: 1080 p \u00e0 30ips<\/p>\n<p style=\"font-size: 60%;\">\u2022<strong>AUDIO et SON:<\/strong><br \/>\n-Radio FM: oui<br \/>\n-Haut parleur: oui<br \/>\n-Prise Jack 3,5 mm: oui<\/p>\n<p style=\"font-size: 60%;\">\u2022<strong>CHARGE et AUTONOMIE:<\/strong><br \/>\n-Batterie: Li-Po 5000mAh non amovible<br \/>\n-Mise en charge: 25w filaire<\/p>","protected":false},"excerpt":{"rendered":"<ul style=\"font-size: 70%;\">\n<li>Marque: <strong>SAMSUNG<\/strong><\/li>\n<li>Mod\u00e8le: <strong>Galaxy A07<\/strong><\/li>\n<li>Taille d&rsquo;\u00e9cran:<strong> 6,7 pouces<\/strong><\/li>\n<li>Stockage:\u00a0 <strong>128\u00a0Go\u00a0<\/strong><\/li>\n<li>M\u00e9moire vive: <strong>4<\/strong> <strong>Go\u00a0<\/strong><\/li>\n<li>Syst\u00e8me d\u2019exploitation: <strong>Android 15<\/strong><\/li>\n<li>Puces: <strong>DUAL nano sim<\/strong><\/li>\n<li>Cam\u00e9ra arri\u00e8re: <strong>50MP+2MP<\/strong><\/li>\n<li>Camera avant:<strong> 8MP<\/strong><\/li>\n<li>R\u00e9seau: <strong>2G, 3G, 4G<\/strong><\/li>\n<li>Connectivit\u00e9: <strong>Bluetooth, wifi, usb type C,<\/strong><\/li>\n<li>Batterie: <strong>5000mAh<\/strong><\/li>\n<li>Couleur: <strong>gris, violet, vert<\/strong><\/li>\n<\/ul>","protected":false},"featured_media":11024,"comment_status":"open","ping_status":"closed","template":"","meta":[],"product_brand":[],"product_cat":[67,44],"product_tag":[],"class_list":{"0":"post-8367","1":"product","2":"type-product","3":"status-publish","4":"has-post-thumbnail","6":"product_cat-tous-telephones","7":"product_cat-samsung-phone","9":"first","10":"instock","11":"shipping-taxable","12":"purchasable","13":"product-type-simple"},"jetpack_sharing_enabled":true,"_links":{"self":[{"href":"https:\/\/eltel.shop\/en\/wp-json\/wp\/v2\/product\/8367","targetHints":{"allow":["GET"]}}],"collection":[{"href":"https:\/\/eltel.shop\/en\/wp-json\/wp\/v2\/product"}],"about":[{"href":"https:\/\/eltel.shop\/en\/wp-json\/wp\/v2\/types\/product"}],"replies":[{"embeddable":true,"href":"https:\/\/eltel.shop\/en\/wp-json\/wp\/v2\/comments?post=8367"}],"wp:featuredmedia":[{"embeddable":true,"href":"https:\/\/eltel.shop\/en\/wp-json\/wp\/v2\/media\/11024"}],"wp:attachment":[{"href":"https:\/\/eltel.shop\/en\/wp-json\/wp\/v2\/media?parent=8367"}],"wp:term":[{"taxonomy":"product_brand","embeddable":true,"href":"https:\/\/eltel.shop\/en\/wp-json\/wp\/v2\/product_brand?post=8367"},{"taxonomy":"product_cat","embeddable":true,"href":"https:\/\/eltel.shop\/en\/wp-json\/wp\/v2\/product_cat?post=8367"},{"taxonomy":"product_tag","embeddable":true,"href":"https:\/\/eltel.shop\/en\/wp-json\/wp\/v2\/product_tag?post=8367"}],"curies":[{"name":"wp","href":"https:\/\/api.w.org\/{rel}","templated":true}]}}