{"id":7396,"date":"2025-01-26T21:00:19","date_gmt":"2025-01-26T20:00:19","guid":{"rendered":"https:\/\/eltel.shop\/?post_type=product&#038;p=7396"},"modified":"2026-03-24T23:54:52","modified_gmt":"2026-03-24T22:54:52","slug":"pixel-9-pro-fold-5g-512gb-16gb","status":"publish","type":"product","link":"https:\/\/eltel.shop\/en\/boutique\/tous-telephones\/pixel-9-pro-fold-5g-512gb-16gb\/","title":{"rendered":"Pixel 9 Pro Fold 5G &#8211; 512GB\/16GB &#8211; 48MP+10.8MP+10.5MP\/10MP &#8211; 4650mAh &#8211; garantie 12 mois (neuf)"},"content":{"rendered":"<h2 style=\"font-size: 90%; text-align: center;\"><strong>Sp\u00e9cification du Pixel 9 Pro Fold 5G<\/strong><\/h2>\n<p style=\"font-size: 60%;\">\u2022<strong>IDENTIFICATION:<\/strong><br \/>\n&#8211; Marque: GOOGLE<br \/>\n&#8211; Mod\u00e8le: Pixel 9 Pro Fold<br \/>\n&#8211; Sortie: Septembre 2024<\/p>\n<p style=\"font-size: 60%;\">\u2022<strong>CARACT\u00c9RISTIQUES PHYSIQUES:<\/strong><br \/>\n&#8211; Dimensions:<br \/>\nD\u00e9pli\u00e9: 155.2\u00d7150.2\u00d75.1 mm<br \/>\nPli\u00e9: 155.2\u00d777.1\u00d710.5 mm<br \/>\n&#8211; Poids: 257 gr<br \/>\n&#8211; Carte SIM: Nano-SIM et eSIM<br \/>\n&#8211; Mat\u00e9riaux: Verre avant (pli\u00e9), plastic avant (d\u00e9pli\u00e9), verre arri\u00e8re, monture en aluminium<br \/>\n&#8211; Couleur: Porcelaine, Obsidienne<\/p>\n<p style=\"font-size: 60%;\">\u2022<strong>ECRAN et AFFICHAGE:<\/strong><br \/>\n&#8211; Type: LTPO OLED Pliable, 120Hz, HDR10+, 1600 nits (HBM), 2700 nits (peak)<br \/>\n&#8211; Taille: 8 pouces<br \/>\n&#8211; R\u00e9solution: 2076\u00d72152 pixels<br \/>\n&#8211; Couverture: OLED, 120Hz, HDR, 6.3 pouces, 1080\u00d72424 pixels,<br \/>\n1800 nits (HBM), 2700 nits (peak)<br \/>\n&#8211; Protection: Verre Gorilla Victus<\/p>\n<p style=\"font-size: 60%;\">\u2022<strong>PLATEFORME:<\/strong><br \/>\n&#8211; Syst\u00e8me d`exploitation: Android 14, \u00e9volutif vers Android 16, jusqu&rsquo;\u00e0 7 mises \u00e0 niveau Android majeures<br \/>\n&#8211; Navigateur Web: HTML5<br \/>\n&#8211; Chipset: Google Tensor G4 (4 nm)<br \/>\n&#8211; Processeur (CPU): octa-core (1\u00d73.1 GHz Cortex-X4 &amp; 3\u00d72.6 GHz Cortex-A720 &amp; 4\u00d71.92 GHz Cortex-A520)<br \/>\n&#8211; Processeur graphique (GPU): Mali-G715 MC7<\/p>\n<p style=\"font-size: 60%;\">\u2022<strong>R\u00c9SEAU et CONNECTIVIT\u00c9:<\/strong><br \/>\n&#8211; R\u00e9seau cellulaire: GSM\/HSPA\/LTE\/5G<br \/>\n&#8211; WLAN: Wifi 802.11 a\/b\/g\/n\/ac\/6e\/7; Tri-band, Hotspot, wifi direct<br \/>\n&#8211; Bluetooth: 5.3 A2DP, LE, aptX HD<br \/>\n&#8211; Localisation: GPS, GLONASS, GALILEO,BDS<br \/>\n&#8211; NFC: oui<br \/>\n&#8211; USB: Type-C 3.2<br \/>\n&#8211; Capteurs: empreinte digitale (mont\u00e9e sur le c\u00f4t\u00e9), acc\u00e9l\u00e9rom\u00e8tre, proximit\u00e9<\/p>\n<p style=\"font-size: 60%;\"><strong>\u2022MEMOIRE et STOCKAGE:<\/strong><br \/>\n&#8211; M\u00e9moire interne: 256GB 16GB RAM, 512GB 16GB RAM<br \/>\n&#8211; Carte m\u00e9moire: non<\/p>\n<p style=\"font-size: 60%;\">\u2022<strong>PHOTO et VIDEO:<\/strong><br \/>\n&#8211; Camera Arri\u00e8re: 48MP+10,8MP+10,5MP<br \/>\nFlash arri\u00e8re LED, Auto-HDR, panorama<br \/>\nVideo: 4K \u00e0 30\/60ips, 1080p \u00e0 30\/60ips<br \/>\n&#8211; Camera Avant: 10MP+10MP<br \/>\nAuto-HDR, Panorama<br \/>\nVideo:4K \u00e0 30\/60ips, 1080p \u00e0 30\/60ips<\/p>\n<p style=\"font-size: 60%;\">\u2022<strong>AUDIO et SON:<\/strong><br \/>\n&#8211; Radio FM: non<br \/>\n&#8211; Haut parleur: oui avec st\u00e9r\u00e9o<br \/>\n&#8211; Prise Jack 3,5 mm: non<\/p>\n<p style=\"font-size: 60%;\">\u2022<strong>CHARGE et AUTONOMIE:<\/strong><br \/>\n&#8211; Batterie: Li-Po 4650mAh non amovible<br \/>\n&#8211; Mise en charge: 21w filaire, 21w sans fil<\/p>","protected":false},"excerpt":{"rendered":"<ul style=\"font-size: 70%;\">\n<li>Marque: <strong>GOOGLE<\/strong><\/li>\n<li>Mod\u00e8le: <strong>Pixel 9 Pro Fold<\/strong><\/li>\n<li>Taille d&rsquo;\u00e9cran:<strong> 8.0 pouces<\/strong><\/li>\n<li>Stockage:<strong> 512 Go\u00a0<\/strong><\/li>\n<li>M\u00e9moire vive:<strong> 16<\/strong>\u00a0<strong>Go\u00a0<\/strong><\/li>\n<li>Syst\u00e8me d\u2019exploitation: <strong>Android 14<\/strong><\/li>\n<li>Puces: <strong>nano sim et eSIM<\/strong><\/li>\n<li>Cam\u00e9ra arri\u00e8re: <strong>48MP+10.8MP+10.5MP<\/strong><\/li>\n<li>Camera avant:<strong> 10MP<\/strong><\/li>\n<li>R\u00e9seau: <strong>2G, 3G, 4G, 5G<\/strong><\/li>\n<li>Connectivit\u00e9: <strong>Bluetooth, wifi, usb type-C<\/strong><\/li>\n<li>Batterie:<strong> 5060 mAh<\/strong><\/li>\n<li>Couleur: <strong>noir, rose, vert, porcelaine<\/strong><\/li>\n<\/ul>","protected":false},"featured_media":10139,"comment_status":"open","ping_status":"closed","template":"","meta":[],"product_brand":[],"product_cat":[67,30],"product_tag":[],"class_list":{"0":"post-7396","1":"product","2":"type-product","3":"status-publish","4":"has-post-thumbnail","6":"product_cat-tous-telephones","7":"product_cat-google-phone","9":"first","10":"instock","11":"shipping-taxable","12":"purchasable","13":"product-type-simple"},"jetpack_sharing_enabled":true,"_links":{"self":[{"href":"https:\/\/eltel.shop\/en\/wp-json\/wp\/v2\/product\/7396","targetHints":{"allow":["GET"]}}],"collection":[{"href":"https:\/\/eltel.shop\/en\/wp-json\/wp\/v2\/product"}],"about":[{"href":"https:\/\/eltel.shop\/en\/wp-json\/wp\/v2\/types\/product"}],"replies":[{"embeddable":true,"href":"https:\/\/eltel.shop\/en\/wp-json\/wp\/v2\/comments?post=7396"}],"wp:featuredmedia":[{"embeddable":true,"href":"https:\/\/eltel.shop\/en\/wp-json\/wp\/v2\/media\/10139"}],"wp:attachment":[{"href":"https:\/\/eltel.shop\/en\/wp-json\/wp\/v2\/media?parent=7396"}],"wp:term":[{"taxonomy":"product_brand","embeddable":true,"href":"https:\/\/eltel.shop\/en\/wp-json\/wp\/v2\/product_brand?post=7396"},{"taxonomy":"product_cat","embeddable":true,"href":"https:\/\/eltel.shop\/en\/wp-json\/wp\/v2\/product_cat?post=7396"},{"taxonomy":"product_tag","embeddable":true,"href":"https:\/\/eltel.shop\/en\/wp-json\/wp\/v2\/product_tag?post=7396"}],"curies":[{"name":"wp","href":"https:\/\/api.w.org\/{rel}","templated":true}]}}