{"id":6482,"date":"2024-12-22T02:19:37","date_gmt":"2024-12-22T01:19:37","guid":{"rendered":"https:\/\/eltel.shop\/?post_type=product&#038;p=6482"},"modified":"2026-03-03T12:03:22","modified_gmt":"2026-03-03T11:03:22","slug":"galaxy-m35-5g-256gb-8gb","status":"publish","type":"product","link":"https:\/\/eltel.shop\/en\/boutique\/tous-telephones\/galaxy-m35-5g-256gb-8gb\/","title":{"rendered":"Galaxy M35 5G- 256GB\/8GB &#8211; 50MP+8MP+2MP\/13MP &#8211; 6000mAh &#8211; garantie 24 mois (neuf)"},"content":{"rendered":"<h2 style=\"font-size: 85%;\"><strong>Sp\u00e9cification du Galaxy M35 5G<\/strong><\/h2>\n<p style=\"font-size: 60%;\">-Marque: SAMSUNG<br \/>\n-Mod\u00e8le: Galaxy M35 5G<br \/>\n-Sortie: mars 2024<\/p>\n<p style=\"font-size: 60%;\"><b>\u2022IDENTIFICATION<\/b>:<br \/>\n&#8211; Marque: SAMSUNG<br \/>\n&#8211; Mod\u00e8le: Galaxy M35 5G<br \/>\n&#8211; Sortie: mai 2024<\/p>\n<p style=\"font-size: 60%;\"><b>\u2022PRESENTATION PHYSIQUE<\/b>:<br \/>\n&#8211; Dimensions: 162.3\u00d778.6\u00d79.1 mm<br \/>\n&#8211; Poids: 222 gr<br \/>\n&#8211; Carte SIM: dual Nano-SIM<br \/>\n&#8211; Mat\u00e9riaux: Fa\u00e7ade et arri\u00e8re en verre, cadre en plastique<br \/>\n&#8211; Couleur: Bleu fonc\u00e9, Blue clair, Gris<\/p>\n<p style=\"font-size: 60%;\">\u00a0 <b>\u2022ECRAN et AFFICHAGE<\/b>:<br \/>\n&#8211; Type: Super AMOLED, 120Hz, 1000 nits (HBM)<br \/>\n&#8211; Taille: 6,6 pouces<br \/>\n&#8211; R\u00e9solution: 1080\u00d72340 pixels<br \/>\n&#8211; Protection: Verre Gorilla Victus+<\/p>\n<p style=\"font-size: 60%;\">\u00a0\u00a0 <b>\u2022PLATEFORME<\/b>:<br \/>\n&#8211; Syst\u00e8me d&rsquo;exploitation: Android 14, One UI 6.1<br \/>\n&#8211; Navigateur Web: HTML5<br \/>\n&#8211; Chipset: Exynos 1380 (5nm)<br \/>\n&#8211; Processeur (CPU): Octa-core (4\u00d72.4 GHz Cortex-A78 &amp; 4\u00d72.0 GHz Cortex-A55)<br \/>\n&#8211; Processeur graphique (GPU): Mali-G68 MP5<\/p>\n<p style=\"font-size: 60%;\">\u00a0 <b>\u2022R\u00c9SEAU et CONNECTIVIT\u00c9<\/b>:<br \/>\n&#8211; R\u00e9seau cellulaire: GSM\/HSPA\/LTE\/5G<br \/>\n&#8211; WLAN: Wifi 802.11 a\/b\/g\/n\/ac\/6; Dual band, Hotspot<br \/>\n&#8211; Bluetooth: 5.3, A2DP, LE<br \/>\n&#8211; Localisation: GPS, GLONASS, GALILEO, BDS<br \/>\n&#8211; NFC: oui<br \/>\n&#8211; USB: Type-C 2.0 OTG<br \/>\n&#8211; Capteurs: empreinte digitale (mont\u00e9e sur le c\u00f4t\u00e9 ), acc\u00e9l\u00e9rom\u00e8tre, proximit\u00e9<\/p>\n<p style=\"font-size: 60%;\">\u00a0 <b>\u2022MEMOIRE et STOCKAGE<\/b>:<br \/>\n&#8211; M\u00e9moire interne: 128GB 6GB RAM, 128GB 8GB RAM, 256GB 8GB RAM<br \/>\n&#8211; Carte m\u00e9moire: oui (slot partag\u00e9)<\/p>\n<p style=\"font-size: 60%;\">\u00a0 <b>\u2022PHOTO et VIDEO<\/b>:<br \/>\n&#8211; Camera Arri\u00e8re: 50MP+8MP+2MP<br \/>\nFlash LED, HDR, panorama<br \/>\nVideo:4K \u00e0 30 ips, 1080p \u00e0 30\/60 ips, gyro-EIS<br \/>\n&#8211; Camera Avant: 13MP<br \/>\nHDR, Panorama<br \/>\nVideo: 4K \u00e0 30i ps, 1080p \u00e0 30\/60 ips<\/p>\n<p style=\"font-size: 60%;\">\u00a0 <b>\u2022AUDIO et SON<\/b>:<br \/>\n&#8211; Haut parleur: oui avec st\u00e9r\u00e9o<br \/>\n&#8211; Prise Jack 3,5 mm: non<\/p>\n<p style=\"font-size: 60%;\">\u00a0 <b>\u2022CHARGE et AUTONOMIE<\/b>:<br \/>\n&#8211; Batterie: Li-ion 6000mAh non amovible<br \/>\n&#8211; Mise en charge: 25w filaire<\/p>","protected":false},"excerpt":{"rendered":"<ul style=\"font-size: 70%;\">\n<li>Marque: <strong>SAMSUNG<\/strong><\/li>\n<li>Mod\u00e8le: <strong>Galaxy M35 5G<\/strong><\/li>\n<li>Taille d&rsquo;\u00e9cran:<strong> 6.6 pouces<\/strong><\/li>\n<li>Stockage: <b>256<\/b>\u00a0<strong>Go\u00a0<\/strong><\/li>\n<li>M\u00e9moire vive: <strong>8<\/strong>\u00a0<strong>Go\u00a0<\/strong><\/li>\n<li>Syst\u00e8me d\u2019exploitation: <strong>Android 14; One UI 6.1<\/strong><\/li>\n<li>Puces: <strong>DUAL nano sim<\/strong><\/li>\n<li>Cam\u00e9ra arri\u00e8re:<strong> 50MP+8MP+2MP<\/strong><\/li>\n<li>Camera avant:<strong> 13MP<\/strong><\/li>\n<li>R\u00e9seau: <strong>2G, 3G, 4G, 5G<\/strong><\/li>\n<li>Connectivit\u00e9: <strong>Bluetooth, wifi, usb type C<\/strong><\/li>\n<li>Batterie:<strong> 6000mAh<\/strong><\/li>\n<li>Couleur: <b>bleu clair, Maron, bleu fonc\u00e9<\/b><\/li>\n<\/ul>","protected":false},"featured_media":10020,"comment_status":"open","ping_status":"closed","template":"","meta":[],"product_brand":[],"product_cat":[67,44],"product_tag":[],"class_list":{"0":"post-6482","1":"product","2":"type-product","3":"status-publish","4":"has-post-thumbnail","6":"product_cat-tous-telephones","7":"product_cat-samsung-phone","9":"first","10":"instock","11":"shipping-taxable","12":"purchasable","13":"product-type-simple"},"jetpack_sharing_enabled":true,"_links":{"self":[{"href":"https:\/\/eltel.shop\/en\/wp-json\/wp\/v2\/product\/6482","targetHints":{"allow":["GET"]}}],"collection":[{"href":"https:\/\/eltel.shop\/en\/wp-json\/wp\/v2\/product"}],"about":[{"href":"https:\/\/eltel.shop\/en\/wp-json\/wp\/v2\/types\/product"}],"replies":[{"embeddable":true,"href":"https:\/\/eltel.shop\/en\/wp-json\/wp\/v2\/comments?post=6482"}],"wp:featuredmedia":[{"embeddable":true,"href":"https:\/\/eltel.shop\/en\/wp-json\/wp\/v2\/media\/10020"}],"wp:attachment":[{"href":"https:\/\/eltel.shop\/en\/wp-json\/wp\/v2\/media?parent=6482"}],"wp:term":[{"taxonomy":"product_brand","embeddable":true,"href":"https:\/\/eltel.shop\/en\/wp-json\/wp\/v2\/product_brand?post=6482"},{"taxonomy":"product_cat","embeddable":true,"href":"https:\/\/eltel.shop\/en\/wp-json\/wp\/v2\/product_cat?post=6482"},{"taxonomy":"product_tag","embeddable":true,"href":"https:\/\/eltel.shop\/en\/wp-json\/wp\/v2\/product_tag?post=6482"}],"curies":[{"name":"wp","href":"https:\/\/api.w.org\/{rel}","templated":true}]}}