{"id":6475,"date":"2024-12-21T21:42:45","date_gmt":"2024-12-21T20:42:45","guid":{"rendered":"https:\/\/eltel.shop\/?post_type=product&#038;p=6475"},"modified":"2025-10-25T12:34:44","modified_gmt":"2025-10-25T11:34:44","slug":"galaxy-a55-5g-256gb-8gb","status":"publish","type":"product","link":"https:\/\/eltel.shop\/en\/boutique\/tous-telephones\/galaxy-a55-5g-256gb-8gb\/","title":{"rendered":"Galaxy A55 5G- 256GB\/8GB &#8211; 50MP+12MP+5MP\/32MP &#8211; 5000mAh &#8211; garantie 24 mois (neuf)"},"content":{"rendered":"<h2 style=\"font-size: 85%;\"><strong>Sp\u00e9cification du Galaxy A55 5G<\/strong><\/h2>\n<p style=\"font-size: 60%;\">-Marque: SAMSUNG<br \/>\n-Mod\u00e8le: Galaxy A55 5G<br \/>\n-Sortie: mars 2024<\/p>\n<p style=\"font-size: 60%;\">\u2022<strong>CARACT\u00c9RISTIQUES PHYSIQUES:<\/strong><br \/>\n-Dimensions: 161.1\u00d777.4\u00d78.2 mm<br \/>\n-Poids: 213 gr<br \/>\n-Carte SIM: dual Nano-SIM , sim unique et eSIM<br \/>\n-Mat\u00e9riaux: Fa\u00e7ade en verre, arri\u00e8re en verre et cadre en plastique<br \/>\n-Couleur: Bleu glacier, lilas, bleu marine, citron<\/p>\n<p style=\"font-size: 60%;\">\u2022<strong>ECRAN et AFFICHAGE:<\/strong><br \/>\n-Type: Super AMOLED, HDR10+, 1000 nits (HBM)<br \/>\n-Taille: 6,6 pouces<br \/>\n-R\u00e9solution: 1080\u00d72340 pixels<br \/>\n-Fr\u00e9quence d&rsquo;affichage: 120Hz<br \/>\n-Protection: Verre Gorilla Victus+<\/p>\n<p style=\"font-size: 60%;\"><strong>\u2022PLATEFORME:<\/strong><br \/>\n-Syst\u00e8me d`exploitation: Android 14, One UI 6.1<br \/>\n-Navigateur Web: HTML5<br \/>\n-Chipset: Exynos 1480 (4 nm)<br \/>\n-Processeur (CPU): Octa-core (4\u00d72.75 GHz Cortex-A78 &amp; 4\u00d72.0 GHz Cortex-A55)<br \/>\n-Processeur graphique (GPU): Xclipse 530<\/p>\n<p style=\"font-size: 60%;\">\u2022<strong>R\u00c9SEAU et CONNECTIVIT\u00c9<\/strong>:<br \/>\n-R\u00e9seau cellulaire: GSM\/HSPA\/LTE\/5G<br \/>\n-WLAN: Wifi 802.11 a\/b\/g\/n\/ac\/6; Dual band, Hotspot<br \/>\n-Bluetooth: 5.3, A2DP, LE<br \/>\n-Localisation: GPS, GLONASS, GALILEO,BDS<br \/>\n-NFC: oui<br \/>\n-USB: Type-C 2.0 OTG<br \/>\n-Capteurs: empreinte digitale (mont\u00e9e sous l&rsquo;\u00e9cran), acc\u00e9l\u00e9rom\u00e8tre, proximit\u00e9<\/p>\n<p style=\"font-size: 60%;\">\u2022<strong>MEMOIRE et STOCKAGE:<\/strong><br \/>\n-M\u00e9moire interne: 128GB 8GB RAM, 256GB 8GB RAM, 256GB 12GB RAM<br \/>\n-Carte m\u00e9moire: microSDXC partag\u00e9<\/p>\n<p style=\"font-size: 60%;\">\u2022<strong>PHOTO et VIDEO:<\/strong><br \/>\n-Camera Arri\u00e8re: 50MP+12MP+5MP<br \/>\nFlash arri\u00e8re LED, HDR, panorama<br \/>\nVideo: 4K \u00e0 30ips, 1080p \u00e0 30\/60ips, gyro-EIS<br \/>\n-Camera Avant: 32MP<br \/>\nHDR, panorama<br \/>\nVideo:4K \u00e0 30ips, 1080p \u00e0 30\/60ips<\/p>\n<p style=\"font-size: 60%;\">\u2022<strong>AUDIO et SON:<\/strong><br \/>\n-Radio FM: non<br \/>\n-Haut parleur: oui avec st\u00e9r\u00e9o<\/p>\n<p style=\"font-size: 60%;\">\u2022<strong>CHARGE et AUTONOMIE:<\/strong><br \/>\n-Batterie: Li-Ion 5000mAh non amovible<br \/>\n-Mise en charge: 25w filaire<\/p>","protected":false},"excerpt":{"rendered":"<ul style=\"font-size: 70%;\">\n<li>Marque: <strong>SAMSUNG<\/strong><\/li>\n<li>Mod\u00e8le: <strong>Galaxy A55 5G<\/strong><\/li>\n<li>Taille d&rsquo;\u00e9cran:<strong> 6.6 pouces<\/strong><\/li>\n<li>Stockage: <b>256<\/b>\u00a0<strong>Go\u00a0<\/strong><\/li>\n<li>M\u00e9moire vive: <strong>8<\/strong>\u00a0<strong>Go\u00a0<\/strong><\/li>\n<li>Syst\u00e8me d\u2019exploitation: <strong>Android 14; One UI 6.1<\/strong><\/li>\n<li>Puces: <strong>DUAL nano sim<\/strong><\/li>\n<li>Cam\u00e9ra arri\u00e8re:<strong> 50MP+12MP+5MP<\/strong><\/li>\n<li>Camera avant:<strong> 32MP<\/strong><\/li>\n<li>R\u00e9seau: <strong>2G, 3G, 4G, 5G<\/strong><\/li>\n<li>Connectivit\u00e9: <strong>Bluetooth, wifi, usb type C<\/strong><\/li>\n<li>Batterie:<strong> 5000mAh<\/strong><\/li>\n<li>Couleur: <strong>noir,<\/strong><\/li>\n<\/ul>","protected":false},"featured_media":1186,"comment_status":"open","ping_status":"closed","template":"","meta":[],"product_brand":[],"product_cat":[67,44],"product_tag":[],"class_list":{"0":"post-6475","1":"product","2":"type-product","3":"status-publish","4":"has-post-thumbnail","6":"product_cat-tous-telephones","7":"product_cat-samsung-phone","9":"first","10":"instock","11":"shipping-taxable","12":"purchasable","13":"product-type-simple"},"jetpack_sharing_enabled":true,"_links":{"self":[{"href":"https:\/\/eltel.shop\/en\/wp-json\/wp\/v2\/product\/6475","targetHints":{"allow":["GET"]}}],"collection":[{"href":"https:\/\/eltel.shop\/en\/wp-json\/wp\/v2\/product"}],"about":[{"href":"https:\/\/eltel.shop\/en\/wp-json\/wp\/v2\/types\/product"}],"replies":[{"embeddable":true,"href":"https:\/\/eltel.shop\/en\/wp-json\/wp\/v2\/comments?post=6475"}],"wp:featuredmedia":[{"embeddable":true,"href":"https:\/\/eltel.shop\/en\/wp-json\/wp\/v2\/media\/1186"}],"wp:attachment":[{"href":"https:\/\/eltel.shop\/en\/wp-json\/wp\/v2\/media?parent=6475"}],"wp:term":[{"taxonomy":"product_brand","embeddable":true,"href":"https:\/\/eltel.shop\/en\/wp-json\/wp\/v2\/product_brand?post=6475"},{"taxonomy":"product_cat","embeddable":true,"href":"https:\/\/eltel.shop\/en\/wp-json\/wp\/v2\/product_cat?post=6475"},{"taxonomy":"product_tag","embeddable":true,"href":"https:\/\/eltel.shop\/en\/wp-json\/wp\/v2\/product_tag?post=6475"}],"curies":[{"name":"wp","href":"https:\/\/api.w.org\/{rel}","templated":true}]}}