{"id":5780,"date":"2024-11-13T12:07:51","date_gmt":"2024-11-13T11:07:51","guid":{"rendered":"https:\/\/eltel.shop\/?post_type=product&#038;p=5780"},"modified":"2026-03-03T10:56:38","modified_gmt":"2026-03-03T09:56:38","slug":"galaxy-m05-64gb-4gb","status":"publish","type":"product","link":"https:\/\/eltel.shop\/en\/boutique\/tous-telephones\/galaxy-m05-64gb-4gb\/","title":{"rendered":"Galaxy M05 &#8211; 64GB\/4GB &#8211; 2sim &#8211; 50MP+2MP\/5MP &#8211; 5000mAh &#8211; garantie 24 mois (neuf)"},"content":{"rendered":"<h2 style=\"font-size: 85%; text-align: center;\"><strong>Sp\u00e9cification compl\u00e8te du Galaxy M05<\/strong><\/h2>\n<p style=\"font-size: 60%;\"><b>\u2022IDENTIFICATION<\/b>:<br \/>\n&#8211; Marque: SAMSUNG<br \/>\n&#8211; Mod\u00e8le: Galaxy M05<br \/>\n&#8211; Sortie: septembre 2024<\/p>\n<p style=\"font-size: 60%;\"><b>\u2022PRESENTATION PHYSIQUE<\/b>:<br \/>\n&#8211; Dimensions: 168.8\u00d778.2\u00d78.8 mm<br \/>\n&#8211; Poids: 195 gr<br \/>\n&#8211; Carte SIM: dual Nano-SIM<br \/>\n&#8211; Mat\u00e9riaux: Fa\u00e7ade en verre, arri\u00e8re et cadre en plastique<br \/>\n&#8211; Couleur: vert Menthe<\/p>\n<p style=\"font-size: 60%;\">\u00a0 <b>\u2022ECRAN et AFFICHAGE<\/b>:<br \/>\n&#8211; Type: IPS LCD<br \/>\n&#8211; Taille: 6,7 pouces<br \/>\n&#8211; R\u00e9solution: 720\u00d71600 pixels<\/p>\n<p style=\"font-size: 60%;\">\u00a0\u00a0 <b>\u2022PLATEFORME<\/b>:<br \/>\n&#8211; Syst\u00e8me d&rsquo;exploitation: Android 14, jusqu&rsquo;\u00e0 2 mises \u00e0 jour majeures d&rsquo;Android, One UI Core 6.0<br \/>\n&#8211; Navigateur Web: HTML5<br \/>\n&#8211; Chipset: Mediatek Helio G85 (12 nm)<br \/>\n&#8211; Processeur (CPU): Octa-core (2\u00d72.0 GHz Cortex-A75 &amp; 6\u00d71.8 GHz Cortex-A55)<br \/>\n&#8211; Processeur graphique (GPU): Mali-G52 MC2<\/p>\n<p style=\"font-size: 60%;\">\u00a0 <b>\u2022R\u00c9SEAU et CONNECTIVIT\u00c9<\/b>:<br \/>\n&#8211; R\u00e9seau cellulaire: GSM\/HSPA\/LTE\/5G<br \/>\n&#8211; WLAN: Wifi 802.11 a\/b\/g\/n\/ac; Dual band, Hotspot<br \/>\n&#8211; Bluetooth: 5.3, A2DP, LE<br \/>\n&#8211; Localisation: GPS, GLONASS, GALILEO, BDS<br \/>\n&#8211; NFC: non<br \/>\n&#8211; USB: Type-C 2.0<br \/>\n&#8211; Capteurs: empreinte digitale (mont\u00e9e sur le c\u00f4t\u00e9), acc\u00e9l\u00e9rom\u00e8tre, proximit\u00e9<\/p>\n<p style=\"font-size: 60%;\">\u00a0 <b>\u2022MEMOIRE et STOCKAGE<\/b>:<br \/>\n&#8211; M\u00e9moire interne: 64GB 4GB RAM<br \/>\n&#8211; Carte m\u00e9moire: oui (slot d\u00e9di\u00e9)<\/p>\n<p style=\"font-size: 60%;\">\u00a0 <b>\u2022PHOTO et VIDEO<\/b>:<br \/>\n&#8211; Camera Arri\u00e8re: 50MP+2M<br \/>\nFlash LED, HDR, panorama<br \/>\nVideo: 1080p \u00e0 30\/60 ips<br \/>\n&#8211; Camera Avant: 8MP<br \/>\nHDR, Panorama<br \/>\nVideo: oui<\/p>\n<p style=\"font-size: 60%;\">\u00a0 <b>\u2022AUDIO et SON<\/b>:<br \/>\n&#8211; Radio FM: non<br \/>\n&#8211; Haut parleur: oui<br \/>\n&#8211; Prise Jack 3,5 mm: oui<\/p>\n<p style=\"font-size: 60%;\">\u00a0 <b>\u2022CHARGE et AUTONOMIE<\/b>:<br \/>\n&#8211; Batterie: Li-ion 5000mAh non amovible<br \/>\n&#8211; Mise en charge: 25 w filaire<\/p>","protected":false},"excerpt":{"rendered":"<ul style=\"font-size: 70%;\">\n<li>Marque: <strong>SAMSUNG<\/strong><\/li>\n<li>Mod\u00e8le: <strong>Galaxy M05<\/strong><\/li>\n<li>Taille d&rsquo;\u00e9cran:<strong> 6,7 pouces<\/strong><\/li>\n<li>Stockage:\u00a0 <strong>64 Go\u00a0<\/strong><\/li>\n<li>M\u00e9moire vive: <strong>4<\/strong> <strong>Go\u00a0<\/strong><\/li>\n<li>Syst\u00e8me d\u2019exploitation: <strong>Android 14, One UI Core 6.0<\/strong><\/li>\n<li>Puces: <strong>DUAL nano sim<\/strong><\/li>\n<li>Cam\u00e9ra arri\u00e8re: <strong>50MP+2MP<\/strong><\/li>\n<li>Camera avant:<strong> 8MP<\/strong><\/li>\n<li>R\u00e9seau: <strong>2G, 3G, 4G<\/strong><\/li>\n<li>Connectivit\u00e9: <strong>Bluetooth, wifi, usb type C,<\/strong><\/li>\n<li>Batterie: <strong>5000 mAh<\/strong><\/li>\n<li>Couleur: <strong>vert<\/strong><\/li>\n<\/ul>","protected":false},"featured_media":10023,"comment_status":"open","ping_status":"closed","template":"","meta":[],"product_brand":[],"product_cat":[67,44],"product_tag":[],"class_list":{"0":"post-5780","1":"product","2":"type-product","3":"status-publish","4":"has-post-thumbnail","6":"product_cat-tous-telephones","7":"product_cat-samsung-phone","9":"first","10":"instock","11":"shipping-taxable","12":"purchasable","13":"product-type-simple"},"jetpack_sharing_enabled":true,"_links":{"self":[{"href":"https:\/\/eltel.shop\/en\/wp-json\/wp\/v2\/product\/5780","targetHints":{"allow":["GET"]}}],"collection":[{"href":"https:\/\/eltel.shop\/en\/wp-json\/wp\/v2\/product"}],"about":[{"href":"https:\/\/eltel.shop\/en\/wp-json\/wp\/v2\/types\/product"}],"replies":[{"embeddable":true,"href":"https:\/\/eltel.shop\/en\/wp-json\/wp\/v2\/comments?post=5780"}],"wp:featuredmedia":[{"embeddable":true,"href":"https:\/\/eltel.shop\/en\/wp-json\/wp\/v2\/media\/10023"}],"wp:attachment":[{"href":"https:\/\/eltel.shop\/en\/wp-json\/wp\/v2\/media?parent=5780"}],"wp:term":[{"taxonomy":"product_brand","embeddable":true,"href":"https:\/\/eltel.shop\/en\/wp-json\/wp\/v2\/product_brand?post=5780"},{"taxonomy":"product_cat","embeddable":true,"href":"https:\/\/eltel.shop\/en\/wp-json\/wp\/v2\/product_cat?post=5780"},{"taxonomy":"product_tag","embeddable":true,"href":"https:\/\/eltel.shop\/en\/wp-json\/wp\/v2\/product_tag?post=5780"}],"curies":[{"name":"wp","href":"https:\/\/api.w.org\/{rel}","templated":true}]}}