{"id":5092,"date":"2024-09-05T12:25:06","date_gmt":"2024-09-05T11:25:06","guid":{"rendered":"https:\/\/eltel.shop\/?post_type=product&#038;p=5092"},"modified":"2025-08-27T10:07:40","modified_gmt":"2025-08-27T09:07:40","slug":"galaxy-tab-s9-plus-5g-12-4-pouces-256gb-12gb","status":"publish","type":"product","link":"https:\/\/eltel.shop\/en\/boutique\/toutes-tablettes\/galaxy-tab-s9-plus-5g-12-4-pouces-256gb-12gb\/","title":{"rendered":"Galaxy Tab S9+ 5G &#8211; 12.4 pouces &#8211; 256GB\/12GB &#8211; 10090mAh &#8211; garantie 24 mois (neuf)"},"content":{"rendered":"<h2 style=\"font-size: 85%;\"><strong>Sp\u00e9cification du Galaxy Tab S9+ 5G<\/strong><\/h2>\n<p style=\"font-size: 60%;\"><b>\u2022IDENTIFICATION:<\/b><br \/>\n&#8211; Marque: SAMSUNG<br \/>\n&#8211; Mod\u00e8le: Galaxy Tab S9+<br \/>\n&#8211; Sortie: aout 2023<br \/>\n<b><\/b><\/p>\n<p style=\"font-size: 60%;\"><b>\u2022PRESENTATION PHYSIQUE:<\/b><br \/>\n&#8211; Dimensions: 285.4\u00d7185.4\u00d75.7 mm<br \/>\n&#8211; Poids: 586 gr (581 gr Wi-Fi)<br \/>\n&#8211; Carte SIM: Nano-SIM e-sim<br \/>\n&#8211; Mat\u00e9riaux: Fa\u00e7ade en verre, arri\u00e8re et cadre en aluminium<br \/>\n&#8211; Couleur: beige, graphite<br \/>\n<b><\/b><\/p>\n<p style=\"font-size: 60%;\"><b>\u2022ECRAN et AFFICHAGE:<\/b><br \/>\n&#8211; Type: Dynamic AMOLED 2X, 120Hz, HDR10+<br \/>\n&#8211; Taille: 12.4 pouces<br \/>\n&#8211; R\u00e9solution: 1752\u00d72800 pixels<br \/>\n<b><\/b><\/p>\n<p style=\"font-size: 60%;\"><b>\u2022PLATEFORME:<\/b><br \/>\n&#8211; Syst\u00e8me d&rsquo;exploitation: Android 14 \u00e0 18<br \/>\n&#8211; Navigateur Web: HTML5<br \/>\n&#8211; Chipset: Qualcomm SM8550-AC Snapdragon 8 Gen 2 (4 nm)<br \/>\n&#8211; Processeur (CPU): Octa-core (1\u00d73.36 GHz Cortex-X3 &amp; 2\u00d72.8 GHz Cortex-A715 &amp; 2\u00d72.8 GHz Cortex-A710 &amp; 3\u00d72.0 GHz Cortex-A510)<br \/>\n&#8211; Processeur graphique (GPU): Adreno 740<br \/>\n<b><\/b><\/p>\n<p style=\"font-size: 60%;\"><b>\u2022R\u00c9SEAU et CONNECTIVIT\u00c9:<\/b><br \/>\n&#8211; R\u00e9seau cellulaire: GSM\/HSPA\/LTE\/5G<br \/>\n&#8211; WLAN: Wifi 802.11 a\/b\/g\/n\/ac\/6e; Tri-band, Hotspot<br \/>\n&#8211; Bluetooth: 5.3, A2DP, LE<br \/>\n&#8211; Localisation: GPS, GLONASS, GALILEO, BDS<br \/>\n&#8211; NFC: non<br \/>\n&#8211; USB: Type-C 3.2 magnetic connector<br \/>\n&#8211; Capteurs: empreinte digitale (mont\u00e9e sous l&rsquo;ecran), acc\u00e9l\u00e9rom\u00e8tre, proximit\u00e9<br \/>\n<b><\/b><\/p>\n<p style=\"font-size: 60%;\"><b>\u2022MEMOIRE et STOCKAGE:<\/b><br \/>\n&#8211; M\u00e9moire interne: 256GB 12GB RAM, 512GB 12GB RAM<br \/>\n&#8211; Carte m\u00e9moire: oui d\u00e9di\u00e9<br \/>\n<b><\/b><\/p>\n<p style=\"font-size: 60%;\"><b>\u2022PHOTO et VIDEO:<\/b><br \/>\n&#8211; Camera Arri\u00e8re: 13MP+8MP<br \/>\nFlash LED, HDR, panorama<br \/>\nVideo: 4K \u00e0 30 ips, 1080p \u00e0 30 ips<br \/>\n&#8211; Camera Avant: 12MP<br \/>\nHDR,<br \/>\nVideo: 4K \u00e0 30 ips, 1080p 30 ips<br \/>\n<b><\/b><\/p>\n<p style=\"font-size: 60%;\"><b>\u2022AUDIO et SON:<\/b><br \/>\n&#8211; Radio FM: non<br \/>\n&#8211; Haut parleur: oui avec stereo<br \/>\n&#8211; Prise Jack 3,5 mm: non<br \/>\n<b><\/b><\/p>\n<p style=\"font-size: 60%;\"><b>\u2022CHARGE et AUTONOMIE:<\/b><br \/>\n&#8211; Batterie: Li-Po 10090mAh non amovible<br \/>\n&#8211; Mise en charge: 45w filaire<\/p>","protected":false},"excerpt":{"rendered":"<ul style=\"font-size: 70%;\">\n<li>Marque:<strong> Samsung<\/strong><\/li>\n<li>Mod\u00e8le:<strong> Galaxy Tab S9+ 5G<\/strong><\/li>\n<li>Taille d&rsquo;\u00e9cran: <strong>12.4<\/strong>\u00a0<strong>pouces<\/strong><\/li>\n<li>Stockage:<strong> 256 <\/strong><strong>Go\u00a0<\/strong><\/li>\n<li>M\u00e9moire vive<strong>: 12 Go\u00a0<\/strong><\/li>\n<li>Syst\u00e8me d\u2019exploitation:<strong> Android 13<\/strong><\/li>\n<li>Puces: <strong>nano sim<\/strong><\/li>\n<li>Cam\u00e9ra arri\u00e8re:<strong> 13MP+8MP<\/strong><\/li>\n<li>Camera avant:<strong> 12MP<\/strong><\/li>\n<li>R\u00e9seau: <strong>2G, 3G, 4G, 5G<\/strong><\/li>\n<li>Connectivit\u00e9: <strong>Bluetooth, wifi,<\/strong><\/li>\n<li>Interface usb:<strong> type C 3.2\u00a0<\/strong><\/li>\n<li>Batterie:<strong> 10090 mAh<\/strong><\/li>\n<li>Couleur:<strong> graphite, beige<\/strong><\/li>\n<\/ul>","protected":false},"featured_media":5197,"comment_status":"open","ping_status":"closed","template":"","meta":[],"product_brand":[],"product_cat":[71,44],"product_tag":[],"class_list":{"0":"post-5092","1":"product","2":"type-product","3":"status-publish","4":"has-post-thumbnail","6":"product_cat-toutes-tablettes","7":"product_cat-samsung-phone","9":"first","10":"instock","11":"shipping-taxable","12":"purchasable","13":"product-type-simple"},"jetpack_sharing_enabled":true,"_links":{"self":[{"href":"https:\/\/eltel.shop\/en\/wp-json\/wp\/v2\/product\/5092","targetHints":{"allow":["GET"]}}],"collection":[{"href":"https:\/\/eltel.shop\/en\/wp-json\/wp\/v2\/product"}],"about":[{"href":"https:\/\/eltel.shop\/en\/wp-json\/wp\/v2\/types\/product"}],"replies":[{"embeddable":true,"href":"https:\/\/eltel.shop\/en\/wp-json\/wp\/v2\/comments?post=5092"}],"wp:featuredmedia":[{"embeddable":true,"href":"https:\/\/eltel.shop\/en\/wp-json\/wp\/v2\/media\/5197"}],"wp:attachment":[{"href":"https:\/\/eltel.shop\/en\/wp-json\/wp\/v2\/media?parent=5092"}],"wp:term":[{"taxonomy":"product_brand","embeddable":true,"href":"https:\/\/eltel.shop\/en\/wp-json\/wp\/v2\/product_brand?post=5092"},{"taxonomy":"product_cat","embeddable":true,"href":"https:\/\/eltel.shop\/en\/wp-json\/wp\/v2\/product_cat?post=5092"},{"taxonomy":"product_tag","embeddable":true,"href":"https:\/\/eltel.shop\/en\/wp-json\/wp\/v2\/product_tag?post=5092"}],"curies":[{"name":"wp","href":"https:\/\/api.w.org\/{rel}","templated":true}]}}