{"id":5081,"date":"2024-09-05T08:22:08","date_gmt":"2024-09-05T07:22:08","guid":{"rendered":"https:\/\/eltel.shop\/?post_type=product&#038;p=5081"},"modified":"2025-08-28T11:21:14","modified_gmt":"2025-08-28T10:21:14","slug":"galaxy-tab-s6-lite-10-4-pouces-64gb-4gb","status":"publish","type":"product","link":"https:\/\/eltel.shop\/en\/boutique\/toutes-tablettes\/galaxy-tab-s6-lite-10-4-pouces-64gb-4gb\/","title":{"rendered":"Galaxy Tab S6 Lite &#8211; 10.4 pouces &#8211; 64GB\/4GB &#8211; 7040mAh &#8211; garantie 12 mois (neuf)"},"content":{"rendered":"<h2 style=\"font-size: 85%;\"><strong>Sp\u00e9cification du Galaxy Tab S6 Lite<\/strong><\/h2>\n<p style=\"font-size: 60%;\"><b>\u2022IDENTIFICATION:<\/b><br \/>\n&#8211; Marque: SAMSUNG<br \/>\n&#8211; Mod\u00e8le: Galaxy Tab S6 Lite<br \/>\n&#8211; Sortie: mai 2020<br \/>\n<b><\/b><\/p>\n<p style=\"font-size: 60%;\"><b>\u2022PRESENTATION PHYSIQUE:<\/b><br \/>\n&#8211; Dimensions: 244.5\u00d7154.3\u00d77 mm<br \/>\n&#8211; Poids: 467 gr<br \/>\n&#8211; Carte SIM: Nano-SIM<br \/>\n&#8211; Mat\u00e9riaux: Fa\u00e7ade en verre, arri\u00e8re et cadre m\u00e9tallique<br \/>\n&#8211; Couleur: Violet, Bleu, Gris<br \/>\n<b><\/b><\/p>\n<p style=\"font-size: 60%;\"><b>\u2022ECRAN et AFFICHAGE:<\/b><br \/>\n&#8211; Type: TFT LCD<br \/>\n&#8211; Taille: 10,4 pouces<br \/>\n&#8211; R\u00e9solution: 1200\u00d72000 pixels<br \/>\n<b><\/b><\/p>\n<p style=\"font-size: 60%;\"><b>\u2022PLATEFORME:<\/b><br \/>\n&#8211; Syst\u00e8me d&rsquo;exploitation: Android 10 \u00e0 13, One UI 5<br \/>\n&#8211; Navigateur Web: HTML5<br \/>\n&#8211; Chipset: Exynos 9611 (10 nm)<br \/>\n&#8211; Processeur (CPU): Octa-core (4\u00d72.3 GHz Cortex-A73 &amp; 4\u00d71.7 GHz Cortex-A53)<br \/>\n&#8211; Processeur graphique (GPU): Mali-G72 MP3<br \/>\n<b><\/b><\/p>\n<p style=\"font-size: 60%;\"><b>\u2022R\u00c9SEAU et CONNECTIVIT\u00c9:<\/b><br \/>\n&#8211; R\u00e9seau cellulaire: GSM\/HSPA\/LTE<br \/>\n&#8211; WLAN: Wifi 802.11 a\/b\/g\/n\/ac; Dual band, Hotspot<br \/>\n&#8211; Bluetooth: 5.0, A2DP, LE<br \/>\n&#8211; Localisation: GPS, GLONASS, GALILEO, BDS<br \/>\n&#8211; NFC: non<br \/>\n&#8211; USB: Type-C 2.0<br \/>\n&#8211; Capteurs: acc\u00e9l\u00e9rom\u00e8tre, proximity, gyro<br \/>\n<b><\/b><\/p>\n<p style=\"font-size: 60%;\"><b>\u2022MEMOIRE et STOCKAGE:<\/b><br \/>\n&#8211; M\u00e9moire interne: 64GB 4GB RAM, 128GB 4GB RAM<br \/>\n&#8211; Carte m\u00e9moire: oui d\u00e9di\u00e9<br \/>\n<b><\/b><\/p>\n<p style=\"font-size: 60%;\"><b>\u2022PHOTO et VIDEO:<\/b><br \/>\n&#8211; Camera Arri\u00e8re: 8MP<br \/>\nFlash LED, HDR, panorama<br \/>\nVideo: 1080p \u00e0 30ips<br \/>\n&#8211; Camera Avant: 5MP<br \/>\nHDR,<br \/>\nVideo: 1080p \u00e0 30ips<br \/>\n<b><\/b><\/p>\n<p style=\"font-size: 60%;\"><b>\u2022AUDIO et SON:<\/b><br \/>\n&#8211; Radio FM: non<br \/>\n&#8211; Haut parleur: oui<br \/>\n&#8211; Prise Jack 3,5 mm: oui<br \/>\n<b><\/b><\/p>\n<p style=\"font-size: 60%;\"><b>\u2022CHARGE et AUTONOMIE:<\/b><br \/>\n&#8211; Batterie: Li-Po 7040mAh non amovible<br \/>\n&#8211; Mise en charge: 15 w filaire<\/p>","protected":false},"excerpt":{"rendered":"<ul style=\"font-size: 70%;\">\n<li>Marque:<strong> Samsung<\/strong><\/li>\n<li>Mod\u00e8le:<strong> Galaxy Tab S6 Lite<\/strong><\/li>\n<li>Taille d&rsquo;\u00e9cran: <strong>10.4<\/strong> <strong>pouces<\/strong><\/li>\n<li>Stockage:<strong> 64<\/strong><strong>Go\u00a0<\/strong><\/li>\n<li>M\u00e9moire vive<strong>: 4Go\u00a0<\/strong><\/li>\n<li>Syst\u00e8me d\u2019exploitation:<strong> Android 10-13,<\/strong><\/li>\n<li>Puces: <strong>nano sim<\/strong><\/li>\n<li>Cam\u00e9ra arri\u00e8re:<strong> 8MP<\/strong><\/li>\n<li>Camera avant:<strong> 5MP<\/strong><\/li>\n<li>R\u00e9seau: <strong>2G, 3G, 4G<\/strong><\/li>\n<li>Connectivit\u00e9: <strong>Bluetooth, wifi,<\/strong><\/li>\n<li>Interface usb:<strong> type C 2.0\u00a0<\/strong><\/li>\n<li>Batterie:<strong> 7040 mAh<\/strong><\/li>\n<li>Couleur:<strong> bleu, gris, rose<\/strong><\/li>\n<\/ul>","protected":false},"featured_media":5104,"comment_status":"open","ping_status":"closed","template":"","meta":[],"product_brand":[],"product_cat":[71,44],"product_tag":[],"class_list":{"0":"post-5081","1":"product","2":"type-product","3":"status-publish","4":"has-post-thumbnail","6":"product_cat-toutes-tablettes","7":"product_cat-samsung-phone","9":"first","10":"instock","11":"shipping-taxable","12":"purchasable","13":"product-type-simple"},"jetpack_sharing_enabled":true,"_links":{"self":[{"href":"https:\/\/eltel.shop\/en\/wp-json\/wp\/v2\/product\/5081","targetHints":{"allow":["GET"]}}],"collection":[{"href":"https:\/\/eltel.shop\/en\/wp-json\/wp\/v2\/product"}],"about":[{"href":"https:\/\/eltel.shop\/en\/wp-json\/wp\/v2\/types\/product"}],"replies":[{"embeddable":true,"href":"https:\/\/eltel.shop\/en\/wp-json\/wp\/v2\/comments?post=5081"}],"wp:featuredmedia":[{"embeddable":true,"href":"https:\/\/eltel.shop\/en\/wp-json\/wp\/v2\/media\/5104"}],"wp:attachment":[{"href":"https:\/\/eltel.shop\/en\/wp-json\/wp\/v2\/media?parent=5081"}],"wp:term":[{"taxonomy":"product_brand","embeddable":true,"href":"https:\/\/eltel.shop\/en\/wp-json\/wp\/v2\/product_brand?post=5081"},{"taxonomy":"product_cat","embeddable":true,"href":"https:\/\/eltel.shop\/en\/wp-json\/wp\/v2\/product_cat?post=5081"},{"taxonomy":"product_tag","embeddable":true,"href":"https:\/\/eltel.shop\/en\/wp-json\/wp\/v2\/product_tag?post=5081"}],"curies":[{"name":"wp","href":"https:\/\/api.w.org\/{rel}","templated":true}]}}