{"id":4393,"date":"2024-07-27T18:04:58","date_gmt":"2024-07-27T17:04:58","guid":{"rendered":"https:\/\/eltel.shop\/?post_type=product&#038;p=4393"},"modified":"2025-08-27T10:11:46","modified_gmt":"2025-08-27T09:11:46","slug":"galaxy-z-fold-5-5g-1tb-12gb","status":"publish","type":"product","link":"https:\/\/eltel.shop\/en\/boutique\/tous-telephones\/galaxy-z-fold-5-5g-1tb-12gb\/","title":{"rendered":"Galaxy Z Fold 5 5G- 1TB\/12GB &#8211; 2sim &#8211; 50MP+10MP+12MP\/12MP &#8211; 4400mAh &#8211; garantie 25 mois (neuf)"},"content":{"rendered":"<h2 style=\"font-size: 90%;\"><strong>Sp\u00e9cification compl\u00e8te du Galaxy Z Fold 5 5G<\/strong><\/h2>\n<p style=\"font-size: 60%;\">-Marque: SAMSUNG<br \/>\n-Mod\u00e8le: Galaxy Z Fold5 5G<br \/>\n-Sortie: aout 2023<\/p>\n<p style=\"font-size: 60%;\">\u2022<strong>CARACT\u00c9RISTIQUES PHYSIQUE:<\/strong><br \/>\n-Dimensions:<br \/>\n\u2022d\u00e9pli\u00e9: 154.9\u00d7129.9\u00d76.1 mm<br \/>\n\u2022Pli\u00e9: 154.9\u00d767.1\u00d713.4 mm<br \/>\n-Poids: 253 gr<br \/>\n-Carte SIM: Nano-SIM et eSIM ou Dual SIM (2 Nano-SIMs and eSIM, dual stand-by)<br \/>\n-Mat\u00e9riaux: Verre avant (pli\u00e9), plastic avant (d\u00e9pli\u00e9), verre arri\u00e8re, monture en aluminium<br \/>\n-Protection: Gorilla Victus 2<br \/>\n-Couleur: Bleu glac\u00e9, noir fant\u00f4me, cr\u00e8me, gris, bleu<\/p>\n<p style=\"font-size: 60%;\"><strong>\u2022ECRAN et AFFICHAGE:<\/strong><br \/>\n-Type: Foldable Dynamic AMOLED 2X, HDR10+<br \/>\n-Taille: 7,6 pouces<br \/>\n-R\u00e9solution: 1812\u00d72176 pixels<br \/>\n-Fr\u00e9quence d&rsquo;affichage: 120Hz<br \/>\n-Couverture: Dynamic AMOLED 2X, 6,2 pouces, 904\u00d72316 pixels<\/p>\n<p style=\"font-size: 60%;\"><strong>\u2022PLATE-FORME:<\/strong><br \/>\n-Syst\u00e8me d`exploitation: One UI 6.0 Android 13-14<br \/>\n-Navigateur: HTML5<br \/>\n-Chipset: Qualcomm SM8550-AC Snapdragon 8 Gen 2 (4 nm)<br \/>\n-Processeur: Octa-core (1\u00d73.36 GHz Cortex-X3 &amp; 2\u00d72.8 GHz Cortex-A715 &amp; 2\u00d72.8 GHz Cortex-A710 &amp; 3\u00d72.0 GHz Cortex-A510)<br \/>\n-GPU: Adreno 740<\/p>\n<p style=\"font-size: 60%;\"><strong>*R\u00c9SEAU et CONNECTIVIT\u00c9:<\/strong><br \/>\n-R\u00e9seaux cellulaire: GSM\/HSPA\/LTE\/CDMA\/EVDO\/5G<br \/>\n-WLAN: Wifi 802.11 a\/b\/g\/n\/ac\/6e; tri-band,<br \/>\n-Bluetooth: 5.3, A2DP, LE<br \/>\n-Localisation: GPS, GLONASS, GALILEO,BDS<br \/>\n-NFC: oui<br \/>\n-USB: Type-C 3.2 OTG<br \/>\n-Capteurs: empreinte digitale (mont\u00e9e sur le c\u00f4t\u00e9), acc\u00e9l\u00e9rom\u00e8tre, gyroscope, proximit\u00e9, boussole<\/p>\n<p style=\"font-size: 60%;\">\u2022<strong>M\u00c9MOIRE et STOCKAGE:<\/strong><br \/>\n-Stockage interne: 256GB 12GB RAM, 512GB 12GB RAM, 1TB 12GB RAM<br \/>\n-Carte m\u00e9moire: non<\/p>\n<p style=\"font-size: 60%;\"><strong>\u2022PHOTO et VIDEO:<\/strong><br \/>\n-Camera Arri\u00e8re: 50MP+10MP+12MP<br \/>\nFlash arri\u00e8re bicolore \u00e0 double LED, HDR, panorama<br \/>\nVideo: 8K \u00e0 30ips, 4K \u00e0 60ips, 1080p \u00e0 60\/240ips (gyro-EIS), 720p \u00e0 960ips (gyro-EIS), HDR10+<br \/>\n-Camera Avant: 12MP+4MP<br \/>\nVideo: 4K \u00e0 30\/60ips, 1080p \u00e0 30\/60ips, gyro-EIS<br \/>\n-Camera couverture: 10MP<br \/>\nHDR<br \/>\n4K \u00e0 30\/60ips, 1080p \u00e0 30\/60ips<\/p>\n<p style=\"font-size: 60%;\">\u2022<strong>AUDIO et SON:<\/strong><br \/>\n-Radio: non<br \/>\n-Haut parleur: oui avec stereo<\/p>\n<p style=\"font-size: 60%;\">\u2022<strong>AUTONOMIE et CHARGE:<\/strong><br \/>\n-Batterie: Li-Po 4400mAh non amovible<br \/>\n-Mise en charge: 25w filaire, 15w sans fil, 4,5w invers\u00e9 sans fil<\/p>","protected":false},"excerpt":{"rendered":"<ul style=\"font-size: 70%;\">\n<li>Marque: <strong>SAMSUNG<\/strong><\/li>\n<li>Mod\u00e8le: <strong>Galaxy Z Fold 5 5G<\/strong><\/li>\n<li>Taille d&rsquo;\u00e9cran:<strong> 7,6 pouces<\/strong><\/li>\n<li>Stockage: <strong>1To\u00a0<\/strong><\/li>\n<li>M\u00e9moire vive: <strong>12 Go\u00a0<\/strong><\/li>\n<li>Syst\u00e8me d\u2019exploitation: <strong>Android 13-14; One UI 6.0<\/strong><\/li>\n<li>Puces: <strong>DUAL nano sim<\/strong><\/li>\n<li>Cam\u00e9ra arri\u00e8re: <strong>50MP+10MP+12MP<\/strong><\/li>\n<li>Camera avant: <strong>10MP+4MP<\/strong><\/li>\n<li>R\u00e9seau: <strong>2G, 3G, 4G, 5G<\/strong><\/li>\n<li>Connectivit\u00e9: <strong>Bluetooth, wifi, usb type C<\/strong><\/li>\n<li>Batterie: <strong>4400mAh<\/strong><\/li>\n<li>Couleur: <strong>noir, gris, bleu, cr\u00e8me<\/strong><\/li>\n<\/ul>","protected":false},"featured_media":3901,"comment_status":"open","ping_status":"closed","template":"","meta":[],"product_brand":[],"product_cat":[67,44],"product_tag":[],"class_list":{"0":"post-4393","1":"product","2":"type-product","3":"status-publish","4":"has-post-thumbnail","6":"product_cat-tous-telephones","7":"product_cat-samsung-phone","9":"first","10":"instock","11":"shipping-taxable","12":"purchasable","13":"product-type-simple"},"jetpack_sharing_enabled":true,"_links":{"self":[{"href":"https:\/\/eltel.shop\/en\/wp-json\/wp\/v2\/product\/4393","targetHints":{"allow":["GET"]}}],"collection":[{"href":"https:\/\/eltel.shop\/en\/wp-json\/wp\/v2\/product"}],"about":[{"href":"https:\/\/eltel.shop\/en\/wp-json\/wp\/v2\/types\/product"}],"replies":[{"embeddable":true,"href":"https:\/\/eltel.shop\/en\/wp-json\/wp\/v2\/comments?post=4393"}],"wp:featuredmedia":[{"embeddable":true,"href":"https:\/\/eltel.shop\/en\/wp-json\/wp\/v2\/media\/3901"}],"wp:attachment":[{"href":"https:\/\/eltel.shop\/en\/wp-json\/wp\/v2\/media?parent=4393"}],"wp:term":[{"taxonomy":"product_brand","embeddable":true,"href":"https:\/\/eltel.shop\/en\/wp-json\/wp\/v2\/product_brand?post=4393"},{"taxonomy":"product_cat","embeddable":true,"href":"https:\/\/eltel.shop\/en\/wp-json\/wp\/v2\/product_cat?post=4393"},{"taxonomy":"product_tag","embeddable":true,"href":"https:\/\/eltel.shop\/en\/wp-json\/wp\/v2\/product_tag?post=4393"}],"curies":[{"name":"wp","href":"https:\/\/api.w.org\/{rel}","templated":true}]}}