{"id":4377,"date":"2024-07-24T12:15:23","date_gmt":"2024-07-24T11:15:23","guid":{"rendered":"https:\/\/eltel.shop\/?post_type=product&#038;p=4377"},"modified":"2026-03-30T19:07:51","modified_gmt":"2026-03-30T18:07:51","slug":"galaxy-z-fold6-5g-256gb-12gb","status":"publish","type":"product","link":"https:\/\/eltel.shop\/en\/boutique\/tous-telephones\/galaxy-z-fold6-5g-256gb-12gb\/","title":{"rendered":"Galaxy Z Fold6 5G &#8211; 256GB\/12GB &#8211; 50MP+12MP+10MP\/10MP+4MP &#8211; 4400mAh &#8211; garantie 25 mois (neuf)"},"content":{"rendered":"<h2 style=\"font-size: 90%;\"><strong>Sp\u00e9cification du Galaxy Z Fold 6 5G<\/strong><\/h2>\n<p style=\"font-size: 60%;\"><b>\u2022IDENTIFICATION:<\/b><br \/>\n&#8211; Marque: SAMSUNG<br \/>\n&#8211; Mod\u00e8le: Galaxy Z Fold 6<br \/>\n&#8211; Sortie: juillet 2024<br \/>\n<b><\/b><\/p>\n<p style=\"font-size: 60%;\"><b>\u2022PRESENTATION PHYSIQUE:<\/b><br \/>\n&#8211; Dimensions:<br \/>\n\u2022 D\u00e9pli\u00e9: 153.5\u00d7132.6\u00d75.6 mm<br \/>\n\u2022Pli\u00e9: 153.5\u00d768.1\u00d712.1 mm<br \/>\n&#8211; Poids: 239 gr<br \/>\n&#8211; Carte SIM: jusqu&rsquo;\u00e0\u00a0 2 Nano-SIM et multi eSIM<br \/>\n&#8211; Mat\u00e9riaux:<br \/>\n\u2022Pli\u00e9: fa\u00e7ade et arri\u00e8re en verre, cadre m\u00e9tallique<br \/>\n\u2022D\u00e9pli\u00e9: fa\u00e7ade et arri\u00e8re en verre, cadre m\u00e9tallique<br \/>\n&#8211; Couleur: Marine, Silver Shadow, Rose, Noir, Blanc<br \/>\n<b><\/b><\/p>\n<p style=\"font-size: 60%;\"><b>\u2022ECRAN et AFFICHAGE:<\/b><br \/>\n&#8211; Type: Foldable Dynamic LTPO AMOLED 2X, 120Hz, HDR10+, 2600 nits (peak)<br \/>\n&#8211; Taille: 7,6 pouces<br \/>\n&#8211; R\u00e9solution: 1856\u00d72160 pixels<br \/>\nAffichage Couverture:<br \/>\nDynamic LTPO AMOLED 2X, 120Hz, 2600 nits (peak), Corning Gorilla Glass Victus 2<br \/>\n6.3 inches, 968\u00d72376 pixels, 410 ppi<br \/>\n<b><\/b><\/p>\n<p style=\"font-size: 60%;\"><b>\u2022PLATEFORME:<\/b><br \/>\n&#8211; Syst\u00e8me d`exploitation: Android 14, One UI 6.1.1<br \/>\n&#8211; Navigateur Web: HTML5<br \/>\n&#8211; Chipset: Qualcomm SM8650-AC Snapdragon 8 Gen 3 (4 nm)<br \/>\n&#8211; Processeur (CPU): 8-core (1\u00d73.39GHz Cortex-X4 &amp; 3\u00d73.1GHz Cortex-A720 &amp; 2\u00d72.9GHz Cortex-A720 &amp; 2\u00d72.2GHz Cortex-A520)<br \/>\n&#8211; Processeur graphique (GPU): Adreno 750 1Ghz<br \/>\n<b><\/b><\/p>\n<p style=\"font-size: 60%;\"><b>\u2022R\u00c9SEAU et CONNECTIVIT\u00c9:<\/b><br \/>\n&#8211; R\u00e9seau cellulaire: GSM\/CDMA\/HSPA\/EVDO\/LTE\/5G<br \/>\n&#8211; WLAN: Wifi 802.11 a\/b\/g\/n\/ac\/6e; Tri band, Hotspot<br \/>\n&#8211; Bluetooth: 5.3, A2DP, LE<br \/>\n&#8211; Localisation: GPS, GLONASS, GALILEO, BDS<br \/>\n&#8211; NFC: oui<br \/>\n&#8211; USB: Type-C 3.1 OTG<br \/>\n&#8211; Capteurs: empreinte digitale (mont\u00e9e sur le c\u00f4t\u00e9), acc\u00e9l\u00e9rom\u00e8tre, proximit\u00e9, compass, barometer, gyro-EIS<br \/>\n<b><\/b><\/p>\n<p style=\"font-size: 60%;\"><b>\u2022MEMOIRE et STOCKAGE:<\/b><br \/>\n&#8211; M\u00e9moire interne: 256GB 12GB RAM, 512GB 12GB RAM, 1TB 12GB RAM UFS 4.0<br \/>\n&#8211; Carte m\u00e9moire: non<br \/>\n<b><\/b><\/p>\n<p style=\"font-size: 60%;\"><b>\u2022PHOTO et VIDEO:<\/b><br \/>\n&#8211; Camera Arri\u00e8re: 50MP+12MP+10MP<br \/>\nFlash LED, HDR, panorama<br \/>\nVideo: 8K \u00e0 30 ips, 4K \u00e0 60 ips, 1080p \u00e0 60\/120\/240 ips (gyro-EIS), 720p \u00e0 960 ips (gyro-EIS), HDR10+<br \/>\n&#8211; Camera Avant: 10MP+4MP<br \/>\nHDR,<br \/>\nVideo: 4K \u00e0 30\/60 ips, 1080p \u00e0 30\/60 ips, gyro-EIS<br \/>\n<b><\/b><\/p>\n<p style=\"font-size: 60%;\"><b>\u2022AUDIO et SON:<\/b><br \/>\n&#8211; Radio FM: non<br \/>\n&#8211; Haut parleur: oui avec stereo<br \/>\n&#8211; Prise Jack 3,5 mm: non<br \/>\n<b><\/b><\/p>\n<p style=\"font-size: 60%;\"><b>\u2022CHARGE et AUTONOMIE:<\/b><br \/>\n&#8211; Batterie: Li-Po 4400mAh non amovible<br \/>\n&#8211; Mise en charge: 25w filaire, 15w sans fil, 4,5w invers\u00e9 sans fil<\/p>","protected":false},"excerpt":{"rendered":"<ul style=\"font-size: 70%;\">\n<li>Marque: <strong>SAMSUNG<\/strong><\/li>\n<li>Mod\u00e8le: <strong>Galaxy Z Fold 6<\/strong><\/li>\n<li>Taille d&rsquo;\u00e9cran:<strong> 7,6 pouces<\/strong><\/li>\n<li>Stockage: <strong>256Go\u00a0<\/strong><\/li>\n<li>M\u00e9moire vive: <strong>12Go\u00a0<\/strong><\/li>\n<li>Syst\u00e8me d\u2019exploitation: <strong>Android 14; One UI 6.1.1<\/strong><\/li>\n<li>Puces: <strong>DUAL nano sim<\/strong><\/li>\n<li>Cam\u00e9ra arri\u00e8re:<strong> 50MP+12MP+10MP<\/strong><\/li>\n<li>Camera avant:<strong> 10MP+4MP<\/strong><\/li>\n<li>R\u00e9seau: <strong>2G, 3G, 4G, 5G<\/strong><\/li>\n<li>Connectivit\u00e9: <strong>Bluetooth, wifi, usb type C<\/strong><\/li>\n<li>Batterie:<strong> 4400mAh<\/strong><\/li>\n<li>Couleur: <strong>noir, blanc, rose,&#8230;<\/strong><\/li>\n<\/ul>","protected":false},"featured_media":10769,"comment_status":"open","ping_status":"closed","template":"","meta":[],"product_brand":[],"product_cat":[67,44],"product_tag":[],"class_list":{"0":"post-4377","1":"product","2":"type-product","3":"status-publish","4":"has-post-thumbnail","6":"product_cat-tous-telephones","7":"product_cat-samsung-phone","9":"first","10":"instock","11":"shipping-taxable","12":"purchasable","13":"product-type-simple"},"jetpack_sharing_enabled":true,"_links":{"self":[{"href":"https:\/\/eltel.shop\/en\/wp-json\/wp\/v2\/product\/4377","targetHints":{"allow":["GET"]}}],"collection":[{"href":"https:\/\/eltel.shop\/en\/wp-json\/wp\/v2\/product"}],"about":[{"href":"https:\/\/eltel.shop\/en\/wp-json\/wp\/v2\/types\/product"}],"replies":[{"embeddable":true,"href":"https:\/\/eltel.shop\/en\/wp-json\/wp\/v2\/comments?post=4377"}],"wp:featuredmedia":[{"embeddable":true,"href":"https:\/\/eltel.shop\/en\/wp-json\/wp\/v2\/media\/10769"}],"wp:attachment":[{"href":"https:\/\/eltel.shop\/en\/wp-json\/wp\/v2\/media?parent=4377"}],"wp:term":[{"taxonomy":"product_brand","embeddable":true,"href":"https:\/\/eltel.shop\/en\/wp-json\/wp\/v2\/product_brand?post=4377"},{"taxonomy":"product_cat","embeddable":true,"href":"https:\/\/eltel.shop\/en\/wp-json\/wp\/v2\/product_cat?post=4377"},{"taxonomy":"product_tag","embeddable":true,"href":"https:\/\/eltel.shop\/en\/wp-json\/wp\/v2\/product_tag?post=4377"}],"curies":[{"name":"wp","href":"https:\/\/api.w.org\/{rel}","templated":true}]}}