{"id":4304,"date":"2024-07-20T05:04:01","date_gmt":"2024-07-20T04:04:01","guid":{"rendered":"https:\/\/eltel.shop\/?post_type=product&#038;p=4304"},"modified":"2025-08-25T07:32:12","modified_gmt":"2025-08-25T06:32:12","slug":"pixel-8a-5g-256gb-8gb","status":"publish","type":"product","link":"https:\/\/eltel.shop\/en\/boutique\/tous-telephones\/pixel-8a-5g-256gb-8gb\/","title":{"rendered":"Pixel 8a 5G \u2013 256GB\/8GB \u2013 64MP+13MP\/13MP \u2013 4492mAh \u2013 12-month warranty (new)"},"content":{"rendered":"<h2 style=\"font-size: 85%;\"><strong>Sp\u00e9cification du Pixel 8a<\/strong><\/h2>\n<p style=\"font-size: 60%;\"><b>\u2022IDENTIFICATION:<\/b><br \/>\n&#8211; Marque: Google<br \/>\n&#8211; Mod\u00e8le: Pixel 8a<br \/>\n&#8211; Sortie: mai 2024<br \/>\n<b><\/b><\/p>\n<p style=\"font-size: 60%;\"><b>\u2022PRESENTATION PHYSIQUE:<\/b><br \/>\n&#8211; Dimensions: 152.1\u00d772.7\u00d78.9 mm<br \/>\n&#8211; Poids: 188 gr<br \/>\n&#8211; Carte SIM: Nano-SIM et eSIM<br \/>\n&#8211; Mat\u00e9riaux: fa\u00e7ade en verre, arri\u00e8re et cadre m\u00e9tallique<br \/>\n&#8211; Couleur: obsidienne, porcelaine, baie, alo\u00e8s<br \/>\n<b><\/b><\/p>\n<p style=\"font-size: 60%;\"><b>\u2022ECRAN et AFFICHAGE:<\/b><br \/>\n&#8211; Type: OLED, HDR, 120Hz, 2000 nits (peak)<br \/>\n&#8211; Taille: 6.1 pouces<br \/>\n&#8211; R\u00e9solution: 1080\u00d72400 pixels<br \/>\n<b>\u2022PLATEFORME:<\/b><br \/>\n&#8211; Syst\u00e8me d`exploitation: Android 14<br \/>\n&#8211; Navigateur Web: HTML5<br \/>\n&#8211; Chipset: Google Tensor G3 (4 nm)<br \/>\n&#8211; Processeur (CPU): Nona-core (1\u00d73.0 GHz Cortex-X3 &amp; 4\u00d72.45 GHz Cortex-A715 &amp; 4\u00d72.15 GHz Cortex-A510)<br \/>\n&#8211; Processeur graphique (GPU): Immortalis-G715s MC10<br \/>\n<b><\/b><\/p>\n<p style=\"font-size: 60%;\"><b>\u2022R\u00c9SEAU et CONNECTIVIT\u00c9:<\/b><br \/>\n&#8211; R\u00e9seau cellulaire: GSM\/HSPA\/LTE\/5G<br \/>\n&#8211; WLAN: Wifi 802.11 a\/b\/g\/n\/ac\/6e; Dual\/Tri band, Hotspot<br \/>\n&#8211; Bluetooth: 5.3, A2DP, LE<br \/>\n&#8211; Localisation: GPS, GLONASS, GALILEO, BDS<br \/>\n&#8211; NFC: oui<br \/>\n&#8211; USB: Type-C 3.2 OTG<br \/>\n&#8211; Capteurs: empreinte digitale (mont\u00e9e sous l&rsquo;ecran ), acc\u00e9l\u00e9rom\u00e8tre, proximit\u00e9<br \/>\n<b><\/b><\/p>\n<p style=\"font-size: 60%;\"><b>\u2022MEMOIRE et STOCKAGE:<\/b><br \/>\n&#8211; M\u00e9moire interne: 128GB 8GB RAM, 256GB 8GB RAM<br \/>\n&#8211; Carte m\u00e9moire: non<br \/>\n<b><\/b><\/p>\n<p style=\"font-size: 60%;\"><b>\u2022PHOTO et VIDEO:<\/b><br \/>\n&#8211; Camera Arri\u00e8re: 64MP+13MP<br \/>\nDual-LED flash, Pixel Shift, Ultra HDR, panorama, Best Take<br \/>\nVideo: 4K \u00e0 30\/60 ips, 1080p \u00e0 30\/60\/120\/240 ips, OIS<br \/>\n&#8211; Camera Avant: 13MP<br \/>\nHDR,<br \/>\nVideo: 4K \u00e0 30 ips, 1080p \u00e0 30 ips<br \/>\n<b><\/b><\/p>\n<p style=\"font-size: 60%;\"><b>\u2022AUDIO et SON:<\/b><br \/>\n&#8211; Radio FM: non<br \/>\n&#8211; Haut parleur: oui<br \/>\n&#8211; Prise Jack 3,5 mm: non<br \/>\n<b><\/b><\/p>\n<p style=\"font-size: 60%;\"><b>\u2022CHARGE et AUTONOMIE:<\/b><br \/>\n&#8211; Batterie: Li-Po 4492mAh non amovible<br \/>\n&#8211; Mise en charge: 18 w filaire, 7,5 sans fil<\/p>","protected":false},"excerpt":{"rendered":"<ul style=\"font-size: 70%;\">\n<li>Marque: <strong>GOOGLE<\/strong><\/li>\n<li>Mod\u00e8le: <strong>Pixel 8a<\/strong><\/li>\n<li>Taille d&rsquo;\u00e9cran:<strong> 6.1 pouces<\/strong><\/li>\n<li>Stockage:<strong> 256<\/strong> <strong>Go\u00a0<\/strong><\/li>\n<li>M\u00e9moire vive:<strong> 8<\/strong>\u00a0<strong>Go\u00a0<\/strong><\/li>\n<li>Syst\u00e8me d\u2019exploitation: <strong>Android 14<\/strong><\/li>\n<li>Puces: <strong>nano sim et eSIM<\/strong><\/li>\n<li>Cam\u00e9ra arri\u00e8re: <strong>64MP+13MP<\/strong><\/li>\n<li>Camera avant:<strong> 13MP<\/strong><\/li>\n<li>R\u00e9seau: <strong>2G, 3G, 4G, 5G<\/strong><\/li>\n<li>Connectivit\u00e9: <strong>Bluetooth, wifi, usb type-C<\/strong><\/li>\n<li>Batterie:<strong> 4492\u00a0mAh<\/strong><\/li>\n<li>Couleur: <strong>vert, rose, noir, bleu<\/strong><\/li>\n<\/ul>","protected":false},"featured_media":4302,"comment_status":"open","ping_status":"closed","template":"","meta":[],"product_brand":[],"product_cat":[67,30],"product_tag":[],"class_list":{"0":"post-4304","1":"product","2":"type-product","3":"status-publish","4":"has-post-thumbnail","6":"product_cat-tous-telephones","7":"product_cat-google-phone","9":"first","10":"instock","11":"shipping-taxable","12":"purchasable","13":"product-type-simple"},"jetpack_sharing_enabled":true,"_links":{"self":[{"href":"https:\/\/eltel.shop\/en\/wp-json\/wp\/v2\/product\/4304","targetHints":{"allow":["GET"]}}],"collection":[{"href":"https:\/\/eltel.shop\/en\/wp-json\/wp\/v2\/product"}],"about":[{"href":"https:\/\/eltel.shop\/en\/wp-json\/wp\/v2\/types\/product"}],"replies":[{"embeddable":true,"href":"https:\/\/eltel.shop\/en\/wp-json\/wp\/v2\/comments?post=4304"}],"wp:featuredmedia":[{"embeddable":true,"href":"https:\/\/eltel.shop\/en\/wp-json\/wp\/v2\/media\/4302"}],"wp:attachment":[{"href":"https:\/\/eltel.shop\/en\/wp-json\/wp\/v2\/media?parent=4304"}],"wp:term":[{"taxonomy":"product_brand","embeddable":true,"href":"https:\/\/eltel.shop\/en\/wp-json\/wp\/v2\/product_brand?post=4304"},{"taxonomy":"product_cat","embeddable":true,"href":"https:\/\/eltel.shop\/en\/wp-json\/wp\/v2\/product_cat?post=4304"},{"taxonomy":"product_tag","embeddable":true,"href":"https:\/\/eltel.shop\/en\/wp-json\/wp\/v2\/product_tag?post=4304"}],"curies":[{"name":"wp","href":"https:\/\/api.w.org\/{rel}","templated":true}]}}