{"id":4295,"date":"2024-07-19T13:01:47","date_gmt":"2024-07-19T12:01:47","guid":{"rendered":"https:\/\/eltel.shop\/?post_type=product&#038;p=4295"},"modified":"2026-03-24T17:53:04","modified_gmt":"2026-03-24T16:53:04","slug":"pixel-8-pro-5g-128gb-12gb","status":"publish","type":"product","link":"https:\/\/eltel.shop\/en\/boutique\/tous-telephones\/pixel-8-pro-5g-128gb-12gb\/","title":{"rendered":"Pixel 8 Pro 5G \u2013 128GB\/12GB \u2013 50MP+48MP+48MP\/10MP \u2013 5050mAh \u2013 12-month warranty (new)"},"content":{"rendered":"<h2 style=\"font-size: 90%; text-align: center;\"><strong>Sp\u00e9cification du Pixel 8 Pro<\/strong><\/h2>\n<p style=\"font-size: 60%;\">\u2022<strong>IDENTIFICATION:<\/strong><br \/>\n&#8211; Marque: GOOGLE<br \/>\n&#8211; Mod\u00e8le: Pixel 8 Pro<br \/>\n&#8211; Sortie: octobre 2023<\/p>\n<p style=\"font-size: 60%;\">\u2022<strong>CARACT\u00c9RISTIQUES PHYSIQUES:<\/strong><br \/>\n&#8211; Dimensions: 162.6\u00d776.5\u00d78.8 mm<br \/>\n&#8211; Poids: 213 gr<br \/>\n&#8211; Carte SIM: Nano-SIM et eSIM<br \/>\n&#8211; Mat\u00e9riaux: Fa\u00e7ade et arri\u00e8re en verre, cadre m\u00e9tallique<br \/>\n&#8211; Couleur: Obsidienne, Porcelaine, Baie, Menthe<\/p>\n<p style=\"font-size: 60%;\">\u2022<strong>ECRAN et AFFICHAGE:<\/strong><br \/>\n&#8211; Type: LTPO OLED, HDR10+, 1600 nits (HBM), 2400 nits (peak)<br \/>\n&#8211; Taille: 6,7 pouces<br \/>\n&#8211; R\u00e9solution: 1344\u00d72992 pixels<br \/>\n&#8211; Fr\u00e9quence d&rsquo;affichage: 120Hz<br \/>\n&#8211; Protection: Verre Gorilla Victus<\/p>\n<p style=\"font-size: 60%;\">\u2022<strong>PLATEFORME:<\/strong><br \/>\n&#8211; Syst\u00e8me d`exploitation: Android 14<br \/>\n&#8211; Navigateur Web: HTML5<br \/>\n&#8211; Chipset: Google Tensor G3 (4 nm)<br \/>\n&#8211; Processeur (CPU): Nona-core (1\u00d73.0 GHz Cortex-X3 &amp; 4\u00d72.45 GHz Cortex-A715 &amp; 4\u00d72.15 GHz Cortex-A510)<br \/>\n&#8211; Processeur graphique (GPU): Immortalis-G715s MC10<\/p>\n<p style=\"font-size: 60%;\"><strong>\u2022R\u00c9SEAU et CONNECTIVIT\u00c9:<\/strong><br \/>\n&#8211; R\u00e9seau cellulaire: GSM\/HSPA\/LTE\/5G<br \/>\n&#8211; WLAN: Wifi 802.11 a\/b\/g\/n\/ac\/6e; Tri-band, Hotspot, wifi direct<br \/>\n&#8211; Bluetooth: 5.3, A2DP, LE<br \/>\n&#8211; Localisation: GPS, GLONASS, GALILEO,BDS<br \/>\n&#8211; NFC: oui<br \/>\n&#8211; USB: Type-C 3.2<br \/>\n&#8211; Capteurs: empreinte digitale (mont\u00e9e sous l&rsquo;ecran), acc\u00e9l\u00e9rom\u00e8tre, proximit\u00e9<\/p>\n<p style=\"font-size: 60%;\">\u2022<strong>MEMOIRE et STOCKAGE:<\/strong><br \/>\n&#8211; M\u00e9moire interne: 128GB 12GB RAM, 256GB 12GB RAM, 512GB 12GB RAM, 1TB 12GB RAM<br \/>\n&#8211; Carte m\u00e9moire: non<\/p>\n<p style=\"font-size: 60%;\">\u2022<strong>PHOTO et VIDEO:<\/strong><br \/>\n&#8211; Camera Arri\u00e8re: 50MP+48MP+48MP<br \/>\nFlash arri\u00e8re LED, Ultra-HDR, panorama<br \/>\nVideo: 4K \u00e0 30\/60ips, 1080p \u00e0 24\/30\/60\/120\/240ips<br \/>\n&#8211; Camera Avant: 10,5MP<br \/>\nAuto-HDR, Panorama<br \/>\nVideo:4K \u00e0 24\/30\/60ips, 1080p \u00e0 30\/60ips<\/p>\n<p style=\"font-size: 60%;\">\u2022<strong>AUDIO et SON:<\/strong><br \/>\n&#8211; Radio FM: non<br \/>\n&#8211; Haut parleur: oui avec st\u00e9r\u00e9o<br \/>\n&#8211; Prise Jack 3,5 mm: non<\/p>\n<p style=\"font-size: 60%;\">\u2022<strong>CHARGE et AUTONOMIE:<\/strong><br \/>\n&#8211; Batterie: Li-Ion 5050mAh non amovible<br \/>\n&#8211; Mise en charge: 30w filaire, 23w sans fil<\/p>","protected":false},"excerpt":{"rendered":"<ul style=\"font-size: 70%;\">\n<li>Marque: <strong>GOOGLE<\/strong><\/li>\n<li>Mod\u00e8le: <strong>Pixel 8 Pro<\/strong><\/li>\n<li>Taille d&rsquo;\u00e9cran:<strong> 6.7 pouces<\/strong><\/li>\n<li>Stockage:<strong> 128 Go\u00a0<\/strong><\/li>\n<li>M\u00e9moire vive:<strong> 12<\/strong>\u00a0<strong>Go\u00a0<\/strong><\/li>\n<li>Syst\u00e8me d\u2019exploitation: <strong>Android 14<\/strong><\/li>\n<li>Puces: <strong>nano sim et eSIM<\/strong><\/li>\n<li>Cam\u00e9ra arri\u00e8re: <strong>50MP+48MP+48MP<\/strong><\/li>\n<li>Camera avant:<strong> 10MP<\/strong><\/li>\n<li>R\u00e9seau: <strong>2G, 3G, 4G, 5G<\/strong><\/li>\n<li>Connectivit\u00e9: <strong>Bluetooth, wifi, usb type-C<\/strong><\/li>\n<li>Batterie: <strong>5050\u00a0mAh<\/strong><\/li>\n<li>Couleur: <strong>noir, vert, rose<\/strong><\/li>\n<\/ul>","protected":false},"featured_media":1354,"comment_status":"open","ping_status":"closed","template":"","meta":[],"product_brand":[],"product_cat":[67,30],"product_tag":[],"class_list":{"0":"post-4295","1":"product","2":"type-product","3":"status-publish","4":"has-post-thumbnail","6":"product_cat-tous-telephones","7":"product_cat-google-phone","9":"first","10":"instock","11":"shipping-taxable","12":"purchasable","13":"product-type-simple"},"jetpack_sharing_enabled":true,"_links":{"self":[{"href":"https:\/\/eltel.shop\/en\/wp-json\/wp\/v2\/product\/4295","targetHints":{"allow":["GET"]}}],"collection":[{"href":"https:\/\/eltel.shop\/en\/wp-json\/wp\/v2\/product"}],"about":[{"href":"https:\/\/eltel.shop\/en\/wp-json\/wp\/v2\/types\/product"}],"replies":[{"embeddable":true,"href":"https:\/\/eltel.shop\/en\/wp-json\/wp\/v2\/comments?post=4295"}],"wp:featuredmedia":[{"embeddable":true,"href":"https:\/\/eltel.shop\/en\/wp-json\/wp\/v2\/media\/1354"}],"wp:attachment":[{"href":"https:\/\/eltel.shop\/en\/wp-json\/wp\/v2\/media?parent=4295"}],"wp:term":[{"taxonomy":"product_brand","embeddable":true,"href":"https:\/\/eltel.shop\/en\/wp-json\/wp\/v2\/product_brand?post=4295"},{"taxonomy":"product_cat","embeddable":true,"href":"https:\/\/eltel.shop\/en\/wp-json\/wp\/v2\/product_cat?post=4295"},{"taxonomy":"product_tag","embeddable":true,"href":"https:\/\/eltel.shop\/en\/wp-json\/wp\/v2\/product_tag?post=4295"}],"curies":[{"name":"wp","href":"https:\/\/api.w.org\/{rel}","templated":true}]}}