{"id":4287,"date":"2024-07-17T06:30:00","date_gmt":"2024-07-17T05:30:00","guid":{"rendered":"https:\/\/eltel.shop\/?post_type=product&#038;p=4287"},"modified":"2025-10-26T10:19:07","modified_gmt":"2025-10-26T09:19:07","slug":"galaxy-s20-fe-5g-128gb-6gb","status":"publish","type":"product","link":"https:\/\/eltel.shop\/en\/boutique\/tous-telephones\/galaxy-s20-fe-5g-128gb-6gb\/","title":{"rendered":"Galaxy S20 FE 5G &#8211; 128GB\/6GB &#8211; 2sim &#8211; 12MP+12MP+8MP\/32MP &#8211; 4500mAh &#8211; garantie 12 mois (neuf)"},"content":{"rendered":"<h2 style=\"font-size: 85%;\"><strong>Sp\u00e9cification du Galaxy S20 FE 5G<\/strong><\/h2>\n<p style=\"font-size: 60%;\"><b>\u2022IDENTIFICATION:<\/b><br \/>\n&#8211; Marque: SAMSUNG<br \/>\n&#8211; Mod\u00e8le: Galaxy S20 FE<br \/>\n&#8211; Sortie: octobre 2020<br \/>\n<b><\/b><\/p>\n<p style=\"font-size: 60%;\"><b>\u2022PRESENTATION PHYSIQUE:<\/b><br \/>\n&#8211; Dimensions: 159.8\u00d774.5\u00d78.4 mm<br \/>\n&#8211; Poids: 190 gr<br \/>\n&#8211; Carte SIM: dual Nano-SIM<br \/>\n&#8211; Mat\u00e9riaux: fa\u00e7ade en verre, arri\u00e8re et cadre en aluminium<br \/>\n&#8211; Couleur: lavande nuage, menthe nuage, marine nuage, blanc nuage, rouge nuage, orange nuage<br \/>\n<b><\/b><\/p>\n<p style=\"font-size: 60%;\"><b>\u2022ECRAN et AFFICHAGE:<\/b><br \/>\n&#8211; Type: Super AMOLED, 120Hz, HDR10+<br \/>\n&#8211; Taille: 6,5 pouces<br \/>\n&#8211; R\u00e9solution: 1080\u00d72400 pixels<br \/>\n<b><\/b><\/p>\n<p style=\"font-size: 60%;\"><b>\u2022PLATEFORME:<\/b><br \/>\n&#8211; Syst\u00e8me d`exploitation: Android 10, upgradable to Android 13, One UI 5.1<br \/>\n&#8211; Navigateur Web: HTML5<br \/>\n&#8211; Chipset: Qualcomm SM8250 Snapdragon 865 5G (7 nm+)<br \/>\n&#8211; Processeur (CPU): Octa-core (1\u00d72.84 GHz Cortex-A77 &amp; 3\u00d72.42 GHz Cortex-A77 &amp;; 4\u00d71.80 GHz Cortex-A55)<br \/>\n&#8211; Processeur graphique (GPU): Adreno 650<br \/>\n<b><\/b><\/p>\n<p style=\"font-size: 60%;\"><b>\u2022R\u00c9SEAU et CONNECTIVIT\u00c9:<\/b><br \/>\n&#8211; R\u00e9seau cellulaire: GSM\/CDMA\/HSPA\/EVDO\/LTE\/5G<br \/>\n&#8211; WLAN: Wifi 802.11 a\/b\/g\/n\/ac\/6; Dual band, Hotspot<br \/>\n&#8211; Bluetooth: 5.0, A2DP, LE<br \/>\n&#8211; Localisation: GPS, GLONASS, GALILEO, BDS<br \/>\n&#8211; NFC: oui<br \/>\n&#8211; USB: Type-C 3.2 OTG<br \/>\n&#8211; Capteurs: empreinte digitale (mont\u00e9e sous l&rsquo;ecran), acc\u00e9l\u00e9rom\u00e8tre, proximit\u00e9<br \/>\n<b><\/b><\/p>\n<p style=\"font-size: 60%;\"><b>\u2022MEMOIRE et STOCKAGE:<\/b><br \/>\n&#8211; M\u00e9moire interne: 128GB 6GB RAM, 128GB 8GB RAM, 256GB 6GB RAM, 256GB 8GB RAM<br \/>\n&#8211; Carte m\u00e9moire:\u00a0 oui partag\u00e9<br \/>\n<b><\/b><\/p>\n<p style=\"font-size: 60%;\"><b>\u2022PHOTO et VIDEO:<\/b><br \/>\n&#8211; Camera Arri\u00e8re:12MP+12MP+8MP<br \/>\nFlash LED, HDR, panorama<br \/>\nVideo:4K \u00e0 30\/60 ips, 1080p 30\/60 ips, gyro-EIS<br \/>\n&#8211; Camera Avant: 32MP<br \/>\nHDR,<br \/>\nVideo: 4K \u00e0 30\/60 ips, 1080p \u00e0 30\/60 ips, gyro-EIS<br \/>\n<b><\/b><\/p>\n<p style=\"font-size: 60%;\"><b>\u2022AUDIO et SON:<\/b><br \/>\n&#8211; Radio FM: non<br \/>\n&#8211; Haut parleur: oui<br \/>\n&#8211; Prise Jack 3,5 mm: non<br \/>\n<b><\/b><\/p>\n<p style=\"font-size: 60%;\"><b>\u2022CHARGE et AUTONOMIE:<\/b><br \/>\n&#8211; Batterie: Li-ion 4500mAh non amovible<br \/>\n&#8211; Mise en charge: 25w filaire, 15w sans fil, 4,5w invers\u00e9 sans fil<\/p>","protected":false},"excerpt":{"rendered":"<ul style=\"font-size: 70%;\">\n<li>Marque: <strong>SAMSUNG<\/strong><\/li>\n<li>Mod\u00e8le: <strong>Galaxy 20 FE 5G\u00a0<\/strong><\/li>\n<li>Taille d&rsquo;\u00e9cran:<strong> 6,5 pouces<\/strong><\/li>\n<li>Stockage: <strong>128\u00a0Go\u00a0<\/strong><\/li>\n<li>M\u00e9moire vive: <strong>6 Go\u00a0<\/strong><\/li>\n<li>Syst\u00e8me d\u2019exploitation: <strong>Android13 ; One UI 5.1<\/strong><\/li>\n<li>Puces: <strong>DUAL nano sim<\/strong><\/li>\n<li>Cam\u00e9ra arri\u00e8re: <strong>12MP+12MP+8MP<\/strong><\/li>\n<li>Camera avant:<strong> 32MP<\/strong><\/li>\n<li>R\u00e9seau: <strong>2G, 3G, 4G, 5G<\/strong><\/li>\n<li>Connectivit\u00e9: <strong>Bluetooth, wifi, usb type C<\/strong><\/li>\n<li>Batterie:<strong> 4500mAh<\/strong><\/li>\n<li>Couleur: <strong>blanc, rouge, vert<\/strong><\/li>\n<\/ul>","protected":false},"featured_media":4288,"comment_status":"open","ping_status":"closed","template":"","meta":[],"product_brand":[],"product_cat":[67,44],"product_tag":[],"class_list":{"0":"post-4287","1":"product","2":"type-product","3":"status-publish","4":"has-post-thumbnail","6":"product_cat-tous-telephones","7":"product_cat-samsung-phone","9":"first","10":"instock","11":"shipping-taxable","12":"purchasable","13":"product-type-simple"},"jetpack_sharing_enabled":true,"_links":{"self":[{"href":"https:\/\/eltel.shop\/en\/wp-json\/wp\/v2\/product\/4287","targetHints":{"allow":["GET"]}}],"collection":[{"href":"https:\/\/eltel.shop\/en\/wp-json\/wp\/v2\/product"}],"about":[{"href":"https:\/\/eltel.shop\/en\/wp-json\/wp\/v2\/types\/product"}],"replies":[{"embeddable":true,"href":"https:\/\/eltel.shop\/en\/wp-json\/wp\/v2\/comments?post=4287"}],"wp:featuredmedia":[{"embeddable":true,"href":"https:\/\/eltel.shop\/en\/wp-json\/wp\/v2\/media\/4288"}],"wp:attachment":[{"href":"https:\/\/eltel.shop\/en\/wp-json\/wp\/v2\/media?parent=4287"}],"wp:term":[{"taxonomy":"product_brand","embeddable":true,"href":"https:\/\/eltel.shop\/en\/wp-json\/wp\/v2\/product_brand?post=4287"},{"taxonomy":"product_cat","embeddable":true,"href":"https:\/\/eltel.shop\/en\/wp-json\/wp\/v2\/product_cat?post=4287"},{"taxonomy":"product_tag","embeddable":true,"href":"https:\/\/eltel.shop\/en\/wp-json\/wp\/v2\/product_tag?post=4287"}],"curies":[{"name":"wp","href":"https:\/\/api.w.org\/{rel}","templated":true}]}}