{"id":4228,"date":"2024-07-09T22:35:58","date_gmt":"2024-07-09T21:35:58","guid":{"rendered":"https:\/\/eltel.shop\/?post_type=product&#038;p=4228"},"modified":"2025-08-27T10:36:56","modified_gmt":"2025-08-27T09:36:56","slug":"galaxy-z-fold-4-256gb-12gb","status":"publish","type":"product","link":"https:\/\/eltel.shop\/en\/boutique\/tous-telephones\/galaxy-z-fold-4-256gb-12gb\/","title":{"rendered":"Galaxy Z Fold 4 &#8211; 256GB\/12GB &#8211; 2sim &#8211; 50MP+10MP+12MP\/10MP &#8211; 4400mAh &#8211; garantie 12 mois (neuf)"},"content":{"rendered":"<h2 style=\"font-size: 90%;\"><strong>Sp\u00e9cification du Galaxy Z Fold 4 5G<\/strong><\/h2>\n<p style=\"font-size: 60%;\">-Marque: SAMSUNG<br \/>\n-Mod\u00e8le: Galaxy Z Fold4 5G<br \/>\n-Sortie: aout 2022<\/p>\n<p style=\"font-size: 60%;\">\u2022<strong>CARACT\u00c9RISTIQUES PHYSIQUE:<\/strong><br \/>\n-Dimensions:<br \/>\n\u2022D\u00e9pli\u00e9: 155.1\u00d7130.1\u00d76.3 mm<br \/>\n\u2022Pli\u00e9 155.1\u00d767.1\u00d714.2-15.8 mm<br \/>\n-Poids: 263 gr<br \/>\n-Nano-SIM et eSIM ou Dual SIM (2 Nano-SIMs and eSIM, dual stand-by)<br \/>\n-Mat\u00e9riaux: Verre avant (Gorilla Victus+) (pli\u00e9), plastic avant (d\u00e9pli\u00e9), verre arri\u00e8re (Gorilla Victus 2), monture en aluminium<br \/>\n-Couleur: Gris-vert, noir fant\u00f4me, beige, bordeaux<\/p>\n<p style=\"font-size: 60%;\">\u2022<strong>ECRAN et AFFICHAGE:<\/strong><br \/>\n-Type: Foldable Dynamic AMOLED 2X, HDR10+, 1200 nits (peak)<br \/>\n-Taille: 1812\u00d72176 pixels<br \/>\n-R\u00e9solution: 7,6 pouces<br \/>\n-Fr\u00e9quence d&rsquo;affichage: 120Hz<br \/>\n&#8211; Couverture: Dynamic AMOLED 2X, 6,2 pouces, 904\u00d72316 pixels<\/p>\n<p style=\"font-size: 60%;\">\u2022<strong>PLATE-FORME<\/strong>:<br \/>\n-Syst\u00e8me d`exploitation: One UI 5.1.1 Android: 12-13<br \/>\n-Navigateur: HTML5<br \/>\n-Chipset: Qualcomm SM8475 Snapdragon 8+ Gen 1 (4 nm)<br \/>\n-Processeur: Octa-core (1\u00d73.19 GHz Cortex-X2 &amp; 3\u00d72.75 GHz Cortex-A710 &amp; 4\u00d71.80 GHz Cortex-A510)<br \/>\n-GPU: Adreno 730<\/p>\n<p style=\"font-size: 60%;\"><strong>R\u00c9SEAU et CONNECTIVIT\u00c9:<\/strong><br \/>\n-R\u00e9seau cellulaire: GSM\/HSPA\/LTE\/CDMA\/EVDO\/5G<br \/>\n-WLAN: Wifi 802.11 a\/b\/g\/n\/ac\/6e; dual band,<br \/>\n-Bluetooth: 5.2, A2DP, LE<br \/>\n-Localisation: GPS, GLONASS, GALILEO,BDS<br \/>\n-NFC: oui<br \/>\n-USB: Type-C 3.2 OTG<br \/>\n-Capteurs: empreinte digitale (mont\u00e9e sur le c\u00f4t\u00e9), acc\u00e9l\u00e9rom\u00e8tre, gyroscope, proximit\u00e9, boussole<\/p>\n<p style=\"font-size: 60%;\">\u2022<strong>M\u00c9MOIRE et STOCKAGE:<\/strong><br \/>\n-Stockage interne: 256GB 12GB RAM, 512GB 12GB RAM, 1TB 12GB RAM<br \/>\n-Carte m\u00e9moire: non<\/p>\n<p style=\"font-size: 60%;\"><strong>\u2022PHOTO et VIDEO:<\/strong><br \/>\n-Camera Arri\u00e8re: 50MP+10MP+12MP<br \/>\nFlash arri\u00e8re bicolore \u00e0 double LED, HDR, panorama<br \/>\nVideo: 8K \u00e0 24ips, 4K \u00e0 60ips, 1080p \u00e0 60\/240ips (gyro-EIS), 720p \u00e0 960ips (gyro-EIS), HDR10+<br \/>\n-Camera Avant: 4MP<br \/>\nVideo: 4K \u00e0 30\/60ips, 1080p \u00e0 30\/60ips, gyro-EIS<br \/>\n-Camera couverture: 10MP<br \/>\nHDR<br \/>\n4K \u00e0 30\/60ips, 1080p \u00e0 30\/60ips<\/p>\n<p style=\"font-size: 60%;\">\u2022<strong>AUDIO et SON:<\/strong><br \/>\n-Radio: non<br \/>\n-Haut parleur: oui avec st\u00e9r\u00e9o<\/p>\n<p style=\"font-size: 60%;\">\u2022<strong>AUTONOMIE et CHARGE:<\/strong><br \/>\n-Batterie: Li-Po 4400mAh non amovible<br \/>\n-Mise en charge: 25w filaire, 15w sans fil, 4,5w invers\u00e9 sans fil<\/p>","protected":false},"excerpt":{"rendered":"<ul style=\"font-size: 70%;\">\n<li>Marque: <strong>SAMSUNG<\/strong><\/li>\n<li>Mod\u00e8le: <strong>Galaxy Z Fold 4 5G<\/strong><\/li>\n<li>Taille d&rsquo;\u00e9cran:<strong> 7,6 pouces<\/strong><\/li>\n<li>Stockage: <strong>256\u00a0Go\u00a0<\/strong><\/li>\n<li>M\u00e9moire vive: <strong>12 Go\u00a0<\/strong><\/li>\n<li>Syst\u00e8me d\u2019exploitation: <strong>Android 12-13; One UI 5.1.1<\/strong><\/li>\n<li>Puces: <strong>DUAL nano sim<\/strong><\/li>\n<li>Cam\u00e9ra arri\u00e8re: <strong>50MP+10MP+12MP<\/strong><\/li>\n<li>Camera avant: <strong>10MP+4MP<\/strong><\/li>\n<li>R\u00e9seau: <strong>2G, 3G, 4G, 5G<\/strong><\/li>\n<li>Connectivit\u00e9: <strong>Bluetooth, wifi, usb type C<\/strong><\/li>\n<li>Batterie: <strong>4400mAh<\/strong><\/li>\n<li>Couleur: <strong>noir, Beige&#8230;.<\/strong><\/li>\n<\/ul>","protected":false},"featured_media":1018,"comment_status":"open","ping_status":"closed","template":"","meta":[],"product_brand":[],"product_cat":[67,44],"product_tag":[],"class_list":{"0":"post-4228","1":"product","2":"type-product","3":"status-publish","4":"has-post-thumbnail","6":"product_cat-tous-telephones","7":"product_cat-samsung-phone","9":"first","10":"instock","11":"shipping-taxable","12":"purchasable","13":"product-type-simple"},"jetpack_sharing_enabled":true,"_links":{"self":[{"href":"https:\/\/eltel.shop\/en\/wp-json\/wp\/v2\/product\/4228","targetHints":{"allow":["GET"]}}],"collection":[{"href":"https:\/\/eltel.shop\/en\/wp-json\/wp\/v2\/product"}],"about":[{"href":"https:\/\/eltel.shop\/en\/wp-json\/wp\/v2\/types\/product"}],"replies":[{"embeddable":true,"href":"https:\/\/eltel.shop\/en\/wp-json\/wp\/v2\/comments?post=4228"}],"wp:featuredmedia":[{"embeddable":true,"href":"https:\/\/eltel.shop\/en\/wp-json\/wp\/v2\/media\/1018"}],"wp:attachment":[{"href":"https:\/\/eltel.shop\/en\/wp-json\/wp\/v2\/media?parent=4228"}],"wp:term":[{"taxonomy":"product_brand","embeddable":true,"href":"https:\/\/eltel.shop\/en\/wp-json\/wp\/v2\/product_brand?post=4228"},{"taxonomy":"product_cat","embeddable":true,"href":"https:\/\/eltel.shop\/en\/wp-json\/wp\/v2\/product_cat?post=4228"},{"taxonomy":"product_tag","embeddable":true,"href":"https:\/\/eltel.shop\/en\/wp-json\/wp\/v2\/product_tag?post=4228"}],"curies":[{"name":"wp","href":"https:\/\/api.w.org\/{rel}","templated":true}]}}