{"id":3900,"date":"2024-06-23T13:57:42","date_gmt":"2024-06-23T12:57:42","guid":{"rendered":"https:\/\/eltel.shop\/?post_type=product&#038;p=3900"},"modified":"2025-08-27T09:59:40","modified_gmt":"2025-08-27T08:59:40","slug":"galaxy-s23-ultra-5g-1tb-12gb","status":"publish","type":"product","link":"https:\/\/eltel.shop\/en\/boutique\/tous-telephones\/galaxy-s23-ultra-5g-1tb-12gb\/","title":{"rendered":"Galaxy S23 Ultra 5G &#8211; 1TB\/12GB &#8211; 2sim &#8211; 200MP+10MP+10MP+12MP\/12MP &#8211; 5000mAh &#8211; garantie 12 mois (neuf)"},"content":{"rendered":"<h2 style=\"font-size: 85%;\"><strong>Sp\u00e9cification compl\u00e8te du Galaxy S23 Ultra 5G<\/strong><\/h2>\n<p style=\"font-size: 60%;\">-Marque: SAMSUNG<br \/>\n-Mod\u00e8le: Galaxy S23 Ultra<br \/>\n-Sortie: f\u00e9vrier 2023<\/p>\n<p style=\"font-size: 60%;\"><strong>\u2022CARACT\u00c9RISTIQUES PHYSIQUE:<\/strong><br \/>\n-Dimensions: 163.4\u00d778.1\u00d78.9 mm<br \/>\n-Poids: 234 gr<br \/>\n-Carte SIM: Nano-SIM et eSIM ou Dual SIM (2 Nano-SIMs and eSIM, dual stand-by)<br \/>\n-Mat\u00e9riaux: Fa\u00e7ade et arri\u00e8re en verre, cadre m\u00e9tallique<br \/>\n-Couleur: Noir fant\u00f4me, vert, cr\u00e8me, lavande, graphite, bleu ciel, citron vert, rouge,<\/p>\n<p style=\"font-size: 60%;\">\u2022<strong>ECRAN et AFFICHAGE:<\/strong><br \/>\n&#8211; Type: Dynamic AMOLED 2X, HDR10+, 1200 nits (HBM), 1750 nits (peak)<br \/>\n&#8211; Taille: 6,8 pouces<br \/>\n&#8211; R\u00e9solution: 1440\u00d73088 pixels<br \/>\n&#8211; Fr\u00e9quence d&rsquo;affichage: 120 Hz<br \/>\n&#8211; Protection: Verre Gorilla Victus 2<\/p>\n<p style=\"font-size: 60%;\"><strong>\u2022PLATE-FORME:<\/strong><br \/>\n&#8211; Syst\u00e8me d`exploitation: One UI 6.0 Android 13-14<br \/>\n&#8211; Explorateur: HTML5<br \/>\n&#8211; Chipset: Qualcomm SM8550-AC Snapdragon 8 Gen 2 (4 nm)<br \/>\n&#8211; Processeur: Octa-core (1\u00d73.36 GHz Cortex-X3 &amp; 2\u00d72.8 GHz Cortex-A715 &amp; 2\u00d72.8 GHz Cortex-A710 &amp; 3&#215;2.0 GHz Cortex-A510)<br \/>\n&#8211; GPU: Adreno 740<\/p>\n<p style=\"font-size: 60%;\"><strong>*R\u00c9SEAU et CONNECTIVIT\u00c9:<\/strong><br \/>\n&#8211; R\u00e9seau cellulaire: GSM\/CDMA\/HSPA\/LTE\/EVDO\/5G<br \/>\n&#8211; Wifi: 802.11 a\/b\/g\/n\/ac\/6e; Tri-band, Wi-Fi direct, Hotspot<br \/>\n&#8211; Bluetooth: 5.3, A2DP, LE<br \/>\nGPS: A-GPS, GLONASS, GALILEO,BDS<br \/>\n&#8211; NFC: oui<br \/>\nUSB: Type-C 3.2<br \/>\n&#8211; Capteurs: empreinte digitale (mont\u00e9e sous l&rsquo;\u00e9cran), acc\u00e9l\u00e9rom\u00e8tre, gyroscope, proximit\u00e9, boussole<br \/>\n&#8211; infrarouge: oui<\/p>\n<p style=\"font-size: 60%;\"><strong>\u2022M\u00c9MOIRE et STOCKAGE:<\/strong><br \/>\n&#8211; Stockage interne: 256GB 8GB RAM, 256GB 12GB RAM, 512GB 12GB RAM, 1TB 12GB RAM<br \/>\n&#8211; Carte m\u00e9moire: non<\/p>\n<p style=\"font-size: 60%;\">\u2022<strong>PHOTO et VIDEO:<\/strong><br \/>\n&#8211; Camera Arri\u00e8re: 200MP+10MP+10MP+12MP<br \/>\nFlash arri\u00e8re bicolore \u00e0 double LED, HDR, panorama<br \/>\nVideo: 8K \u00e0 24\/30ips, 4K \u00e0 30\/60ips, 1080p \u00e0 30\/60\/240ips, 1080p \u00e0 960ips, HDR10+, stereo sound rec., gyro-EIS<br \/>\n&#8211; Camera Avant: 12MP<br \/>\nDual video call, Auto-HDR, HDR10+<br \/>\nVideo: 4K \u00e0 30\/60ips, 1080p \u00e0 30ips<\/p>\n<p style=\"font-size: 60%;\">\u2022<strong>AUDIO et SON:<\/strong><br \/>\n&#8211; Haut parleur: oui avec st\u00e9r\u00e9o<br \/>\n&#8211; Prise Jack 3,5 mm: non<br \/>\n&#8211; Radio FM: non<\/p>\n<p style=\"font-size: 60%;\"><strong>\u2022AUTONOMIE et CHARGE:<\/strong><br \/>\n&#8211; Batterie: 5000mAh non amovible<br \/>\n&#8211; Mise en charge: 45w filaire et 15w sans fil, 4,5 en invers\u00e9<\/p>","protected":false},"excerpt":{"rendered":"<ul style=\"font-size: 70%;\">\n<li>Marque: <strong>SAMSUNG<\/strong><\/li>\n<li>Mod\u00e8le: <strong>Galaxy S23 Ultra<\/strong><\/li>\n<li>Taille d&rsquo;\u00e9cran:<strong> 6,8 pouces<\/strong><\/li>\n<li>Stockage:<strong> 1TGo\u00a0<\/strong><\/li>\n<li>M\u00e9moire vive: <strong>12Go\u00a0<\/strong><\/li>\n<li>Syst\u00e8me d\u2019exploitation: <strong>Android 13-14; One 6.0<\/strong><\/li>\n<li>Puces: <strong>DUAL nano sim<\/strong><\/li>\n<li>Cam\u00e9ra arri\u00e8re: <strong>200MP+10MP+10MP+12MP<\/strong><\/li>\n<li>Camera avant:<strong> 12MP<\/strong><\/li>\n<li>R\u00e9seau: <strong>2G, 3G, 4G, 5G<\/strong><\/li>\n<li>Connectivit\u00e9: <strong>Bluetooth, wifi, usb type C<\/strong><\/li>\n<li>Batterie:<strong> 5000mAh<\/strong><\/li>\n<li>Couleur: <strong>noir, vert&#8230;<\/strong><\/li>\n<\/ul>","protected":false},"featured_media":999,"comment_status":"open","ping_status":"closed","template":"","meta":[],"product_brand":[],"product_cat":[67,44],"product_tag":[],"class_list":{"0":"post-3900","1":"product","2":"type-product","3":"status-publish","4":"has-post-thumbnail","6":"product_cat-tous-telephones","7":"product_cat-samsung-phone","9":"first","10":"instock","11":"shipping-taxable","12":"purchasable","13":"product-type-simple"},"jetpack_sharing_enabled":true,"_links":{"self":[{"href":"https:\/\/eltel.shop\/en\/wp-json\/wp\/v2\/product\/3900","targetHints":{"allow":["GET"]}}],"collection":[{"href":"https:\/\/eltel.shop\/en\/wp-json\/wp\/v2\/product"}],"about":[{"href":"https:\/\/eltel.shop\/en\/wp-json\/wp\/v2\/types\/product"}],"replies":[{"embeddable":true,"href":"https:\/\/eltel.shop\/en\/wp-json\/wp\/v2\/comments?post=3900"}],"wp:featuredmedia":[{"embeddable":true,"href":"https:\/\/eltel.shop\/en\/wp-json\/wp\/v2\/media\/999"}],"wp:attachment":[{"href":"https:\/\/eltel.shop\/en\/wp-json\/wp\/v2\/media?parent=3900"}],"wp:term":[{"taxonomy":"product_brand","embeddable":true,"href":"https:\/\/eltel.shop\/en\/wp-json\/wp\/v2\/product_brand?post=3900"},{"taxonomy":"product_cat","embeddable":true,"href":"https:\/\/eltel.shop\/en\/wp-json\/wp\/v2\/product_cat?post=3900"},{"taxonomy":"product_tag","embeddable":true,"href":"https:\/\/eltel.shop\/en\/wp-json\/wp\/v2\/product_tag?post=3900"}],"curies":[{"name":"wp","href":"https:\/\/api.w.org\/{rel}","templated":true}]}}