{"id":1289,"date":"2024-03-30T12:02:57","date_gmt":"2024-03-30T11:02:57","guid":{"rendered":"https:\/\/eltel.shop\/?post_type=product&#038;p=1289"},"modified":"2026-03-15T19:20:23","modified_gmt":"2026-03-15T18:20:23","slug":"pixel-8-pro-5g-1tb-12gb","status":"publish","type":"product","link":"https:\/\/eltel.shop\/en\/boutique\/tous-telephones\/pixel-8-pro-5g-1tb-12gb\/","title":{"rendered":"Pixel 8 Pro 5G \u2013 1TB\/12GB \u2013 50MP+48MP+48MP\/10MP \u2013 5050mAh \u2013 12-month warranty (new)"},"content":{"rendered":"<h2 style=\"font-size: 85%;\"><strong>Sp\u00e9cification du Pixel 8 Pro<\/strong><\/h2>\n<p style=\"font-size: 60%;\">-Marque: GOOGLE<br \/>\n-Mod\u00e8le: Pixel 8 Pro<br \/>\n-Sortie: octobre 2023<\/p>\n<p style=\"font-size: 60%;\">\u2022<strong>CARACT\u00c9RISTIQUES PHYSIQUES:<\/strong><br \/>\n-Dimensions: 162.6\u00d776.5\u00d78.8 mm<br \/>\n-Poids: 213 gr<br \/>\n-Carte SIM: Nano-SIM et eSIM<br \/>\n-Mat\u00e9riaux: Fa\u00e7ade et arri\u00e8re en verre, cadre m\u00e9tallique<br \/>\n-Couleur: Obsidienne, Porcelaine, Baie, Menthe<\/p>\n<p style=\"font-size: 60%;\">\u2022<strong>ECRAN et AFFICHAGE:<\/strong><br \/>\n-Type: LTPO OLED, HDR10+, 1600 nits (HBM), 2400 nits (peak)<br \/>\n-Taille: 6,7 pouces<br \/>\n-R\u00e9solution: 1344\u00d72992 pixels<br \/>\n-Fr\u00e9quence d&rsquo;affichage: 120Hz<br \/>\n-Protection: Verre Gorilla Victus<\/p>\n<p style=\"font-size: 60%;\">\u2022<strong>PLATEFORME:<\/strong><br \/>\n-Syst\u00e8me d`exploitation: Android 14<br \/>\n-Navigateur Web: HTML5<br \/>\n-Chipset: Google Tensor G3 (4 nm)<br \/>\n-Processeur (CPU): Nona-core (1\u00d73.0 GHz Cortex-X3 &amp; 4\u00d72.45 GHz Cortex-A715 &amp; 4\u00d72.15 GHz Cortex-A510)<br \/>\n-Processeur graphique (GPU): Immortalis-G715s MC10<\/p>\n<p style=\"font-size: 60%;\"><strong>\u2022R\u00c9SEAU et CONNECTIVIT\u00c9:<\/strong><br \/>\n-R\u00e9seau cellulaire: GSM\/HSPA\/LTE\/5G<br \/>\n-WLAN: Wifi 802.11 a\/b\/g\/n\/ac\/6e; Tri-band, Hotspot, wifi direct<br \/>\n-Bluetooth: 5.3, A2DP, LE<br \/>\n-Localisation: GPS, GLONASS, GALILEO,BDS<br \/>\n-NFC: oui<br \/>\n-USB: Type-C 3.2<br \/>\n-Capteurs: empreinte digitale (mont\u00e9e sous l&rsquo;ecran), acc\u00e9l\u00e9rom\u00e8tre, proximit\u00e9<\/p>\n<p style=\"font-size: 60%;\">\u2022<strong>MEMOIRE et STOCKAGE:<\/strong><br \/>\n-M\u00e9moire interne: 128GB 12GB RAM, 256GB 12GB RAM, 512GB 12GB RAM, 1TB 12GB RAM<br \/>\n-Carte m\u00e9moire: non<\/p>\n<p style=\"font-size: 60%;\">\u2022<strong>PHOTO et VIDEO:<\/strong><br \/>\n-Camera Arri\u00e8re: 50MP+48MP+48MP<br \/>\nFlash arri\u00e8re LED, Ultra-HDR, panorama<br \/>\nVideo: 4K \u00e0 30\/60ips, 1080p \u00e0 24\/30\/60\/120\/240ips<br \/>\n-Camera Avant: 10,5MP<br \/>\nAuto-HDR, Panorama<br \/>\nVideo:4K \u00e0 24\/30\/60ips, 1080p \u00e0 30\/60ips<\/p>\n<p style=\"font-size: 60%;\">\u2022<strong>AUDIO et SON:<\/strong><br \/>\n-Radio FM: non<br \/>\n-Haut parleur: oui avec st\u00e9r\u00e9o<br \/>\n-Prise Jack 3,5 mm: non<\/p>\n<p style=\"font-size: 60%;\">\u2022<strong>CHARGE et AUTONOMIE:<\/strong><br \/>\n-Batterie: Li-Ion 5050mAh non amovible<br \/>\n-Mise en charge: 30w filaire, 23w sans fil<\/p>","protected":false},"excerpt":{"rendered":"<ul style=\"font-size: 70%;\">\n<li>Marque: <strong>GOOGLE<\/strong><\/li>\n<li>Mod\u00e8le: <strong>Pixel 8 Pro<\/strong><\/li>\n<li>Taille d&rsquo;\u00e9cran:<strong> 6.7 pouces<\/strong><\/li>\n<li>Stockage: <strong>1<\/strong> <strong>To\u00a0<\/strong><\/li>\n<li>M\u00e9moire vive:<strong> 12<\/strong>\u00a0<strong>Go\u00a0<\/strong><\/li>\n<li>Syst\u00e8me d\u2019exploitation: <strong>Android 14<\/strong><\/li>\n<li>Puces: <strong>nano sim et eSIM<\/strong><\/li>\n<li>Cam\u00e9ra arri\u00e8re: <strong>50MP+48MP+48MP<\/strong><\/li>\n<li>Camera avant:<strong> 10MP<\/strong><\/li>\n<li>R\u00e9seau: <strong>2G, 3G, 4G, 5G<\/strong><\/li>\n<li>Connectivit\u00e9: <strong>Bluetooth, wifi, usb type-C<\/strong><\/li>\n<li>Batterie: <strong>5050\u00a0mAh<\/strong><\/li>\n<li>Couleur: <strong>noir, vert, rose<\/strong><\/li>\n<\/ul>","protected":false},"featured_media":1352,"comment_status":"open","ping_status":"closed","template":"","meta":[],"product_brand":[],"product_cat":[67,30],"product_tag":[],"class_list":{"0":"post-1289","1":"product","2":"type-product","3":"status-publish","4":"has-post-thumbnail","6":"product_cat-tous-telephones","7":"product_cat-google-phone","9":"first","10":"instock","11":"shipping-taxable","12":"purchasable","13":"product-type-simple"},"jetpack_sharing_enabled":true,"_links":{"self":[{"href":"https:\/\/eltel.shop\/en\/wp-json\/wp\/v2\/product\/1289","targetHints":{"allow":["GET"]}}],"collection":[{"href":"https:\/\/eltel.shop\/en\/wp-json\/wp\/v2\/product"}],"about":[{"href":"https:\/\/eltel.shop\/en\/wp-json\/wp\/v2\/types\/product"}],"replies":[{"embeddable":true,"href":"https:\/\/eltel.shop\/en\/wp-json\/wp\/v2\/comments?post=1289"}],"wp:featuredmedia":[{"embeddable":true,"href":"https:\/\/eltel.shop\/en\/wp-json\/wp\/v2\/media\/1352"}],"wp:attachment":[{"href":"https:\/\/eltel.shop\/en\/wp-json\/wp\/v2\/media?parent=1289"}],"wp:term":[{"taxonomy":"product_brand","embeddable":true,"href":"https:\/\/eltel.shop\/en\/wp-json\/wp\/v2\/product_brand?post=1289"},{"taxonomy":"product_cat","embeddable":true,"href":"https:\/\/eltel.shop\/en\/wp-json\/wp\/v2\/product_cat?post=1289"},{"taxonomy":"product_tag","embeddable":true,"href":"https:\/\/eltel.shop\/en\/wp-json\/wp\/v2\/product_tag?post=1289"}],"curies":[{"name":"wp","href":"https:\/\/api.w.org\/{rel}","templated":true}]}}