{"id":1281,"date":"2024-03-30T11:19:53","date_gmt":"2024-03-30T10:19:53","guid":{"rendered":"https:\/\/eltel.shop\/?post_type=product&#038;p=1281"},"modified":"2025-08-25T08:49:15","modified_gmt":"2025-08-25T07:49:15","slug":"pixel-6a-128gb-6gb","status":"publish","type":"product","link":"https:\/\/eltel.shop\/en\/boutique\/tous-telephones\/pixel-6a-128gb-6gb\/","title":{"rendered":"Pixel 6a 5G \u2013 128GB\/6GB \u2013 12MP+12MP\/8MP \u2013 4410mAh \u2013 12-month warranty (new)"},"content":{"rendered":"<h2 style=\"font-size: 85%;\"><strong>Sp\u00e9cification du Pixel 6a<\/strong><\/h2>\n<p style=\"font-size: 60%;\">-Marque: GOOGLE<br \/>\n-Mod\u00e8le: Pixel 6a<br \/>\n-Sortie: juillet 2022<\/p>\n<p style=\"font-size: 60%;\">\u2022<strong>CARACT\u00c9RISTIQUES PHYSIQUES:<\/strong><br \/>\n-Dimensions: 152.2\u00d771.8\u00d78.9 mm<br \/>\n-Poids: 178 gr<br \/>\n-Carte SIM: Nano-SIM et eSIM<br \/>\n-Mat\u00e9riaux: Fa\u00e7ade en verre, arri\u00e8re en plastique et cadre m\u00e9tallique<br \/>\n-Couleur: blanc, noir, vert<\/p>\n<p style=\"font-size: 60%;\">\u2022<strong>ECRAN et AFFICHAGE:<\/strong><br \/>\n-Type: OLED<br \/>\n-Taille: 6.1 pouces<br \/>\n-R\u00e9solution: 1080\u00d72400 pixels<br \/>\n-Fr\u00e9quence d&rsquo;affichage: 90Hz<br \/>\n-Protection: Verre Gorilla 3<\/p>\n<p style=\"font-size: 60%;\">\u2022<strong>PLATEFORME:<\/strong><br \/>\n-Syst\u00e8me d`exploitation: Android 12 extensible \u00e0 14<br \/>\n-Navigateur Web: HTML5<br \/>\n-Chipset: Google Tensor (5 nm)<br \/>\n-Processeur (CPU): Octa-core (2\u00d72.80 GHz Cortex-X1 &amp; 2\u00d72.25 GHz Cortex-A76 &amp; 4\u00d71.80 GHz Cortex-A55)<br \/>\n-Processeur graphique (GPU): Mali-G78 MP20<\/p>\n<p style=\"font-size: 60%;\">\u2022<strong>R\u00c9SEAU et CONNECTIVIT\u00c9:<\/strong><br \/>\n-R\u00e9seau cellulaire: GSM\/HSPA\/LTE\/5G<br \/>\n-WLAN: Wifi 802.11 a\/b\/g\/n\/ac\/6e; Dual band, Hotspot<br \/>\n-Bluetooth: 5.2, A2DP, LE<br \/>\n-Localisation: GPS, GLONASS, GALILEO,BDS<br \/>\n-NFC: oui<br \/>\n-USB: Type-C 3.1<br \/>\n-Capteurs: empreinte digitale (mont\u00e9e sous l&rsquo;\u00e9cran), acc\u00e9l\u00e9rom\u00e8tre, proximit\u00e9<\/p>\n<p style=\"font-size: 60%;\">\u2022<strong>MEMOIRE et STOCKAGE:<\/strong><br \/>\n-M\u00e9moire interne: 128GB 6GB RAM<br \/>\n-Carte m\u00e9moire: non<\/p>\n<p style=\"font-size: 60%;\">\u2022<strong>PHOTO et VIDEO:<\/strong><br \/>\n-Camera Arri\u00e8re: 12,2MP+12MP<br \/>\nFlash arri\u00e8re LED, auto-HDR, panorama<br \/>\nVideo: 4K \u00e0 30\/60ips, 1080p \u00e0 30\/60\/120\/240ips<br \/>\n-Camera Avant: 8MP<br \/>\nAuto-HDR<br \/>\nVideo:1080p \u00e0 30ips<\/p>\n<p style=\"font-size: 60%;\">\u2022<strong>AUDIO et SON:<\/strong><br \/>\n-Radio FM: non<br \/>\n-Haut parleur: oui avec st\u00e9r\u00e9o<br \/>\n-Prise Jack 3,5 mm: non<\/p>\n<p style=\"font-size: 60%;\">\u2022<strong>CHARGE et AUTONOMIE:<\/strong><br \/>\n-Batterie: Li-Po 4410mAh non amovible<br \/>\n-Mise en charge: 18w filaire<\/p>","protected":false},"excerpt":{"rendered":"<ul style=\"font-size: 70%;\">\n<li>Marque: <strong>GOOGLE<\/strong><\/li>\n<li>Mod\u00e8le: <strong>Pixel 6a<\/strong><\/li>\n<li>Taille d&rsquo;\u00e9cran:<strong> 6.1 pouces<\/strong><\/li>\n<li>Stockage: <strong>128<\/strong> <strong>Go\u00a0<\/strong><\/li>\n<li>M\u00e9moire vive:<strong> 6<\/strong>\u00a0<strong>Go\u00a0<\/strong><\/li>\n<li>Syst\u00e8me d\u2019exploitation: <strong>Android 12-14<\/strong><\/li>\n<li>Puces: <strong>nano sim et eSIM<\/strong><\/li>\n<li>Cam\u00e9ra arri\u00e8re:<strong> 12MP+12MP<\/strong><\/li>\n<li>Camera avant:<strong> 8MP<\/strong><\/li>\n<li>R\u00e9seau: <strong>2G, 3G, 4G, 5G<\/strong><\/li>\n<li>Connectivit\u00e9: <strong>Bluetooth, wifi, usb type-C<\/strong><\/li>\n<li>Batterie: <strong>4410\u00a0mAh<\/strong><\/li>\n<li>Couleur: <strong>noir, blanc, vert<\/strong><\/li>\n<\/ul>","protected":false},"featured_media":1328,"comment_status":"open","ping_status":"closed","template":"","meta":[],"product_brand":[],"product_cat":[67,30],"product_tag":[],"class_list":{"0":"post-1281","1":"product","2":"type-product","3":"status-publish","4":"has-post-thumbnail","6":"product_cat-tous-telephones","7":"product_cat-google-phone","9":"first","10":"instock","11":"shipping-taxable","12":"purchasable","13":"product-type-simple"},"jetpack_sharing_enabled":true,"_links":{"self":[{"href":"https:\/\/eltel.shop\/en\/wp-json\/wp\/v2\/product\/1281","targetHints":{"allow":["GET"]}}],"collection":[{"href":"https:\/\/eltel.shop\/en\/wp-json\/wp\/v2\/product"}],"about":[{"href":"https:\/\/eltel.shop\/en\/wp-json\/wp\/v2\/types\/product"}],"replies":[{"embeddable":true,"href":"https:\/\/eltel.shop\/en\/wp-json\/wp\/v2\/comments?post=1281"}],"wp:featuredmedia":[{"embeddable":true,"href":"https:\/\/eltel.shop\/en\/wp-json\/wp\/v2\/media\/1328"}],"wp:attachment":[{"href":"https:\/\/eltel.shop\/en\/wp-json\/wp\/v2\/media?parent=1281"}],"wp:term":[{"taxonomy":"product_brand","embeddable":true,"href":"https:\/\/eltel.shop\/en\/wp-json\/wp\/v2\/product_brand?post=1281"},{"taxonomy":"product_cat","embeddable":true,"href":"https:\/\/eltel.shop\/en\/wp-json\/wp\/v2\/product_cat?post=1281"},{"taxonomy":"product_tag","embeddable":true,"href":"https:\/\/eltel.shop\/en\/wp-json\/wp\/v2\/product_tag?post=1281"}],"curies":[{"name":"wp","href":"https:\/\/api.w.org\/{rel}","templated":true}]}}