{"id":10762,"date":"2026-03-30T13:25:04","date_gmt":"2026-03-30T12:25:04","guid":{"rendered":"https:\/\/eltel.shop\/?post_type=product&#038;p=10762"},"modified":"2026-03-31T19:34:52","modified_gmt":"2026-03-31T18:34:52","slug":"galaxy-z-fold7-5g-256gb-12gb-2","status":"publish","type":"product","link":"https:\/\/eltel.shop\/en\/boutique\/tous-telephones\/galaxy-z-fold7-5g-256gb-12gb-2\/","title":{"rendered":"Galaxy Z Fold7 5G &#8211; 512GB\/12GB &#8211; 200MP+12MP+10MP\/10MP+10MP &#8211; 4400mAh &#8211; garantie 25 mois (neuf)"},"content":{"rendered":"<h2 style=\"font-size: 90%; text-align: center;\"><strong>Sp\u00e9cification du Galaxy Z Fold 7 5G<\/strong><\/h2>\n<p style=\"font-size: 60%;\"><b>\u2022IDENTIFICATION:<\/b><br \/>\n&#8211; Marque: SAMSUNG<br \/>\n&#8211; Mod\u00e8le: Galaxy Z Fold 7<br \/>\n&#8211; Sortie: juillet 2025<br \/>\n<b><\/b><\/p>\n<p style=\"font-size: 60%;\"><b>\u2022PRESENTATION PHYSIQUE:<\/b><br \/>\n&#8211; Dimensions:<br \/>\n\u2022 D\u00e9pli\u00e9: 158.4\u00d7143.2\u00d74.2 mm<br \/>\n\u2022Pli\u00e9: 158.4\u00d772.8\u00d78.9 mm<br \/>\n&#8211; Poids: 215 gr<br \/>\n&#8211; Carte SIM: jusqu&rsquo;\u00e0\u00a0 2 Nano-SIM et multi eSIM<br \/>\n&#8211; Mat\u00e9riaux:<br \/>\n\u2022Pli\u00e9: fa\u00e7ade et arri\u00e8re en verre, cadre m\u00e9tallique<br \/>\n\u2022D\u00e9pli\u00e9: fa\u00e7ade et arri\u00e8re en verre, cadre en aluminium<br \/>\n&#8211; Certification: IP48 r\u00e9sistant \u00e0 la poussi\u00e8re, r\u00e9sistant \u00e0 l&rsquo;immersion jusqu&rsquo;\u00e0 1.5 m\u00e8tres pendant 30 minutes<br \/>\n&#8211; Couleur: ombre bleue, ombre argent\u00e9e, noir de jais, menthe<\/p>\n<p style=\"font-size: 60%;\"><b>\u2022ECRAN et AFFICHAGE:<\/b><br \/>\n&#8211; Type: Foldable Dynamic LTPO AMOLED 2X, 120Hz, HDR10+, 2600 nits (peak)<br \/>\n&#8211; Taille: 8 pouces<br \/>\n&#8211; R\u00e9solution: 1968\u00d72184 pixels<br \/>\n&#8211; Protection: Mohs niveau 1<br \/>\nAffichage Couverture:<br \/>\nDynamic LTPO AMOLED 2X, 120Hz, 2600 nits (peak), Corning Gorilla Glass Victus 2<br \/>\n6.5 pouces, 1080\u00d72520 pixels, 422 ppi<br \/>\n<b><\/b><\/p>\n<p style=\"font-size: 60%;\"><b>\u2022PLATEFORME:<\/b><br \/>\n&#8211; Syst\u00e8me d`exploitation: Android 16, One UI 8<br \/>\n&#8211; Navigateur Web: HTML5<br \/>\n&#8211; Chipset: Qualcomm SM8750-AC Snapdragon 8 Elite (3 nm)<br \/>\n&#8211; Processeur (CPU): 8-core (2\u00d74.47 GHz Oryon V2 Phoenix L &amp; 6\u00d73.53 GHz Oryon V2 Phoenix M)<br \/>\n&#8211; Processeur graphique (GPU): Adreno 730 (1200 Mhz)<br \/>\n<b><\/b><\/p>\n<p style=\"font-size: 60%;\"><b>\u2022R\u00c9SEAU et CONNECTIVIT\u00c9:<\/b><br \/>\n&#8211; R\u00e9seau cellulaire: GSM\/CDMA\/HSPA\/EVDO\/LTE\/5G<br \/>\n&#8211; WLAN: Wifi 802.11 a\/b\/g\/n\/ac\/6e; Tri band, Hotspot<br \/>\n&#8211; Bluetooth: 5.4, A2DP, LE, aptX HD<br \/>\n&#8211; Localisation: GPS, GLONASS, GALILEO, BDS<br \/>\n&#8211; NFC: oui<br \/>\n&#8211; USB: Type-C 3.1 OTG<br \/>\n&#8211; Capteurs: empreinte digitale (mont\u00e9e sur le c\u00f4t\u00e9), acc\u00e9l\u00e9rom\u00e8tre, proximit\u00e9, compass, barometer, gyro-EIS<br \/>\n<b><\/b><\/p>\n<p style=\"font-size: 60%;\"><b>\u2022MEMOIRE et STOCKAGE:<\/b><br \/>\n&#8211; M\u00e9moire interne: 256GB 12GB RAM, 512GB 12GB RAM, 1TB 12GB RAM, 1TB 16GB RAM<br \/>\n&#8211; Carte m\u00e9moire: non<br \/>\n<b><\/b><\/p>\n<p style=\"font-size: 60%;\"><b>\u2022PHOTO et VIDEO:<\/b><br \/>\n&#8211; Camera Arri\u00e8re: 200MP+10MP+12MP<br \/>\nFlash LED, HDR, panorama<br \/>\nVideo: 8K \u00e0 30 ips, 4K \u00e0 60 ips, 1080p \u00e0 60\/120\/240 ips (gyro-EIS), 720p \u00e0 960 ips (gyro-EIS), HDR10+<br \/>\n&#8211; Camera Avant: 10MP+10MP<br \/>\nHDR,<br \/>\nVideo: 4K \u00e0 30\/60 ips, 1080p \u00e0 30\/60 ips, gyro-EIS<br \/>\n<b><\/b><\/p>\n<p style=\"font-size: 60%;\"><b>\u2022AUDIO et SON:<\/b><br \/>\n&#8211; Radio FM: non<br \/>\n&#8211; Haut parleur: oui avec stereo<br \/>\n&#8211; Prise Jack 3,5 mm: non<br \/>\n<b><\/b><\/p>\n<p style=\"font-size: 60%;\"><b>\u2022CHARGE et AUTONOMIE:<\/b><br \/>\n&#8211; Batterie: Li-Po 4400mAh non amovible<br \/>\n&#8211; Mise en charge: 25w filaire, 15w sans fil, 4,5w invers\u00e9 sans fil<\/p>","protected":false},"excerpt":{"rendered":"<ul style=\"font-size: 70%;\">\n<li>Marque: <strong>SAMSUNG<\/strong><\/li>\n<li>Mod\u00e8le: <strong>Galaxy Z Fold 7<\/strong><\/li>\n<li>Taille d&rsquo;\u00e9cran:<strong> 8 pouces<\/strong><\/li>\n<li>Stockage: 512<strong>Go\u00a0<\/strong><\/li>\n<li>M\u00e9moire vive: <strong>12Go\u00a0<\/strong><\/li>\n<li>Syst\u00e8me d\u2019exploitation: <strong>Android 16; One UI 8<\/strong><\/li>\n<li>Puces: <strong>DUAL nano sim<\/strong><\/li>\n<li>Cam\u00e9ra arri\u00e8re:<strong> 200MP+10MP+12MP<\/strong><\/li>\n<li>Camera avant:<strong> 10MP+10MP<\/strong><\/li>\n<li>R\u00e9seau: <strong>2G, 3G, 4G, 5G<\/strong><\/li>\n<li>Connectivit\u00e9: <strong>Bluetooth, wifi, usb type C<\/strong><\/li>\n<li>Batterie:<strong> 4400mAh<\/strong><\/li>\n<li>Couleur: <strong>noir, bleu, gris<\/strong><\/li>\n<\/ul>","protected":false},"featured_media":10770,"comment_status":"open","ping_status":"closed","template":"","meta":[],"product_brand":[],"product_cat":[67,44],"product_tag":[],"class_list":{"0":"post-10762","1":"product","2":"type-product","3":"status-publish","4":"has-post-thumbnail","6":"product_cat-tous-telephones","7":"product_cat-samsung-phone","9":"first","10":"instock","11":"shipping-taxable","12":"product-type-simple"},"jetpack_sharing_enabled":true,"_links":{"self":[{"href":"https:\/\/eltel.shop\/en\/wp-json\/wp\/v2\/product\/10762","targetHints":{"allow":["GET"]}}],"collection":[{"href":"https:\/\/eltel.shop\/en\/wp-json\/wp\/v2\/product"}],"about":[{"href":"https:\/\/eltel.shop\/en\/wp-json\/wp\/v2\/types\/product"}],"replies":[{"embeddable":true,"href":"https:\/\/eltel.shop\/en\/wp-json\/wp\/v2\/comments?post=10762"}],"wp:featuredmedia":[{"embeddable":true,"href":"https:\/\/eltel.shop\/en\/wp-json\/wp\/v2\/media\/10770"}],"wp:attachment":[{"href":"https:\/\/eltel.shop\/en\/wp-json\/wp\/v2\/media?parent=10762"}],"wp:term":[{"taxonomy":"product_brand","embeddable":true,"href":"https:\/\/eltel.shop\/en\/wp-json\/wp\/v2\/product_brand?post=10762"},{"taxonomy":"product_cat","embeddable":true,"href":"https:\/\/eltel.shop\/en\/wp-json\/wp\/v2\/product_cat?post=10762"},{"taxonomy":"product_tag","embeddable":true,"href":"https:\/\/eltel.shop\/en\/wp-json\/wp\/v2\/product_tag?post=10762"}],"curies":[{"name":"wp","href":"https:\/\/api.w.org\/{rel}","templated":true}]}}