{"id":10708,"date":"2026-03-26T19:58:45","date_gmt":"2026-03-26T18:58:45","guid":{"rendered":"https:\/\/eltel.shop\/?post_type=product&#038;p=10708"},"modified":"2026-03-31T07:38:33","modified_gmt":"2026-03-31T06:38:33","slug":"galaxy-s26-256gb-12gb","status":"publish","type":"product","link":"https:\/\/eltel.shop\/en\/boutique\/tous-telephones\/galaxy-s26-256gb-12gb\/","title":{"rendered":"Galaxy S26 &#8211; 256GB\/12GB- 50MP+10MP+12MP\/12MP &#8211; 4300mAh &#8211; garantie 24 mois (neuf)"},"content":{"rendered":"<h2 style=\"font-size: 90%; text-align: center;\"><strong>Sp\u00e9cification compl\u00e8te du Galaxy S26<\/strong><\/h2>\n<p style=\"font-size: 60%;\">\u2022<strong>IDENTIFICATION:<\/strong><br \/>\n&#8211; Marque: SAMSUNG<br \/>\n&#8211; Mod\u00e8le: Galaxy S26<br \/>\n&#8211; Sortie: mars 2026<\/p>\n<p style=\"font-size: 60%;\">\u2022<strong>CARACT\u00c9RISTIQUES PHYSIQUES:<\/strong><br \/>\n&#8211; Dimensions: 149.6\u00d771.7\u00d77.2 mm<br \/>\n&#8211; Poids: 167 gr<br \/>\n&#8211; Carte SIM: Nano-SIM et eSIM ou Dual SIM (2 Nano-SIMs and eSIM, dual stand-by)<br \/>\n&#8211; Mat\u00e9riaux: Fa\u00e7ade et arri\u00e8re en verre, cadre en aluminium<br \/>\n&#8211; Certification: IP68 \u00e9tanche \u00e0 la poussi\u00e8re, r\u00e9sistant \u00e0 l&rsquo;immersion jusqu&rsquo;\u00e0 1.5 m\u00e8tres pendant 30 minutes<br \/>\n&#8211; Couleur: violet cobalt, bleu ciel, ombre argent\u00e9e, noir, blanc, or rose<\/p>\n<p style=\"font-size: 60%;\">\u2022<strong>ECRAN et AFFICHAGE:<\/strong><br \/>\n&#8211; Type: Dynamic LTPO AMOLED 2X, 120Hz, HDR10+, 2600 nits (peak)<br \/>\n&#8211; Taille: 6,3 pouces<br \/>\n&#8211; R\u00e9solution: 1080\u00d72340 pixels<br \/>\n&#8211; Protection: Verre Gorilla Victus 2<\/p>\n<p style=\"font-size: 60%;\"><strong>\u2022PLATEFORME:<\/strong><br \/>\n&#8211; Syst\u00e8me d`exploitation: Android 16, \u00e9volutif jusqu&rsquo;aux 7 mises \u00e0 jour majeures One UI 8.5<br \/>\n&#8211; Navigateur Web: HTML5<br \/>\n&#8211; Chipset: Qualcomm SM8850-1-AD Snapdragon 8 Elite Gen 5 (3 nm);us\/cn<br \/>\nExynos 2600 (2 nm) pour le reste du monde<br \/>\n&#8211; Processeur (CPU): octo-core (2\u00d74.74 GHz Oryon V3 Phoenix L &amp; 6\u00d73.62 GHz Oryon V3 Phoenix M ) us\/cn<br \/>\ndeca-core (1\u00d73.80 GHz C1-Ultra; &amp; 3\u00d73.25 GHz C1-Pro 6\u00d72.75 GHz C1-Pro)<br \/>\n&#8211; Processeur graphique (GPU): Adreno 840 (1.3 GHz) &#8211; us\/cn<br \/>\nXclipse 960 &#8211; reste du monde<\/p>\n<p style=\"font-size: 60%;\">\u2022<strong>R\u00c9SEAU et CONNECTIVIT\u00c9<\/strong>:<br \/>\n&#8211; R\u00e9seau cellulaire: GSM\/HSPA\/CDMA\/EVDO\/LTE\/5G<br \/>\n&#8211; WLAN: Wifi 802.11 a\/b\/g\/n\/ac\/6e\/7; Tri-band, Wi-Fi direct, Hotspot<br \/>\n&#8211; Bluetooth: 5.4, A2DP, LE<br \/>\n&#8211; Localisation: GPS, GLONASS, GALILEO,BDS<br \/>\n&#8211; NFC: oui<br \/>\n&#8211; USB: Type-C 3.2, DisplayPort 1.2, OTG<br \/>\n&#8211; Capteurs: empreinte digitale (mont\u00e9e sous l&rsquo;\u00e9cran), acc\u00e9l\u00e9rom\u00e8tre, proximit\u00e9<\/p>\n<p style=\"font-size: 60%;\">\u2022<strong>MEMOIRE et STOCKAGE:<\/strong><br \/>\n&#8211; M\u00e9moire interne: 128GB 12GB RAM,\u00a0 256GB 12GB RAM<br \/>\n&#8211; Carte m\u00e9moire: non<\/p>\n<p style=\"font-size: 60%;\">\u2022<strong>PHOTO et VIDEO:<\/strong><br \/>\n&#8211; Camera Arri\u00e8re: 50MP+10MP+12MP<br \/>\nFlash arri\u00e8re LED, HDR, panorama<br \/>\nVideo: 8K \u00e0 24\/30ips, 4K \u00e0 30\/60ips, 1080p \u00e0 30\/60\/240ips, HDR10+, stereo sound rec., gyro-EIS<br \/>\n&#8211; Camera Avant: 12MP<br \/>\nDual video call, Auto-HDR, HDR10+<br \/>\nVideo: 4K \u00e0 30\/60ips, 1080p \u00e0 30ips<\/p>\n<p style=\"font-size: 60%;\"><strong>\u2022AUDIO et SON:<\/strong><br \/>\n&#8211; Radio Fm: non<br \/>\n&#8211; prise jack 3.5mm: non<br \/>\n&#8211; Haut parleur: oui avec st\u00e9r\u00e9o<\/p>\n<p style=\"font-size: 60%;\">\u2022<strong>CHARGE et AUTONOMIE:<\/strong><br \/>\n&#8211; Batterie: Li-Po 4300mAh non amovible<br \/>\n&#8211; Mise en charge: 25w filaire, 15w sans fil, 4,5 invers\u00e9 sans fil<\/p>","protected":false},"excerpt":{"rendered":"<ul style=\"font-size: 70%;\">\n<li>Marque: <strong>SAMSUNG<\/strong><\/li>\n<li>Mod\u00e8le: <strong>Galaxy S26\u00a0<\/strong><\/li>\n<li>Taille d&rsquo;\u00e9cran:<strong> 6,3 pouces<\/strong><\/li>\n<li>Stockage: <strong>256Go\u00a0<\/strong><\/li>\n<li>M\u00e9moire vive: <strong>12Go\u00a0<\/strong><\/li>\n<li>Syst\u00e8me d\u2019exploitation: <strong>Android 16; One UI 8.5<\/strong><\/li>\n<li>Puces:\u00a0\u00a0<strong>Nano-SIM<\/strong> &amp; <strong>e-SIM\u00a0<\/strong><\/li>\n<li>Cam\u00e9ra arri\u00e8re: <strong>50MP+10MP+12MP<\/strong><\/li>\n<li>Camera avant:<strong> 12MP<\/strong><\/li>\n<li>R\u00e9seau: <strong>2G, 3G, 4G, 5G<\/strong><\/li>\n<li>Connectivit\u00e9: <strong>Bluetooth, wifi, usb type C<\/strong><\/li>\n<li>Batterie:<strong> 4300mAh<\/strong><\/li>\n<li>Couleur: <strong>noir, violet, argent, bleu&#8230;.<\/strong><\/li>\n<\/ul>","protected":false},"featured_media":10775,"comment_status":"open","ping_status":"closed","template":"","meta":[],"product_brand":[],"product_cat":[67,44],"product_tag":[],"class_list":{"0":"post-10708","1":"product","2":"type-product","3":"status-publish","4":"has-post-thumbnail","6":"product_cat-tous-telephones","7":"product_cat-samsung-phone","9":"first","10":"instock","11":"shipping-taxable","12":"product-type-simple"},"jetpack_sharing_enabled":true,"_links":{"self":[{"href":"https:\/\/eltel.shop\/en\/wp-json\/wp\/v2\/product\/10708","targetHints":{"allow":["GET"]}}],"collection":[{"href":"https:\/\/eltel.shop\/en\/wp-json\/wp\/v2\/product"}],"about":[{"href":"https:\/\/eltel.shop\/en\/wp-json\/wp\/v2\/types\/product"}],"replies":[{"embeddable":true,"href":"https:\/\/eltel.shop\/en\/wp-json\/wp\/v2\/comments?post=10708"}],"wp:featuredmedia":[{"embeddable":true,"href":"https:\/\/eltel.shop\/en\/wp-json\/wp\/v2\/media\/10775"}],"wp:attachment":[{"href":"https:\/\/eltel.shop\/en\/wp-json\/wp\/v2\/media?parent=10708"}],"wp:term":[{"taxonomy":"product_brand","embeddable":true,"href":"https:\/\/eltel.shop\/en\/wp-json\/wp\/v2\/product_brand?post=10708"},{"taxonomy":"product_cat","embeddable":true,"href":"https:\/\/eltel.shop\/en\/wp-json\/wp\/v2\/product_cat?post=10708"},{"taxonomy":"product_tag","embeddable":true,"href":"https:\/\/eltel.shop\/en\/wp-json\/wp\/v2\/product_tag?post=10708"}],"curies":[{"name":"wp","href":"https:\/\/api.w.org\/{rel}","templated":true}]}}